{"id":879,"date":"2020-02-18T01:03:07","date_gmt":"2020-02-18T01:03:07","guid":{"rendered":"https:\/\/acreditare.md\/?page_id=879"},"modified":"2024-02-08T09:42:03","modified_gmt":"2024-02-08T07:42:03","slug":"organisme-de-certificare-a-produselor","status":"publish","type":"page","link":"https:\/\/acreditare.md\/ru\/documente\/documente-aplicabile-ea-ilac-iaf\/organisme-de-certificare-a-produselor\/","title":{"rendered":"Organisme de certificare a produselor"},"content":{"rendered":"<div class=\"wpb-content-wrapper\"><p>[vc_row][vc_column]<div class=\"porto-content-box featured-boxes wpb_content_element \"><div class=\"featured-box featured-box-primary  align-left\"><div class=\"box-content\" style=\"\">[vc_column_text]<\/p>\n<h2>Documente EA, IAF aplicabile standardului SM EN ISO\/CEI 17065:2013<\/h2>\n<ul>\n<li><a href=\"https:\/\/acreditare.md\/wp-content\/uploads\/2023\/11\/EA-3_02-Rev00-Accreditation-of-CBs-for-PDO-PGI-TSG.pdf\" target=\"_blank\" rel=\"noopener\"><strong>EA-3<\/strong>\/02 <strong>M<\/strong>:2022 EA policy for the accreditation of Certification Bodies providing certification of PDO, PGI and TSG<\/a><\/li>\n<li><a href=\"https:\/\/acreditare.md\/wp-content\/uploads\/2023\/11\/ea-2-17-m.pdf\" target=\"_blank\" rel=\"noopener\"><strong>EA-2<\/strong>\/17 <strong>M<\/strong>:2020 EA Document on Accreditation for Notification Purposes<\/a><\/li>\n<li><a href=\"https:\/\/european-accreditation.org\/wp-content\/uploads\/2018\/10\/ea-3-12-m.pdf\"><strong>EA-3<\/strong>\/12\u00a0<strong>M<\/strong>:2022 EA Policy for Accreditation of Organic Production Certification<\/a><\/li>\n<li><a href=\"https:\/\/acreditare.md\/wp-content\/uploads\/2023\/11\/IAF_MD_7_Issue_2_21022023.pdf\" target=\"_blank\" rel=\"noopener\"><strong>IAF MD7<\/strong>:2023 IAF Mandatory Document for the Harmonization of Sanctions and Dealing with Fraudulent Behaviour<\/a><\/li>\n<li><a href=\"https:\/\/acreditare.md\/wp-content\/uploads\/2023\/11\/IAF_MD12_2023_Issue2_Version2_14062023.pdf\" target=\"_blank\" rel=\"noopener\"><strong>IAF MD 12<\/strong>:2023 Accreditation Assessment of Conformity Assessment Bodies with Activities in Multiple Countries<\/a><\/li>\n<li><a href=\"https:\/\/acreditare.md\/wp-content\/uploads\/2023\/11\/IAF_MD_25_Criteria_for_the_Evaluation_of_CAS_Issue1_Version2_13062023.pdf\" target=\"_blank\" rel=\"noopener\"><strong>IAF MD 25<\/strong>:2023 Criteria for evaluation of Conformity Assessment Schemes<\/a><\/li>\n<li><a href=\"https:\/\/acreditare.md\/wp-content\/uploads\/2023\/11\/IAF_ML2_2023_MLA_Mark_Use_Issue_4_31052023-1.pdf\"><strong>IAF ML 2<\/strong>:2023 General Principles on the Use of the IAF MLA Mark\u00a0<\/a><\/li>\n<\/ul>\n<p><strong>Not\u0103<\/strong>: Versiunea \u00een limba rom\u00e2n\u0103 a documentelor indicate mai sus, poate fi solicitat\u0103 de la MOLDAC, \u00een scop numai de informare, deoarece traducerea acestora este neoficial\u0103.<\/p>\n<p>Totodat\u0103 v\u0103 comunic\u0103m, c\u0103 documentele obligatorii\u00a0EA\/ ILAC \/ IAF aplicabile schemei de acreditare sunt explicate de c\u0103tre formatorii MOLDAC \u00een cadrul instruirilor.[\/vc_column_text]<\/div><\/div><\/div>[\/vc_column][\/vc_row]<\/p>\n<\/div>","protected":false},"excerpt":{"rendered":"<p>[vc_row][vc_column][\/vc_column][\/vc_row]<\/p>\n","protected":false},"author":1,"featured_media":0,"parent":728,"menu_order":0,"comment_status":"closed","ping_status":"closed","template":"","meta":{"_acf_changed":false,"two_page_speed":[],"footnotes":""},"class_list":["post-879","page","type-page","status-publish","hentry"],"acf":[],"_links":{"self":[{"href":"https:\/\/acreditare.md\/ru\/wp-json\/wp\/v2\/pages\/879"}],"collection":[{"href":"https:\/\/acreditare.md\/ru\/wp-json\/wp\/v2\/pages"}],"about":[{"href":"https:\/\/acreditare.md\/ru\/wp-json\/wp\/v2\/types\/page"}],"author":[{"embeddable":true,"href":"https:\/\/acreditare.md\/ru\/wp-json\/wp\/v2\/users\/1"}],"replies":[{"embeddable":true,"href":"https:\/\/acreditare.md\/ru\/wp-json\/wp\/v2\/comments?post=879"}],"version-history":[{"count":12,"href":"https:\/\/acreditare.md\/ru\/wp-json\/wp\/v2\/pages\/879\/revisions"}],"predecessor-version":[{"id":8434,"href":"https:\/\/acreditare.md\/ru\/wp-json\/wp\/v2\/pages\/879\/revisions\/8434"}],"up":[{"embeddable":true,"href":"https:\/\/acreditare.md\/ru\/wp-json\/wp\/v2\/pages\/728"}],"wp:attachment":[{"href":"https:\/\/acreditare.md\/ru\/wp-json\/wp\/v2\/media?parent=879"}],"curies":[{"name":"wp","href":"https:\/\/api.w.org\/{rel}","templated":true}]}}