{"id":877,"date":"2020-02-18T00:56:56","date_gmt":"2020-02-18T00:56:56","guid":{"rendered":"https:\/\/acreditare.md\/?page_id=877"},"modified":"2026-03-25T12:01:06","modified_gmt":"2026-03-25T10:01:06","slug":"laboratoare-medicale","status":"publish","type":"page","link":"https:\/\/acreditare.md\/ru\/documente\/documente-aplicabile-ea-ilac-iaf\/laboratoare-medicale\/","title":{"rendered":"Laboratoare medicale"},"content":{"rendered":"<div class=\"wpb-content-wrapper\"><p>[vc_row][vc_column]<div class=\"porto-content-box featured-boxes wpb_content_element \"><div class=\"featured-box featured-box-primary  align-left\"><div class=\"box-content\" style=\"\">[vc_column_text]<\/p>\n<h2>Documente EA, ILAC aplicabile standardului SM EN ISO 15189:2022<\/h2>\n<ul>\n<li><a href=\"https:\/\/european-accreditation.org\/wp-content\/uploads\/2018\/10\/ea-2-17-m.pdf\" target=\"_blank\" rel=\"noopener noreferrer\"><strong>EA-2<\/strong>\/17\u00a0<strong>M<\/strong>:2020 EA Document on Accreditation for Notification Purposes<\/a><\/li>\n<li><a href=\"https:\/\/acreditare.md\/public\/files\/Documente_EA_ILAC_IAF\/LI_\/EA-4-14_-RO_Selectarea_si_utiliz_mater_de_ref.pdf\"><strong>EA-4<\/strong>\/14\u00a0<strong>INF<\/strong>:2003 Selec\u0163ia \u015fi Utilizarea Materialelor de Referin\u0163\u0103<\/a><\/li>\n<li><a href=\"https:\/\/european-accreditation.org\/wp-content\/uploads\/2018\/10\/ea-4-17-m-rev00-december-2008-rev.pdf\"><strong>EA-4<\/strong>\/17\u00a0<strong>M<\/strong>:2022 Description of scopes of accreditation for medical laboratories<\/a><\/li>\n<li><a href=\"https:\/\/european-accreditation.org\/wp-content\/uploads\/2018\/10\/EA-4-18.pdf\"><strong>EA-4<\/strong>\/18\u00a0<strong>G<\/strong>:2021 Guidance on the level and frequency of proficiency testing participation<\/a><\/li>\n<li><a href=\"https:\/\/european-accreditation.org\/wp-content\/uploads\/2018\/10\/ea-4-20-g-rev00-may-2015-rev.pdf\" target=\"_blank\" rel=\"noopener noreferrer\"><strong>EA-4<\/strong>\/20\u00a0<strong>G<\/strong>:2021 Guidance for the assessment of laboratories against EN ISO 15189 and EN ISO 22870 Point-of-Care Testing (POCT)\u00a0<\/a><\/li>\n<li><a href=\"https:\/\/european-accreditation.org\/wp-content\/uploads\/2018\/10\/ea-4-21-inf-rev00-march-18.pdf\" target=\"_blank\" rel=\"noopener noreferrer\"><strong>EA-4<\/strong>\/21\u00a0<strong>INF<\/strong>:2018\u00a0Guidelines for the assessment of the appropriateness of small interlaboratory comparisons within the process of laboratory accreditation<\/a><\/li>\n<li><a href=\"https:\/\/acreditare.md\/wp-content\/uploads\/2024\/06\/ILAC_P8_11_2023.pdf\" target=\"_blank\" rel=\"noopener noreferrer\"><strong>ILAC P8<\/strong>:11\/2023 ILAC Mutual Recognition Arrangement (Arrangement): Supplementary Requirements for the Use of Accreditation Symbols and for Claims of Accreditation Status by Accredited Conformity Assessment Bodies<\/a><\/li>\n<li><a href=\"https:\/\/acreditare.md\/wp-content\/uploads\/2024\/02\/ILAC_P9_01_2024.pdf\" target=\"_blank\" rel=\"noopener noreferrer\"><strong>ILAC P9<\/strong>:01\/2024 ILAC Policy for Proficiency Testing and\/or Interlaboratory comparisons other than Proficiency Testing<\/a><\/li>\n<li><a href=\"https:\/\/acreditare.md\/public\/files\/Documente_EA_ILAC_IAF\/LI_\/ILAC-P-10.pdf\" target=\"_blank\" rel=\"noopener noreferrer\"><strong>ILAC P10<\/strong>:07\/2020 ILAC Policy on Metrological Traceability of Measurement Results<\/a><\/li>\n<li><a href=\"https:\/\/acreditare.md\/wp-content\/uploads\/2026\/03\/ILAC_G19_06_2022.pdf\" target=\"_blank\" rel=\"noopener\"><strong>ILAC G19<\/strong>:08\/2022 Modules in a Forensic Science Process<\/a><\/li>\n<li><a href=\"https:\/\/acreditare.md\/wp-content\/uploads\/2022\/12\/ILAC_G24_2022-1.pdf\"><strong>ILAC<\/strong>\u00a0<strong>G24<\/strong>:2022 Guidelines for the determination of recalibration intervals of measuring equipment<\/a><\/li>\n<li><a href=\"https:\/\/acreditare.md\/public\/files\/Documente_EA_ILAC_IAF\/LM\/ILAC_G26_11_2018.pdf\" target=\"_blank\" rel=\"noopener noreferrer\"><strong>ILAC G26<\/strong>:11\/2018 Guidance for the Implementation of a Medical Accreditation Scheme<\/a><\/li>\n<\/ul>\n<p><strong>Not\u0103<\/strong>: Versiunea \u00een limba rom\u00e2n\u0103 a documentelor indicate mai sus, poate fi solicitat\u0103 de la MOLDAC, \u00een scop numai de informare, deoarece traducerea acestora este neoficial\u0103.<\/p>\n<p>Totodat\u0103 v\u0103 comunic\u0103m, c\u0103 documentele obligatorii\u00a0EA\/ ILAC \/ IAF aplicabile schemei de acreditare sunt explicate de c\u0103tre formatorii MOLDAC \u00een cadrul instruirilor.[\/vc_column_text]<\/div><\/div><\/div>[\/vc_column][\/vc_row]<\/p>\n<\/div>","protected":false},"excerpt":{"rendered":"<p>[vc_row][vc_column][\/vc_column][\/vc_row]<\/p>\n","protected":false},"author":1,"featured_media":0,"parent":728,"menu_order":0,"comment_status":"closed","ping_status":"closed","template":"","meta":{"_acf_changed":false,"two_page_speed":[],"footnotes":""},"class_list":["post-877","page","type-page","status-publish","hentry"],"acf":[],"_links":{"self":[{"href":"https:\/\/acreditare.md\/ru\/wp-json\/wp\/v2\/pages\/877"}],"collection":[{"href":"https:\/\/acreditare.md\/ru\/wp-json\/wp\/v2\/pages"}],"about":[{"href":"https:\/\/acreditare.md\/ru\/wp-json\/wp\/v2\/types\/page"}],"author":[{"embeddable":true,"href":"https:\/\/acreditare.md\/ru\/wp-json\/wp\/v2\/users\/1"}],"replies":[{"embeddable":true,"href":"https:\/\/acreditare.md\/ru\/wp-json\/wp\/v2\/comments?post=877"}],"version-history":[{"count":17,"href":"https:\/\/acreditare.md\/ru\/wp-json\/wp\/v2\/pages\/877\/revisions"}],"predecessor-version":[{"id":12534,"href":"https:\/\/acreditare.md\/ru\/wp-json\/wp\/v2\/pages\/877\/revisions\/12534"}],"up":[{"embeddable":true,"href":"https:\/\/acreditare.md\/ru\/wp-json\/wp\/v2\/pages\/728"}],"wp:attachment":[{"href":"https:\/\/acreditare.md\/ru\/wp-json\/wp\/v2\/media?parent=877"}],"curies":[{"name":"wp","href":"https:\/\/api.w.org\/{rel}","templated":true}]}}