{"id":748,"date":"2020-02-05T09:37:41","date_gmt":"2020-02-05T09:37:41","guid":{"rendered":"https:\/\/acreditare.md\/?page_id=748"},"modified":"2024-07-09T11:03:23","modified_gmt":"2024-07-09T08:03:23","slug":"lista-organizatorilor-pt","status":"publish","type":"page","link":"https:\/\/acreditare.md\/ru\/documente\/lista-organizatorilor-pt\/","title":{"rendered":"\u0421\u043f\u0438\u0441\u043e\u043a \u043e\u0440\u0433\u0430\u043d\u0438\u0437\u0430\u0442\u043e\u0440\u043e\u0432"},"content":{"rendered":"<div class=\"wpb-content-wrapper\"><p>[vc_row][vc_column]<div class=\"porto-content-box featured-boxes wpb_content_element \"><div class=\"featured-box featured-box-primary  align-left\"><div class=\"box-content\" style=\"\">[vc_column_text]<strong>ORGANIZATORII \u00ceNCERC\u0102RILOR DE COMPETEN\u0162\u0102 SUNT LISTA\u021aI<\/strong><br \/>\n<strong>\u00ceN BAZA DE DATE INDICAT\u0102 MAI JOS, ACCES\u00c2ND LINKUL:<\/strong><br \/>\nProficiency Testing Information System \u2013 Database of Proficiency Testing Schemes<br \/>\n<a href=\"https:\/\/www.eptis.org\">https:\/\/www.eptis.org<\/a>[\/vc_column_text]<\/div><\/div><\/div>[\/vc_column][\/vc_row]<\/p>\n<\/div>","protected":false},"excerpt":{"rendered":"<p>[vc_row][vc_column][\/vc_column][\/vc_row]<\/p>\n","protected":false},"author":1,"featured_media":0,"parent":445,"menu_order":0,"comment_status":"closed","ping_status":"closed","template":"","meta":{"_acf_changed":false,"two_page_speed":[],"footnotes":""},"class_list":["post-748","page","type-page","status-publish","hentry"],"acf":[],"_links":{"self":[{"href":"https:\/\/acreditare.md\/ru\/wp-json\/wp\/v2\/pages\/748"}],"collection":[{"href":"https:\/\/acreditare.md\/ru\/wp-json\/wp\/v2\/pages"}],"about":[{"href":"https:\/\/acreditare.md\/ru\/wp-json\/wp\/v2\/types\/page"}],"author":[{"embeddable":true,"href":"https:\/\/acreditare.md\/ru\/wp-json\/wp\/v2\/users\/1"}],"replies":[{"embeddable":true,"href":"https:\/\/acreditare.md\/ru\/wp-json\/wp\/v2\/comments?post=748"}],"version-history":[{"count":11,"href":"https:\/\/acreditare.md\/ru\/wp-json\/wp\/v2\/pages\/748\/revisions"}],"predecessor-version":[{"id":9735,"href":"https:\/\/acreditare.md\/ru\/wp-json\/wp\/v2\/pages\/748\/revisions\/9735"}],"up":[{"embeddable":true,"href":"https:\/\/acreditare.md\/ru\/wp-json\/wp\/v2\/pages\/445"}],"wp:attachment":[{"href":"https:\/\/acreditare.md\/ru\/wp-json\/wp\/v2\/media?parent=748"}],"curies":[{"name":"wp","href":"https:\/\/api.w.org\/{rel}","templated":true}]}}