{"id":736,"date":"2020-02-05T09:35:13","date_gmt":"2020-02-05T09:35:13","guid":{"rendered":"https:\/\/acreditare.md\/?page_id=736"},"modified":"2026-04-03T15:58:21","modified_gmt":"2026-04-03T12:58:21","slug":"domeniul-de-competenta-moldac","status":"publish","type":"page","link":"https:\/\/acreditare.md\/ru\/documente\/domeniul-de-competenta-moldac\/","title":{"rendered":"\u041e\u0431\u043b\u0430\u0441\u0442\u044c \u043a\u043e\u043c\u043f\u0435\u0442\u0435\u043d\u0446\u0438\u0438  MOLDAC"},"content":{"rendered":"<div class=\"wpb-content-wrapper\"><p>[vc_row][vc_column][vc_column_text css=&#8221;&#8221;]<\/p>\n<ol>\n<li>\n<h5><strong><a href=\"https:\/\/acreditare.md\/wp-content\/uploads\/2026\/04\/01-A-2-Domeniul-de-competenta-LI-ed.22.pdf\" target=\"_blank\" rel=\"noopener noreferrer\">Domeniul de competen\u0163\u0103 L\u00ce<\/a><\/strong><\/h5>\n<\/li>\n<li>\n<h5><a href=\"https:\/\/acreditare.md\/wp-content\/uploads\/2022\/07\/02-A-2-Domeniul-de-competenta-LE-ed.6.pdf\"><strong>Domeniul de competen\u0163\u0103 LE<\/strong><\/a><\/h5>\n<\/li>\n<li>\n<h5><a href=\"https:\/\/acreditare.md\/wp-content\/uploads\/2022\/09\/03-A-2-Domeniul-de-competenta-LM-ed-6.1.pdf\"><strong>Domeniul de competen\u0163\u0103 LM<\/strong><\/a><\/h5>\n<\/li>\n<li>\n<h5><a href=\"https:\/\/acreditare.md\/wp-content\/uploads\/2023\/04\/04-A-2-Domeniul-de-competenta-OI-ML-ed.8.pdf\"><strong>Domeniul de competen\u0163\u0103 OI-ML<\/strong><\/a><\/h5>\n<\/li>\n<li>\n<h5><strong><a href=\"https:\/\/acreditare.md\/wp-content\/uploads\/2025\/10\/05-A-2-Domeniul-de-competenta-OCpr-ed-8.pdf\" target=\"_blank\" rel=\"noopener noreferrer\">Domeniul de competen\u0163\u0103 OCpr<\/a><\/strong><\/h5>\n<\/li>\n<li>\n<h5><strong><a href=\"https:\/\/acreditare.md\/wp-content\/uploads\/2025\/11\/06-A-2-Domeniul-de-competenta-OCsmc-ed-7.pdf\" target=\"_blank\" rel=\"noopener noreferrer\">Domeniul de competen\u0163\u0103 OCsmc<\/a><\/strong><\/h5>\n<\/li>\n<li>\n<h5><a href=\"https:\/\/acreditare.md\/wp-content\/uploads\/2026\/03\/10-A-2-Domeniul-de-competenta-OCsmm-ed-2.pdf\" target=\"_blank\" rel=\"noopener\"><strong>Domeniul de competen\u0163\u0103 OCsmm<\/strong><\/a><\/h5>\n<\/li>\n<li>\n<h5><a href=\"https:\/\/acreditare.md\/wp-content\/uploads\/2024\/07\/11-A-2-Domeniul-de-competenta-OCsmam-ed-1.pdf\" target=\"_blank\" rel=\"noopener\"><strong>Domeniul de competen\u0163\u0103 OCsmam<\/strong><\/a><\/h5>\n<\/li>\n<li>\n<h5><a href=\"https:\/\/acreditare.md\/wp-content\/uploads\/2025\/11\/12-A-2-Domeniul-de-competenta-OCsmssm-ed-2.pdf\" target=\"_blank\" rel=\"noopener\"><strong>Domeniul de competen\u0163\u0103 OCsmssm<\/strong><\/a><\/h5>\n<\/li>\n<li>\n<h5><strong><a href=\"https:\/\/acreditare.md\/wp-content\/uploads\/2024\/09\/07-A-2-Domeniul-de-competenta-OCsmsa-ed-5.pdf\" target=\"_blank\" rel=\"noopener noreferrer\">Domeniul de competen\u0163\u0103 OCsmsa<\/a><\/strong><\/h5>\n<\/li>\n<li>\n<h5><a href=\"https:\/\/acreditare.md\/wp-content\/uploads\/2024\/02\/08-A-2-Domeniul-de-competenta-OI-NDT-OI-ed.9.pdf\"><strong>Domeniul de competen\u0163\u0103 OI\/NDT-OI<\/strong><\/a><\/h5>\n<\/li>\n<li>\n<h5><strong><a href=\"https:\/\/acreditare.md\/wp-content\/uploads\/2025\/01\/09-A-2-Domeniul-de-competenta-OCP-ed-2.pdf\" target=\"_blank\" rel=\"noopener noreferrer\">Domeniul de certificare personal<\/a><\/strong><\/h5>\n<\/li>\n<\/ol>\n<p>[\/vc_column_text][\/vc_column][\/vc_row]<\/p>\n<\/div>","protected":false},"excerpt":{"rendered":"<p>[vc_row][vc_column][vc_column_text css=&#8221;&#8221;] Domeniul de competen\u0163\u0103 L\u00ce Domeniul de competen\u0163\u0103 LE Domeniul de competen\u0163\u0103 LM Domeniul de competen\u0163\u0103 OI-ML Domeniul de competen\u0163\u0103 OCpr Domeniul de competen\u0163\u0103 OCsmc Domeniul de competen\u0163\u0103 OCsmm Domeniul de competen\u0163\u0103 OCsmam Domeniul de competen\u0163\u0103 OCsmssm Domeniul de competen\u0163\u0103 OCsmsa Domeniul de competen\u0163\u0103 OI\/NDT-OI Domeniul de certificare personal [\/vc_column_text][\/vc_column][\/vc_row]<\/p>\n","protected":false},"author":1,"featured_media":0,"parent":445,"menu_order":0,"comment_status":"closed","ping_status":"closed","template":"","meta":{"_acf_changed":false,"two_page_speed":[],"footnotes":""},"class_list":["post-736","page","type-page","status-publish","hentry"],"acf":[],"_links":{"self":[{"href":"https:\/\/acreditare.md\/ru\/wp-json\/wp\/v2\/pages\/736"}],"collection":[{"href":"https:\/\/acreditare.md\/ru\/wp-json\/wp\/v2\/pages"}],"about":[{"href":"https:\/\/acreditare.md\/ru\/wp-json\/wp\/v2\/types\/page"}],"author":[{"embeddable":true,"href":"https:\/\/acreditare.md\/ru\/wp-json\/wp\/v2\/users\/1"}],"replies":[{"embeddable":true,"href":"https:\/\/acreditare.md\/ru\/wp-json\/wp\/v2\/comments?post=736"}],"version-history":[{"count":47,"href":"https:\/\/acreditare.md\/ru\/wp-json\/wp\/v2\/pages\/736\/revisions"}],"predecessor-version":[{"id":12626,"href":"https:\/\/acreditare.md\/ru\/wp-json\/wp\/v2\/pages\/736\/revisions\/12626"}],"up":[{"embeddable":true,"href":"https:\/\/acreditare.md\/ru\/wp-json\/wp\/v2\/pages\/445"}],"wp:attachment":[{"href":"https:\/\/acreditare.md\/ru\/wp-json\/wp\/v2\/media?parent=736"}],"curies":[{"name":"wp","href":"https:\/\/api.w.org\/{rel}","templated":true}]}}