{"id":6864,"date":"2022-09-08T14:46:25","date_gmt":"2022-09-08T11:46:25","guid":{"rendered":"https:\/\/acreditare.md\/?page_id=6864"},"modified":"2026-03-23T16:11:45","modified_gmt":"2026-03-23T14:11:45","slug":"traning","status":"publish","type":"page","link":"https:\/\/acreditare.md\/ru\/despre-2\/traning\/","title":{"rendered":"\u041e\u0431\u0443\u0447\u0435\u043d\u0438\u0435"},"content":{"rendered":"<div class=\"wpb-content-wrapper\"><p>[vc_row wrap_container=&#8221;yes&#8221; el_class=&#8221;p-b-md&#8221;][vc_column el_class=&#8221;info-box-small-wrap&#8221;][vc_row_inner][vc_column_inner width=&#8221;1\/2&#8243;][vc_toggle title=&#8221;Laboratoare de \u00eencercari\/etalon\u0103ri&#8221; css=&#8221;&#8221; show_icon=&#8221;yes&#8221; icon_type=&#8221;image&#8221; icon_image=&#8221;597&#8243;]<\/p>\n<ol>\n<li>Cerin\u021bele standardului <strong>SM EN ISO\/IEC 17025:2018<\/strong> \u201eCerin\u0163e generale pentru competen\u021ba laboratoarelor de \u00eencerc\u0103ri \u015fi etalon\u0103ri\u201d. Cerin\u021bele documentelor EA, ILAC aplicabile pentru activit\u0103\u021bile L\u00ce. (2 zile)<\/li>\n<li>Formarea auditorilor interni \u00een conformitate cu SM EN ISO 19011:2018, \u201eGhid pentru\u00a0 auditarea\u00a0 sistemelor\u00a0 de\u00a0 management\u201d,\u00a0 pentru\u00a0 auditarea\u00a0 Sistemului\u00a0 de Management\u00a0 implementat\u00a0 conform\u00a0 <strong>SM\u00a0 EN\u00a0 ISO\/IEC\u00a0 17025:2018<\/strong>. \u201eActivit\u0103\u021bi neconforme. Stabilirea cauzelor. Corec\u021bii. Ac\u021biuni corective\u201d. (2 zile) (<em>participan\u021bii trebuie s\u0103 cunoasc\u0103 cerin\u021bele ISO\/IEC 17025<\/em>).<\/li>\n<li>Validarea\/verificarea metodelor \u0219i evaluarea incertitudinii de m\u0103surare, asigurarea validit\u0103\u021bii rezultatelor pentru \u00eencerc\u0103ri a materialelor de construc\u021bie. Raportarea declara\u021biilor de conformitate. Regula de decizie. (2 zile)<\/li>\n<li>Validarea\/verificarea metodelor \u0219i evaluarea incertitudinii de m\u0103surare, asigurarea validit\u0103\u021bii rezultatelor pentru \u00eencerc\u0103ri chimice. Raportarea declara\u021biilor de conformitate. Regula de decizie. (2 zile)<\/li>\n<li>Validarea\/verificarea metodelor \u0219i evaluarea incertitudinii de m\u0103surare, asigurarea validit\u0103\u021bii rezultatelor pentru \u00eencerc\u0103ri microbiologice. Raportarea declara\u021biilor de conformitate. Regula de decizie. (2 zile)<\/li>\n<li><strong>SM EN ISO\/IEC 17025:2018<\/strong>\u00a0 \u201eAsigurarea validit\u0103\u021bii rezultatelor\u201d.\u00a0 Politica ILAC P -09: 01\/2024, EA 4\/18G:2021, politica MOLDAC P -02. (2 zile)<\/li>\n<li><strong>SM EN ISO\/IEC 17025:2018<\/strong>\u00a0 6.4 \u201eEchipamente\u201d, 6.5 \u201eTrasabilitatea metrologic\u0103\u201d. Politica ILAC P -10: 07\/2020 privind trasabilitatea metrologic\u0103 a rezultatelor m\u0103sur\u0103rilor, Politica MOLDAC P-03, ILAC G 24:2022 (2 zile)<\/li>\n<\/ol>\n<p><strong><em>Not\u0103<\/em><\/strong><strong><em>:<\/em><\/strong> Instruirile indicate la punctele 1.3, 1.4, 1.5, vor fi organizate \u00een dependen\u021b\u0103 de disponibilitatea lectorilor.[\/vc_toggle][vc_toggle title=&#8221;Organisme de certificare sisteme de management al calit\u0103\u0163ii&#8221; css=&#8221;&#8221; show_icon=&#8221;yes&#8221; icon_type=&#8221;image&#8221; icon_image=&#8221;597&#8243;]<\/p>\n<ol>\n<li>Cerin\u021bele standardului <strong>SM SR EN ISO\/CEI 17021-1:2015<\/strong> \u201eEvaluarea conformit\u0103\u0163ii.\u00a0 Cerin\u0163e\u00a0 pentru\u00a0 organisme\u00a0 care\u00a0 efectueaz\u0103 audit\u00a0 \u015fi\u00a0 certificare\u00a0 ale sistemelor de management. Partea 1: Cerin\u0163e\u201d, <strong>SM EN ISO\/IEC 17021-3:2019<\/strong> \u201cEvaluarea conformit\u0103\u0163ii. Cerin\u0163e pentru organisme care efectuez\u0103 auditare \u015fi certificare ale sistemelor de management. Partea 3 Cerin\u021be de competen\u0163\u0103 pentru auditarea \u015fi certificarea sistemelor de management al calit\u0103\u0163ii\u201d. Cerin\u021bele documentelor EA, IAF aplicabile. (2 zile)<\/li>\n<li>Formarea auditorilor interni \u00een conformitate cu <strong>SM EN ISO 19011:2018<\/strong>, \u201eGhid pentru\u00a0 auditarea\u00a0 sistemelor\u00a0 de\u00a0 management\u201d,\u00a0 pentru\u00a0 auditarea Sistemului de Management implementat conform\u00a0 <strong>SM SR EN ISO\/CEI 17021-1:2015<\/strong>. (2 zile)<\/li>\n<\/ol>\n<p>[\/vc_toggle][vc_toggle title=&#8221;Organisme de inspec\u0163ie&#8221; css=&#8221;&#8221; show_icon=&#8221;yes&#8221; icon_type=&#8221;image&#8221; icon_image=&#8221;597&#8243;]<\/p>\n<ol>\n<li>Cerin\u021bele standardului <strong>SM EN ISO\/CEI 17020:2013<\/strong>\u201eEvaluarea conformit\u0103\u021bii. Cerin\u021be pentru func\u021bionarea diferitelor tipuri de organisme care efectueaz\u0103 inspec\u021bii\u201d cu elemente aplicabile din <strong>SM EN ISO\/IEC 17025:2018<\/strong> (capitol 6, 7). Cerin\u021bele documentelor EA, ILAC aplicabile pentru activit\u0103\u021bi OI. Formarea auditorilor interni \u00een conformitate cu cerin\u021bele standardului <strong>SM EN ISO 19011:2018<\/strong> \u201eGhid pentru auditarea sistemelor de management\u201d. (3 zile)<\/li>\n<li>Formarea auditorilor interni \u00een conformitate cu <strong>SM EN ISO 19011:2018<\/strong>, \u201eGhid pentru auditarea sistemelor de management\u201d, pentru auditarea Sistemului de Management implementat conform <strong>SM EN ISO\/CEI 17020:2013<\/strong>. \u201eActivit\u0103\u021bi neconforme. Stabilirea cauzelor. Corec\u021bii. Ac\u021biuni corective.\u201d (2 zile)<\/li>\n<li><span style=\"color: #0000ff;\">Cerin\u021bele standardului <strong>SM EN ISO\/CEI 17020:2013<\/strong>\u201eEvaluarea conformit\u0103\u021bii. Cerin\u021be pentru func\u021bionarea diferitelor tipuri de organisme care efectueaz\u0103 inspec\u021bii\u201d cu elemente aplicabile din <strong>SM EN ISO\/IEC 17025:2018<\/strong> (capitol 6, 7). Cerin\u021bele documentelor EA, ILAC aplicabile pentru activit\u0103\u021bi OI. (2 zile)<\/span><\/li>\n<li><strong>SM EN ISO\/CEI 17020:2013<\/strong> 6.2 \u201eEchipamente \u0219i facilit\u0103\u021bi\u201d. ILAC G 24:2022 Guidelines for the determination of recalibration intervals of measuring equipment. \u201eTrasabilitate metrologic\u0103\u201d Politica ILAC P-10: 07\/2020, politica MOLDAC P-03 (2 zile).<\/li>\n<\/ol>\n<p>[\/vc_toggle][\/vc_column_inner][vc_column_inner width=&#8221;1\/2&#8243;][vc_toggle title=&#8221;Laboratoare de \u00eencercari atestate&#8221; custom_font_container=&#8221;tag:h2|font_size:30|text_align:left|color:%230a0a0a&#8221; custom_use_theme_fonts=&#8221;yes&#8221; css=&#8221;&#8221; show_icon=&#8221;yes&#8221; icon_type=&#8221;image&#8221; use_custom_heading=&#8221;true&#8221; icon_image=&#8221;597&#8243;]<\/p>\n<ol>\n<li>Cerin\u021be generale privind atestarea laboratoarelor de \u00eencerc\u0103ri conform <strong>DG-05<\/strong>. Audit intern. (2 zile)<\/li>\n<li>Asigurarea validit\u0103\u021bii rezultatelor \u00eencerc\u0103rilor. (1 zi)<\/li>\n<\/ol>\n<p>[\/vc_toggle][vc_toggle title=&#8221;Laboratoare medicale&#8221; custom_font_container=&#8221;tag:h2|font_size:30|text_align:left|color:%230a0a0a&#8221; custom_use_theme_fonts=&#8221;yes&#8221; css=&#8221;&#8221; show_icon=&#8221;yes&#8221; icon_type=&#8221;image&#8221; use_custom_heading=&#8221;true&#8221; icon_image=&#8221;597&#8243;]<\/p>\n<ol>\n<li>Cerin\u021bele standardului <strong>SM EN ISO 15189:2022 <\/strong>\u201eLaboratoare medicale. Cerin\u0163e pentru calitate \u0219i competen\u021b\u0103\u201d. Cerin\u021bele documentelor EA, ILAC aplicabile pentru activit\u0103\u021bile LM. (2 zile)<\/li>\n<li>Formarea auditorilor interni\u00a0 \u00een conformitate cu SM EN ISO 19011:2018 ,,Ghid\u00a0 pentru\u00a0 auditarea\u00a0 sistemelor\u00a0 de\u00a0 management\u201d,\u00a0 pentru\u00a0 auditarea Sistemului de Management\u00a0 implementat conform SM EN\u00a0 ISO 15189:2022. \u201eActivit\u0103\u021bi neconforme. Stabilirea cauzelor. Corec\u021bii. Ac\u021biuni corective\u201d. (2\u00a0 zile) (<em>participan\u021bii trebuie s\u0103 cunoasc\u0103 cerin\u021bele ISO 15189)<\/em>.<\/li>\n<\/ol>\n<p>[\/vc_toggle][vc_toggle title=&#8221;Organisme de certificare produse&#8221; custom_font_container=&#8221;tag:h2|font_size:30|text_align:left|color:%230a0a0a&#8221; custom_use_theme_fonts=&#8221;yes&#8221; css=&#8221;&#8221; show_icon=&#8221;yes&#8221; icon_type=&#8221;image&#8221; use_custom_heading=&#8221;true&#8221; icon_image=&#8221;597&#8243;]<\/p>\n<ol>\n<li>Cerin\u021bele standardului <strong>SM EN\u00a0 ISO\/CEI\u00a0 17065:2013<\/strong> <em>\u201eEvaluarea\u00a0 conformit\u0103\u021bii. Cerin\u021be pentru organisme care certific\u0103 produse, procese \u015fi servicii\u201d<\/em> cu elemente aplicabile din <strong>SM EN ISO\/IEC\u00a0 17025:2018 \u0219i SM EN ISO\/CEI 17020:2013 (capitol 6, 7)<\/strong>. Cerin\u021bele documentelor EA, IAF aplicabile, precum \u0219i a altor standarde de referin\u021b\u0103 aplicabile. Formarea\u00a0 auditorilor\u00a0 interni\u00a0 \u00een\u00a0 conformitate\u00a0 cu <strong>SM EN\u00a0 ISO\u00a0 19011:2018<\/strong>\u00a0 <em>,,Ghid\u00a0 pentru auditarea\u00a0 sistemelor\u00a0 de\u00a0 management\u201d<\/em>. (3 zile)<\/li>\n<li>Formarea auditorilor interni \u00een conformitate cu <strong>SM EN ISO 19011:2018<\/strong>, \u201eGhid pentru auditarea\u00a0 sistemelor\u00a0 de\u00a0 management\u201d,\u00a0 pentru\u00a0 auditarea\u00a0 Sistemului\u00a0 de Management\u00a0 implementat\u00a0 conform\u00a0 <strong>SM\u00a0 EN\u00a0 ISO\/CEI 17065:2013<\/strong>. \u201eActivit\u0103\u021bi neconforme. Stabilirea cauzelor. Corec\u021bii. Ac\u021biuni corective.\u201d (2 zile)<\/li>\n<li><span style=\"color: #0000ff;\">Cerin\u021bele standardului <strong>SM EN ISO\/CEI 17065:2013<\/strong> \u201eEvaluarea conformit\u0103\u021bii. Cerin\u021be pentru organisme care certific\u0103 produse, procese \u015fi servicii\u201d cu elemente aplicabile din SM SR EN <strong>ISO\/CEI 17021-1:2015<\/strong> Evaluarea conformit\u0103\u021bii. Cerin\u021be pentru organisme care efectueaz\u0103 audit \u0219i certificaare ale sistemelor de management. Partea 1: Cerin\u021be. \u0219i <strong>SM ISO 22003-2:2023<\/strong> Siguran\u021ba alimentelor. Partea 2: Cerin\u021be pentru organismele care efectueaz\u0103 evaluarea \u0219i certificarea produselor, proceselor \u0219i serviciilor, inclusiv un audit al sistemului de management al siguran\u021bei alimentelor (2 zile).<\/span><\/li>\n<\/ol>\n<p>[\/vc_toggle][vc_toggle title=&#8221;Organisme de certificare sisteme de management al siguran\u0163ei alimentelor&#8221; custom_font_container=&#8221;tag:h2|font_size:30|text_align:left|color:%230a0a0a&#8221; custom_use_theme_fonts=&#8221;yes&#8221; css=&#8221;&#8221; show_icon=&#8221;yes&#8221; icon_type=&#8221;image&#8221; use_custom_heading=&#8221;true&#8221; icon_image=&#8221;597&#8243;]<\/p>\n<ol>\n<li>Cerin\u021bele standardului <strong>SM SR EN<\/strong> <strong>ISO\/CEI 17021-1:2015<\/strong> \u201eEvaluarea conformit\u0103\u021bii.\u00a0 Cerin\u021be\u00a0 pentru\u00a0 organisme\u00a0 care\u00a0 efectueaz\u0103 audit\u00a0 \u015fi\u00a0 certificare\u00a0 ale sistemelor de management. Partea 1: Cerin\u021be, \u201c<strong>SM ISO 22003-1:2023, <\/strong>\u201eSiguran\u0163a alimentelor. Partea 1: Cerin\u021be pentru organismele care efectueaz\u0103 audit \u015fi certificare a sistemelor de management al siguran\u0163ei alimentelor\u201d . Cerin\u021bele documentelor EA, IAF aplicabile. (2 zile)<\/li>\n<li>Formarea auditorilor interni \u00een conformitate cu <strong>SM EN ISO 19011:2018<\/strong>, \u201eGhid pentru\u00a0 auditarea\u00a0 sistemelor\u00a0 de\u00a0 management\u201d,\u00a0 pentru\u00a0 auditarea Sistemului de Management implementat conform\u00a0 <strong>SM SR EN ISO\/CEI 17021-1:2015<\/strong>. (2 zile)<\/li>\n<li>Cerin\u021bele standardului SM EN ISO\/CEI 17065:2013 Evaluarea conformit\u0103\u021bii. Cerin\u021be pentru organisme care certific\u0103 produse, procese \u015fi servicii, inclusiv cerin\u021bele din SM ISO 22003-2:2023 Siguran\u021ba alimentelor. Partea 2: Cerin\u021be pentru organismele care efectueaz\u0103 evaluarea \u0219i certificarea produselor, proceselor \u0219i serviciilor. Cerin\u021be c\u0103tre procesatorii de produse alimentare \u00een conformitate cu cerin\u021bele standardului SM EN ISO 22000:2018 \u201eSisteme de management al siguran\u021bei alimentelor. Cerin\u021be pentru orice organiza\u021bie din lan\u021bul alimentar\u201d, inclusiv principiile HACCP (Hazard Analysis and Critical Control Points). (2 zile)<\/li>\n<\/ol>\n<p>[\/vc_toggle][\/vc_column_inner][\/vc_row_inner][\/vc_column][\/vc_row][vc_row][vc_column][vc_column_text]<div style=\"display:none\" class=\"fm-form-container fm-theme9\"><div id=\"fm-pages6\" class=\"fm-pages wdform_page_navigation \" show_title=\"\" show_numbers=\"1\" type=\"none\"><\/div><form name=\"form6\" action=\"\/ru\/wp-json\/wp\/v2\/pages\/6864\" method=\"post\" id=\"form6\" class=\"fm-form form6  \" enctype=\"multipart\/form-data\"><input type=\"hidden\" id=\"fm_page_id6\" value=\"6864\" name=\"fm_page_id6\" \/><input type=\"hidden\" id=\"fm_current_post_type6\" value=\"page\" name=\"fm_current_post_type6\" \/><input type=\"hidden\" id=\"counter6\" value=\"14\" name=\"counter6\" \/><input type=\"hidden\" id=\"Itemid6\" value=\"\" name=\"Itemid6\" \/><input type=\"hidden\" id=\"fm_shake6\" value=\"1\" name=\"fm_shake6\" \/><input type=\"text\" class=\"fm-hide\" id=\"fm_empty_field_validation6\" value=\"\" name=\"fm_empty_field_validation6\" data-value=\"bd736efb144d599cf463541431fbf5c4\" \/><div class=\"wdform-page-and-images fm-form-builder\"><div id=\"6form_view1\" class=\"wdform_page\" page_title=\"Untitled page\" next_title=\"Next\" next_type=\"text\" next_class=\"wdform-page-button\" next_checkable=\"true\" previous_title=\"Previous\" previous_type=\"text\" previous_class=\"wdform-page-button\" previous_checkable=\"false\"><div class=\"wdform_section\"><div class=\"wdform_column\"><div wdid=\"11\" class=\"wdform_row\"><div type=\"type_name\" class=\"wdform-field wd-width-100 wd-flex wd-flex-row fm-type_name\" ><div class=\"wdform-label-section wd-width-30 wd-hidden  wd-flex-row\">    <label  for=\"wdform_11_element_first6\" class=\"wdform-label\">Nume(1)<\/label><\/div><div class=\"wdform-element-section wd-flex  wd-flex-row wd-width-100\" ><div class=\"wd-flex wd-flex-column wd-width-50\"><input type=\"text\" class=\"wd-width-100\" id=\"wdform_11_element_first6\" name=\"wdform_11_element_first6\" data-value=\"\" value=\"\" title=\"Nume\" placeholder=\"Nume\"  attribute=value \/><label class=\"mini_label\" for=\"wdform_11_element_first6\"><\/label><\/div><div class=\"wd-flex wd-flex-column wd-name-separator\"><\/div><div class=\"wd-flex wd-flex-column wd-width-50\"><input type=\"text\" class=\"wd-width-100\" id=\"wdform_11_element_last6\" name=\"wdform_11_element_last6\" data-value=\"\" value=\"\" title=\"Prenume\" placeholder=\"Prenume\"  attribute=value \/><label class=\"mini_label\" for=\"wdform_11_element_last6\"><\/label><\/div><\/div><\/div><\/div><\/div><div class=\"wdform_column\"><div wdid=\"5\" class=\"wdform_row\" style=\"position: relative; left: 0px; top: 0px;\"><div type=\"type_own_select\" class=\"wdform-field wd-width-100 wd-flex wd-flex-row fm-type_own_select\" ><div class=\"wdform-label-section wd-width-30 wd-hidden wdform_select wd-flex-row\" style=\"max-width: 100px;\">    <label  for=\"wdform_5_element6\" class=\"wdform-label\">Curs selectat<\/label><\/div><div class=\"wdform-element-section wd-flex wdform_select wd-flex-row wd-width-100\" ><select class=\"wd-width-100\" id=\"wdform_5_element6\" name=\"wdform_5_element6\" ><option value=\"Centrul de Instruire\" selected=\"selected\">Centrul de Instruire<\/option><option value=\"Laboratoare de \u00eencercari\" >Laboratoare de \u00eencercari<\/option><option value=\"Laboratoare de \u00eencercari atestate\" >Laboratoare de \u00eencercari atestate<\/option><option value=\"Laboratoare de etalon\u0103ri\" >Laboratoare de etalon\u0103ri<\/option><option value=\"Laboratoare medicale\" >Laboratoare medicale<\/option><option value=\"Organisme de certificare produse\" >Organisme de certificare produse<\/option><option value=\"Organisme de certificare sisteme de management al calit\u0103\u0163ii\" >Organisme de certificare sisteme de management al calit\u0103\u0163ii<\/option><option value=\"Organisme de certificare sisteme de management al siguran\u0163ei alimentelor\" >Organisme de certificare sisteme de management al siguran\u0163ei alimentelor<\/option><option value=\"Organisme de inspec\u0163ie\" >Organisme de inspec\u0163ie<\/option><\/select><\/div><\/div><\/div><div wdid=\"13\" class=\"wdform_row\" style=\"position: relative; left: 0px; top: 0px;\"><div type=\"type_phone_new\" class=\"wdform-field wd-width-100 wd-flex wd-flex-row fm-type_phone_new\" ><div class=\"wdform-label-section wd-width-30 wd-hidden tel\">    <label  for=\"wdform_13_element6\" class=\"wdform-label\">Telefon<\/label><span class=\"wdform-required\">*<\/span><\/div><div class=\"wdform-element-section wd-flex tel wd-width-100\" style=\"max-width: 600px;\"><input type=\"text\"                       class=\"wd-width-100\"                       id=\"wdform_13_element6\"                       name=\"wdform_13_element6\"                       value=\"\"                       data-value=\"\"                       placeholder=\"\"  \/><\/div><\/div><\/div><\/div><div class=\"wdform_column\"><div wdid=\"6\" class=\"wdform_row\" style=\"position: relative; left: 0px; top: 0px;\"><div type=\"type_submitter_mail\" class=\"wdform-field wd-width-100 wd-flex wd-flex-row fm-type_submitter_mail\" ><div class=\"wdform-label-section wd-width-30 wd-hidden  wd-flex-row\">    <label  for=\"wdform_6_element6\" class=\"wdform-label\">Email<\/label><\/div><div class=\"wdform-element-section wd-flex  wd-flex-row wd-width-100\" ><input type=\"text\" class=\"wd-width-100\" id=\"wdform_6_element6\" name=\"wdform_6_element6\" data-value=\"\" value=\"\" title=\"Email\" placeholder=\"Email\"   onchange=\"wd_check_email('6', '6', '\u042d\u0442\u043e \u043d\u0435 \u0430\u0434\u0440\u0435\u0441 \u044d\u043b\u0435\u043a\u0442\u0440\u043e\u043d\u043d\u043e\u0439 \u043f\u043e\u0447\u0442\u044b.')\" \/><\/div><\/div><\/div><\/div><div class=\"wdform_column\"><div wdid=\"12\" class=\"wdform_row\"><div type=\"type_text\" class=\"wdform-field wd-width-100 wd-flex wd-flex-row fm-type_text\" ><div class=\"wdform-label-section wd-width-30 wd-hidden  wd-flex-row wd-align-items-center\">    <label  for=\"wdform_12_element6\" class=\"wdform-label\">Limba de studiu<\/label><\/div><div class=\"wdform-element-section wd-flex  wd-flex-row wd-align-items-center wd-width-100\" ><input type=\"text\"                           class=\"wd-width-100\"                           id=\"wdform_12_element6\"                           name=\"wdform_12_element6\"                           value=\"\"                           data-value=\"\"                           title=\"Limba de studiu\"                           placeholder=\"Limba de studiu\"                                                       \/><\/div><\/div><\/div><\/div><div class=\"wdform_column\"><div wdid=\"9\" class=\"wdform_row\" style=\"position: relative; left: 0px; top: 0px;\"><div type=\"type_textarea\" class=\"wdform-field wd-width-100 wd-flex wd-flex-row fm-type_textarea\" ><div class=\"wdform-label-section wd-width-30 wd-hidden \">    <label  for=\"wdform_9_element6\" class=\"wdform-label\">Textarea<\/label><\/div><div class=\"wdform-element-section wd-flex  wd-width-100\" ><textarea class=\"wd-width-100\"                      id=\"wdform_9_element6\"                      name=\"wdform_9_element6\"                      placeholder=\"Mesaj\"                      data-value=\"\"                      maxlength=\"\"                      style=\"height: 100px;\"                      ><\/textarea><\/div><\/div><\/div><\/div><div class=\"wdform_column\"><div wdid=\"1\" class=\"wdform_row\" style=\"position: relative; left: 0px; top: 0px;\"><div type=\"type_submit_reset\" class=\"wdform-field wd-width-100 wd-flex wd-flex-column fm-type_submit_reset\" ><div class=\"wdform-element-section wd-flex  wd-flex-row wd-justify-content-left wd-width-100\" ><button  type=\"button\" class=\"button-submit\" onclick=\"fm_submit_form('6');\"  data-ajax=\"0\"><span class=\"fm-submit-loading spinner fm-ico-spinner\"><\/span>Trimite<\/button><button  type=\"button\" class=\"button-reset wd-hidden\" onclick=\"fm_reset_form(6);\" >Reset<\/button><\/div><\/div><\/div><\/div><\/div><div valign=\"top\" class=\"wdform_footer wd-width-100\"><div class=\"wd-width-100\"><div class=\"wd-width-100 wd-table\" style=\"padding-top:10px;\"><div class=\"wd-table-group\"><div id=\"6page_nav1\" class=\"wd-table-row\"><\/div><\/div><\/div><\/div><\/div><\/div><\/div><div class=\"wdform_preload\"><\/div><input type=\"hidden\" name=\"fm-current-page\" value=\"https:\/\/acreditare.md\/ru\/wp-json\/wp\/v2\/pages\/6864\" \/><\/form><\/div>[\/vc_column_text][\/vc_column][\/vc_row]<\/p>\n<\/div>","protected":false},"excerpt":{"rendered":"<p>[vc_row wrap_container=&#8221;yes&#8221; el_class=&#8221;p-b-md&#8221;][vc_column el_class=&#8221;info-box-small-wrap&#8221;][vc_row_inner][vc_column_inner width=&#8221;1\/2&#8243;][vc_toggle title=&#8221;Laboratoare de \u00eencercari\/etalon\u0103ri&#8221; css=&#8221;&#8221; show_icon=&#8221;yes&#8221; icon_type=&#8221;image&#8221; icon_image=&#8221;597&#8243;] Cerin\u021bele standardului SM EN ISO\/IEC 17025:2018 \u201eCerin\u0163e generale pentru competen\u021ba laboratoarelor de \u00eencerc\u0103ri \u015fi etalon\u0103ri\u201d. Cerin\u021bele documentelor EA, ILAC aplicabile pentru activit\u0103\u021bile L\u00ce. (2 zile) Formarea auditorilor interni \u00een conformitate cu SM EN ISO 19011:2018, \u201eGhid pentru\u00a0 auditarea\u00a0 sistemelor\u00a0 de\u00a0 management\u201d,\u00a0 pentru\u00a0 auditarea\u00a0 [&hellip;]<\/p>\n","protected":false},"author":1,"featured_media":0,"parent":365,"menu_order":0,"comment_status":"closed","ping_status":"closed","template":"","meta":{"_acf_changed":false,"two_page_speed":[],"footnotes":""},"class_list":["post-6864","page","type-page","status-publish","hentry"],"acf":[],"_links":{"self":[{"href":"https:\/\/acreditare.md\/ru\/wp-json\/wp\/v2\/pages\/6864"}],"collection":[{"href":"https:\/\/acreditare.md\/ru\/wp-json\/wp\/v2\/pages"}],"about":[{"href":"https:\/\/acreditare.md\/ru\/wp-json\/wp\/v2\/types\/page"}],"author":[{"embeddable":true,"href":"https:\/\/acreditare.md\/ru\/wp-json\/wp\/v2\/users\/1"}],"replies":[{"embeddable":true,"href":"https:\/\/acreditare.md\/ru\/wp-json\/wp\/v2\/comments?post=6864"}],"version-history":[{"count":21,"href":"https:\/\/acreditare.md\/ru\/wp-json\/wp\/v2\/pages\/6864\/revisions"}],"predecessor-version":[{"id":12523,"href":"https:\/\/acreditare.md\/ru\/wp-json\/wp\/v2\/pages\/6864\/revisions\/12523"}],"up":[{"embeddable":true,"href":"https:\/\/acreditare.md\/ru\/wp-json\/wp\/v2\/pages\/365"}],"wp:attachment":[{"href":"https:\/\/acreditare.md\/ru\/wp-json\/wp\/v2\/media?parent=6864"}],"curies":[{"name":"wp","href":"https:\/\/api.w.org\/{rel}","templated":true}]}}