{"id":569,"date":"2020-01-16T08:51:19","date_gmt":"2020-01-16T08:51:19","guid":{"rendered":"https:\/\/acreditare.md\/?page_id=569"},"modified":"2026-02-23T08:43:05","modified_gmt":"2026-02-23T06:43:05","slug":"prezentarea-generala","status":"publish","type":"page","link":"https:\/\/acreditare.md\/ru\/despre-2\/prezentarea-generala\/","title":{"rendered":"\u041e\u0431\u0449\u0430\u044f \u043f\u0440\u0435\u0437\u0435\u043d\u0442\u0430\u0446\u0438\u044f"},"content":{"rendered":"<div class=\"wpb-content-wrapper\"><p>[vc_row][vc_column width=&#8221;1\/4&#8243;]<div class=\"widget_sidebar_menu main-sidebar-menu wpb_custom_fa56fd63c3b694fcdb3812eb30a338f1\"><div class=\"widget-title\">MOLDAC<\/div><div class=\"sidebar-menu-wrap\"><ul id=\"menu-moldac-1\" class=\"sidebar-menu side-menu-columns\"><li id=\"nav-menu-item-821\" class=\"menu-item menu-item-type-post_type menu-item-object-page  narrow \"><a href=\"https:\/\/acreditare.md\/ru\/despre-2\/prezentarea-generala\/\">\u041e\u0431\u0449\u0430\u044f \u043f\u0440\u0435\u0437\u0435\u043d\u0442\u0430\u0446\u0438\u044f<\/a><\/li>\n<li id=\"nav-menu-item-823\" class=\"menu-item menu-item-type-post_type menu-item-object-page  narrow \"><a href=\"https:\/\/acreditare.md\/ru\/despre-2\/regulamente-moldac\/\">\u0420\u0435\u0433\u043b\u0430\u043c\u0435\u043d\u0442\u044b  MOLDAC<\/a><\/li>\n<li id=\"nav-menu-item-819\" class=\"menu-item menu-item-type-post_type menu-item-object-page  narrow \"><a href=\"https:\/\/acreditare.md\/ru\/despre-2\/organigrama\/\">\u041e\u0440\u0433\u0430\u043d\u0438\u0433\u0440\u0430\u043c\u043c\u0430<\/a><\/li>\n<li id=\"nav-menu-item-817\" class=\"menu-item menu-item-type-post_type menu-item-object-page  narrow \"><a href=\"https:\/\/acreditare.md\/ru\/despre-2\/colaborare-internationala\/\">\u041c\u0435\u0436\u0434\u0443\u043d\u0430\u0440\u043e\u0434\u043d\u043e\u0435 \u0421\u043e\u0442\u0440\u0443\u0434\u043d\u0438\u0447\u0435\u0441\u0442\u0432\u043e<\/a><\/li>\n<li id=\"nav-menu-item-820\" class=\"menu-item menu-item-type-post_type menu-item-object-page  narrow \"><a href=\"https:\/\/acreditare.md\/ru\/despre-2\/organisme-conexe\/\">\u0412\u0437\u0430\u0438\u043c\u043e\u0441\u0432\u044f\u0437\u0430\u043d\u043d\u044b\u0435 \u043e\u0440\u0433\u0430\u043d\u044b<\/a><\/li>\n<li id=\"nav-menu-item-822\" class=\"menu-item menu-item-type-post_type menu-item-object-page  narrow \"><a href=\"https:\/\/acreditare.md\/ru\/despre-2\/rapoarte\/\">\u041e\u0442\u0447\u0435\u0442\u044b<\/a><\/li>\n<li id=\"nav-menu-item-818\" class=\"menu-item menu-item-type-post_type menu-item-object-page  narrow \"><a href=\"https:\/\/acreditare.md\/ru\/despre-2\/lista-evaluatorilor\/\">\u0421\u043f\u0438\u0441\u043e\u043a \u043e\u0446\u0435\u043d\u0449\u0438\u043a\u043e\u0432<\/a><\/li>\n<\/ul><\/div><\/div>[\/vc_column][vc_column width=&#8221;3\/4&#8243;][vc_column_text css=&#8221;&#8221;]<\/p>\n<p style=\"font-weight: 400; text-align: justify;\"><strong>\u0410\u041a\u041a\u0420\u0415\u0414\u0418\u0422\u0410\u0426\u0418\u042f &#8211; \u041a\u041e\u041c\u041f\u0415\u0422\u0415\u041d\u0422\u041d\u041e\u0421\u0422\u042c \u0418 \u0414\u041e\u0412\u0415\u0420\u0418\u0415<\/strong><\/p>\n<p style=\"font-weight: 400; text-align: justify;\">\u00a0<strong>\u00a0<\/strong>\u00a0\u00a0 \u00a0 \u041d\u0430\u0446\u0438\u043e\u043d\u0430\u043b\u044c\u043d\u044b\u0439 \u0446\u0435\u043d\u0442\u0440 \u043f\u043e \u0430\u043a\u043a\u0440\u0435\u0434\u0438\u0442\u0430\u0446\u0438\u0438 \u0420\u0435\u0441\u043f\u0443\u0431\u043b\u0438\u043a\u0438 \u041c\u043e\u043b\u0434\u043e\u0432\u0430 (<strong>MOLDAC<\/strong>) \u2013 \u044d\u0442\u043e \u0433\u043e\u0441\u0443\u0434\u0430\u0440\u0441\u0442\u0432\u0435\u043d\u043d\u043e\u0435 \u0443\u0447\u0440\u0435\u0436\u0434\u0435\u043d\u0438\u0435, \u043a\u043e\u043d\u0442\u0440\u043e\u043b\u0438\u0440\u0443\u0435\u043c\u043e\u0435 \u0441\u043f\u0435\u0446\u0438\u0430\u043b\u0438\u0437\u0438\u0440\u043e\u0432\u0430\u043d\u043d\u044b\u043c \u043e\u0440\u0433\u0430\u043d\u043e\u043c \u0446\u0435\u043d\u0442\u0440\u0430\u043b\u044c\u043d\u043e\u0433\u043e \u043f\u0443\u0431\u043b\u0438\u0447\u043d\u043e\u0433\u043e \u0443\u043f\u0440\u0430\u0432\u043b\u0435\u043d\u0438\u044f, \u043e\u0442\u0432\u0435\u0447\u0430\u044e\u0449\u0438\u043c \u0437\u0430 \u0438\u043d\u0444\u0440\u0430\u0441\u0442\u0440\u0443\u043a\u0442\u0443\u0440\u0443 \u043a\u0430\u0447\u0435\u0441\u0442\u0432\u0430, \u0441\u043e\u0437\u0434\u0430\u043d\u043d\u043e\u0435 \u043d\u0430 \u043e\u0441\u043d\u043e\u0432\u0435 <strong><a href=\"https:\/\/www.legis.md\/cautare\/getResults?doc_id=148052&amp;lang=ru#\" target=\"_blank\" rel=\"noopener\">\u0417\u0430\u043a\u043e\u043d\u0430 \u2116 235 \u043e\u0442 01.12.2011 \u043e \u0434\u0435\u044f\u0442\u0435\u043b\u044c\u043d\u043e\u0441\u0442\u0438 \u043f\u043e \u0430\u043a\u043a\u0440\u0435\u0434\u0438\u0442\u0430\u0446\u0438\u0438 \u0438 \u043e\u0446\u0435\u043d\u043a\u0435 \u0441\u043e\u043e\u0442\u0432\u0435\u0442\u0441\u0442\u0432\u0438\u044f.<\/a><\/strong><\/p>\n<p style=\"font-weight: 400; text-align: justify;\">\u00a0 \u00a0 <strong>MOLDAC<\/strong> \u044f\u0432\u043b\u044f\u0435\u0442\u0441\u044f \u0435\u0434\u0438\u043d\u0441\u0442\u0432\u0435\u043d\u043d\u044b\u043c \u043d\u0430\u0446\u0438\u043e\u043d\u0430\u043b\u044c\u043d\u044b\u043c \u043e\u0440\u0433\u0430\u043d\u043e\u043c \u043f\u043e \u0430\u043a\u043a\u0440\u0435\u0434\u0438\u0442\u0430\u0446\u0438\u0438, \u0446\u0435\u043b\u044c\u044e \u043a\u043e\u0442\u043e\u0440\u043e\u0433\u043e \u044f\u0432\u043b\u044f\u0435\u0442\u0441\u044f \u0432\u043d\u0435\u0434\u0440\u0435\u043d\u0438\u0435 \u0433\u043e\u0441\u0443\u0434\u0430\u0440\u0441\u0442\u0432\u0435\u043d\u043d\u043e\u0439 \u043f\u043e\u043b\u0438\u0442\u0438\u043a\u0438 \u0432 \u043e\u0431\u043b\u0430\u0441\u0442\u0438 \u0430\u043a\u043a\u0440\u0435\u0434\u0438\u0442\u0430\u0446\u0438\u0438 \u0438 \u043e\u0446\u0435\u043d\u043a\u0435 \u0441\u043e\u043e\u0442\u0432\u0435\u0442\u0441\u0442\u0432\u0438\u044f, \u043f\u0443\u0442\u0435\u043c \u043e\u0431\u0435\u0441\u043f\u0435\u0447\u0435\u043d\u0438\u044f \u0434\u043e\u0432\u0435\u0440\u0438\u044f \u043a \u0442\u0435\u0445\u043d\u0438\u0447\u0435\u0441\u043a\u043e\u0439 \u043a\u043e\u043c\u043f\u0435\u0442\u0435\u043d\u0442\u043d\u043e\u0441\u0442\u0438, \u0431\u0435\u0441\u043f\u0440\u0438\u0441\u0442\u0440\u0430\u0441\u0442\u043d\u043e\u0441\u0442\u0438 \u0438 \u0446\u0435\u043b\u043e\u0441\u0442\u043d\u043e\u0441\u0442\u0438 \u0430\u043a\u043a\u0440\u0435\u0434\u0438\u0442\u043e\u0432\u0430\u043d\u043d\u044b\u0445 \u043e\u0440\u0433\u0430\u043d\u043e\u0432 \u043f\u043e \u043e\u0446\u0435\u043d\u043a\u0435 \u0441\u043e\u043e\u0442\u0432\u0435\u0442\u0441\u0442\u0432\u0438\u044f, \u0430 \u0442\u0430\u043a\u0436\u0435 \u043f\u0440\u043e\u0434\u0432\u0438\u0436\u0435\u043d\u0438\u0435 \u0441\u0432\u043e\u0431\u043e\u0434\u043d\u043e\u0433\u043e \u043f\u0435\u0440\u0435\u0434\u0432\u0438\u0436\u0435\u043d\u0438\u044f \u043f\u0440\u043e\u0434\u0443\u043a\u0446\u0438\u0438, \u0441\u043f\u043e\u0441\u043e\u0431\u0441\u0442\u0432\u043e\u0432\u0430\u043d\u0438\u0435 \u0440\u043e\u0441\u0442\u0443 \u043a\u043e\u043d\u043a\u0443\u0440\u0435\u043d\u0442\u043e\u0441\u043f\u043e\u0441\u043e\u0431\u043d\u043e\u0441\u0442\u0438 \u043f\u0440\u043e\u0434\u0443\u043a\u0446\u0438\u0438 \u0438 \u0443\u0441\u043b\u0443\u0433, \u0437\u0430\u0449\u0438\u0442\u0430 \u043f\u0440\u0430\u0432 \u0438 \u0438\u043d\u0442\u0435\u0440\u0435\u0441\u043e\u0432 \u043f\u043e\u0442\u0440\u0435\u0431\u0438\u0442\u0435\u043b\u0435\u0439, \u043e\u0431\u0435\u0441\u043f\u0435\u0447\u0435\u043d\u0438\u0435 \u0437\u0430\u0449\u0438\u0442\u044b \u0436\u0438\u0437\u043d\u0438, \u0437\u0434\u043e\u0440\u043e\u0432\u044c\u044f \u0438 \u0431\u0435\u0437\u043e\u043f\u0430\u0441\u043d\u043e\u0441\u0442\u0438 \u0444\u0438\u0437\u0438\u0447\u0435\u0441\u043a\u0438\u0445 \u043b\u0438\u0446 \u0438 \u043e\u043a\u0440\u0443\u0436\u0430\u044e\u0449\u0435\u0439 \u0441\u0440\u0435\u0434\u044b.<\/p>\n<p style=\"font-weight: 400; text-align: justify;\">\u00a0 \u00a0 \u00a0 <strong>MOLDAC<\/strong> \u043e\u0441\u0443\u0449\u0435\u0441\u0442\u0432\u043b\u044f\u0435\u0442 \u0441\u0432\u043e\u044e \u0434\u0435\u044f\u0442\u0435\u043b\u044c\u043d\u043e\u0441\u0442\u044c \u0432 \u0441\u043e\u043e\u0442\u0432\u0435\u0442\u0441\u0442\u0432\u0438\u0438 \u0441 \u041a\u043e\u043d\u0441\u0442\u0438\u0442\u0443\u0446\u0438\u0435\u0439 \u0420\u0435\u0441\u043f\u0443\u0431\u043b\u0438\u043a\u0438 \u041c\u043e\u043b\u0434\u043e\u0432\u0430, \u0437\u0430\u043a\u043e\u043d\u043e\u0434\u0430\u0442\u0435\u043b\u044c\u043d\u044b\u043c\u0438 \u0430\u043a\u0442\u0430\u043c\u0438, \u0443\u043a\u0430\u0437\u0430\u043c\u0438 \u043f\u0440\u0435\u0437\u0438\u0434\u0435\u043d\u0442\u0430 \u0420\u0435\u0441\u043f\u0443\u0431\u043b\u0438\u043a\u0438 \u041c\u043e\u043b\u0434\u043e\u0432\u0430, \u043f\u0440\u0438\u043a\u0430\u0437\u0430\u043c\u0438, \u043d\u043e\u0440\u043c\u0430\u0442\u0438\u0432\u043d\u044b\u043c\u0438 \u0430\u043a\u0442\u0430\u043c\u0438 \u0438 \u0440\u0430\u0441\u043f\u043e\u0440\u044f\u0436\u0435\u043d\u0438\u044f\u043c\u0438 \u041f\u0440\u0430\u0432\u0438\u0442\u0435\u043b\u044c\u0441\u0442\u0432\u0430, \u043c\u0435\u0436\u0434\u0443\u043d\u0430\u0440\u043e\u0434\u043d\u044b\u043c\u0438 \u0434\u043e\u0433\u043e\u0432\u043e\u0440\u0430\u043c\u0438, \u043e\u0434\u043d\u043e\u0439 \u0438\u0437 \u0441\u0442\u043e\u0440\u043e\u043d \u043a\u043e\u0442\u043e\u0440\u044b\u0445 \u044f\u0432\u043b\u044f\u0435\u0442\u0441\u044f \u0420\u0435\u0441\u043f\u0443\u0431\u043b\u0438\u043a\u0430 \u041c\u043e\u043b\u0434\u043e\u0432\u0430, ISO\/CEI 17011, <strong><a href=\"https:\/\/acreditare.md\/wp-content\/uploads\/2025\/06\/CELEX_02008R0765-20210716_RO_TXT.pdf\" target=\"_blank\" rel=\"noopener\">\u0420\u0435\u0433\u043b\u0430\u043c\u0435\u043d\u0442\u043e\u043c (CE) 765\/2008<\/a><\/strong>, \u0434\u043e\u043a\u0443\u043c\u0435\u043d\u0442\u0430\u043c\u0438 EA,IAF,ILAC, \u0430 \u0442\u0430\u043a\u0436\u0435 \u043f\u043e\u043b\u043e\u0436\u0435\u043d\u0438\u044f\u043c\u0438 <strong>\u0420\u0435\u0433\u043b\u0430\u043c\u0435\u043d\u0442\u0430 MOLDAC<\/strong>, \u0443\u0442\u0432\u0435\u0440\u0436\u0434\u0435\u043d\u043d\u043e\u0433\u043e <a href=\"https:\/\/www.legis.md\/cautare\/getResults?doc_id=94702&amp;lang=ru\" target=\"_blank\" rel=\"noopener\"><strong>\u041f\u043e\u0441\u0442\u0430\u043d\u043e\u0432\u043b\u0435\u043d\u0438\u0435\u043c \u041f\u0440\u0430\u0432\u0438\u0442\u0435\u043b\u044c\u0441\u0442\u0432\u0430 \u2116 77 \u043e\u0442 25-01-2013 \u043e \u0440\u0435\u043e\u0440\u0433\u0430\u043d\u0438\u0437\u0430\u0446\u0438\u0438 \u0433\u043e\u0441\u0443\u0434\u0430\u0440\u0441\u0442\u0432\u0435\u043d\u043d\u043e\u0433\u043e \u043f\u0440\u0435\u0434\u043f\u0440\u0438\u044f\u0442\u0438\u044f \u00abCentrul de acreditare \u00een Domeniul Evalu\u0103rii Conformit\u0103\u0163ii Produselor\u00bb.<\/strong><\/a><\/p>\n<p style=\"font-weight: 400; text-align: justify;\">\u00a0 \u00a0 \u00a0 \u041a\u043b\u044e\u0447\u0435\u0432\u043e\u0439 \u0446\u0435\u043b\u044c\u044e MOLDAC \u044f\u0432\u043b\u044f\u0435\u0442\u0441\u044f \u043f\u043e\u0434\u0434\u0435\u0440\u0436\u0430\u043d\u0438\u0435 \u0441\u0442\u0430\u0442\u0443\u0441\u0430 \u043f\u043e\u0434\u043f\u0438\u0441\u0430\u043d\u0442\u0430 \u041c\u043d\u043e\u0433\u043e\u0441\u0442\u043e\u0440\u043e\u043d\u043d\u0435\u0433\u043e \u0421\u043e\u0433\u043b\u0430\u0448\u0435\u043d\u0438\u044f \u043e \u041f\u0440\u0438\u0437\u043d\u0430\u043d\u0438\u0438 \u0441 \u0415\u0432\u0440\u043e\u043f\u0435\u0439\u0441\u043a\u0438\u043c \u0421\u043e\u0442\u0440\u0443\u0434\u043d\u0438\u0447\u0435\u0441\u0442\u0432\u043e\u043c \u043f\u043e \u0410\u043a\u043a\u0440\u0435\u0434\u0438\u0442\u0430\u0446\u0438\u0438 \u0438 \u0421\u043e\u0433\u043b\u0430\u0448\u0435\u043d\u0438\u044f \u043f\u043e \u0412\u0437\u0430\u0438\u043c\u043d\u043e\u043c\u0443 \u041f\u0440\u0438\u0437\u043d\u0430\u043d\u0438\u044e \u0441 \u041c\u0435\u0436\u0434\u0443\u043d\u0430\u0440\u043e\u0434\u043d\u044b\u043c \u0421\u043e\u0442\u0440\u0443\u0434\u043d\u0438\u0447\u0435\u0441\u0442\u0432\u043e\u043c \u043f\u043e \u0410\u043a\u043a\u0440\u0435\u0434\u0438\u0442\u0430\u0446\u0438\u0438 \u041b\u0430\u0431\u043e\u0440\u0430\u0442\u043e\u0440\u0438\u0439 ILAC-MRA, \u0438 \u0441 \u041c\u0435\u0436\u0434\u0443\u043d\u0430\u0440\u043e\u0434\u043d\u044b\u043c \u0424\u043e\u0440\u0443\u043c\u043e\u043c \u043f\u043e \u0410\u043a\u043a\u0440\u0435\u0434\u0438\u0442\u0430\u0446\u0438\u0438 IAF-MLA.<\/p>\n<p style=\"font-weight: 400; text-align: justify;\">\u00a0 \u00a0 \u00a0 MOLDAC \u043f\u0440\u043e\u0448\u0435\u043b \u043f\u0430\u0440\u0438\u0442\u0435\u0442\u043d\u0443\u044e \u043e\u0446\u0435\u043d\u043a\u0443 \u043d\u0430 \u043e\u0441\u043d\u043e\u0432\u0435 \u0447\u0435\u0442\u043a\u0438\u0445 \u0438 \u043f\u0440\u043e\u0437\u0440\u0430\u0447\u043d\u044b\u0445 \u043a\u0440\u0438\u0442\u0435\u0440\u0438\u0435\u0432 \u043e\u0446\u0435\u043d\u043a\u0438 \u0438 \u043f\u0440\u043e\u0446\u0435\u0434\u0443\u0440, \u0443\u0441\u0442\u0430\u043d\u043e\u0432\u043b\u0435\u043d\u043d\u044b\u0445 \u0435\u0432\u0440\u043e\u043f\u0435\u0439\u0441\u043a\u0438\u043c\u0438 \u0438 \u043c\u0435\u0436\u0434\u0443\u043d\u0430\u0440\u043e\u0434\u043d\u044b\u043c\u0438 \u043e\u0440\u0433\u0430\u043d\u0430\u043c\u0438 \u043f\u043e \u0430\u043a\u043a\u0440\u0435\u0434\u0438\u0442\u0430\u0446\u0438\u0438 EA, IAF, ILAC.<\/p>\n<p style=\"font-weight: 400; text-align: justify;\">\u00a0 \u00a0 \u00a0 MOLDAC \u043e\u0441\u0443\u0449\u0435\u0441\u0442\u0432\u043b\u044f\u0435\u0442 \u0441\u0432\u043e\u044e \u0434\u0435\u044f\u0442\u0435\u043b\u044c\u043d\u043e\u0441\u0442\u044c, \u0440\u0443\u043a\u043e\u0432\u043e\u0434\u0441\u0442\u0432\u0443\u044f\u0441\u044c \u0441\u043b\u0435\u0434\u0443\u044e\u0449\u0438\u043c\u0438 \u043e\u0441\u043d\u043e\u0432\u043d\u044b\u043c\u0438 \u043f\u0440\u0438\u043d\u0446\u0438\u043f\u0430\u043c\u0438:<\/p>\n<ul>\n<li style=\"font-weight: 400; text-align: justify;\">\u043f\u0440\u0438\u043c\u0435\u043d\u0435\u043d\u0438\u0435 \u0435\u0434\u0438\u043d\u044b\u0445 \u043f\u0440\u043e\u0446\u0435\u0434\u0443\u0440 \u043f\u043e \u043e\u0446\u0435\u043d\u043a\u0435 \u0441\u043e\u043e\u0442\u0432\u0435\u0442\u0441\u0442\u0432\u0438\u044f, \u0433\u0430\u0440\u043c\u043e\u043d\u0438\u0437\u0438\u0440\u043e\u0432\u0430\u043d\u043d\u044b\u0445 \u0441 \u0435\u0432\u0440\u043e\u043f\u0435\u0439\u0441\u043a\u0438\u043c\u0438 \u0438 \u043c\u0435\u0436\u0434\u0443\u043d\u0430\u0440\u043e\u0434\u043d\u044b\u043c\u0438 \u043f\u0440\u0430\u0432\u0438\u043b\u0430\u043c\u0438 \u043f\u043e \u0430\u043a\u043a\u0440\u0435\u0434\u0438\u0442\u0430\u0446\u0438\u0438 \u043e\u0440\u0433\u0430\u043d\u043e\u0432 \u043f\u043e \u043e\u0446\u0435\u043d\u043a\u0435 \u0441\u043e\u043e\u0442\u0432\u0435\u0442\u0441\u0442\u0432\u0438\u044f;<\/li>\n<li style=\"font-weight: 400; text-align: justify;\">\u043a\u043e\u043c\u043f\u0435\u0442\u0435\u043d\u0442\u043d\u043e\u0441\u0442\u044c \u0438 \u0431\u0435\u0441\u043f\u0440\u0438\u0441\u0442\u0440\u0430\u0441\u0442\u043d\u043e\u0441\u0442\u044c;<\/li>\n<li style=\"font-weight: 400; text-align: justify;\">\u043f\u0440\u043e\u0437\u0440\u0430\u0447\u043d\u043e\u0441\u0442\u044c, \u0434\u043e\u0441\u0442\u0443\u043f\u043d\u043e\u0441\u0442\u044c \u0434\u043b\u044f \u043e\u0431\u0449\u0435\u0441\u0442\u0432\u0435\u043d\u043d\u043e\u0441\u0442\u0438 \u0438 \u0434\u043e\u0432\u0435\u0440\u0438\u0435;<\/li>\n<li style=\"font-weight: 400; text-align: justify;\">\u043f\u0440\u0435\u0434\u0441\u0442\u0430\u0432\u043b\u0435\u043d\u0438\u0435 \u043e\u0431\u0449\u0435\u0441\u0442\u0432\u0435\u043d\u043d\u044b\u0445 \u0438\u043d\u0442\u0435\u0440\u0435\u0441\u043e\u0432;<\/li>\n<li style=\"font-weight: 400; text-align: justify;\">\u0441\u0432\u043e\u0431\u043e\u0434\u043d\u044b\u0439 \u0438 \u043d\u0435\u0434\u0438\u0441\u043a\u0440\u0438\u043c\u0438\u043d\u0430\u0446\u0438\u043e\u043d\u043d\u044b\u0439 \u0434\u043e\u0441\u0442\u0443\u043f \u0432\u0441\u0435\u0445 \u0437\u0430\u044f\u0432\u0438\u0442\u0435\u043b\u0435\u0439 \u043a \u043f\u0440\u043e\u0446\u0435\u0441\u0441\u0443 \u0430\u043a\u043a\u0440\u0435\u0434\u0438\u0442\u0430\u0446\u0438\u0438;<\/li>\n<li style=\"font-weight: 400; text-align: justify;\">\u043d\u0435\u0437\u0430\u0432\u0438\u0441\u0438\u043c\u043e\u0441\u0442\u044c \u043e\u0442 \u0432\u043e\u0437\u043c\u043e\u0436\u043d\u043e\u0433\u043e \u043f\u0440\u0435\u0432\u0430\u043b\u0438\u0440\u043e\u0432\u0430\u043d\u0438\u044f \u043a\u0430\u043a\u0438\u0445-\u043b\u0438\u0431\u043e \u0441\u043f\u0435\u0446\u0438\u0444\u0438\u0447\u0435\u0441\u043a\u0438\u0445 \u0438\u043d\u0442\u0435\u0440\u0435\u0441\u043e\u0432;<\/li>\n<li style=\"font-weight: 400; text-align: justify;\">\u043e\u0431\u0435\u0441\u043f\u0435\u0447\u0435\u043d\u0438\u0435 \u043a\u043e\u043d\u0444\u0438\u0434\u0435\u043d\u0446\u0438\u0430\u043b\u044c\u043d\u043e\u0441\u0442\u0438 \u0438 \u0441\u043e\u0445\u0440\u0430\u043d\u0435\u043d\u0438\u0435 \u043f\u0440\u043e\u0444\u0435\u0441\u0441\u0438\u043e\u043d\u0430\u043b\u044c\u043d\u043e\u0439 \u0438 \u043a\u043e\u043c\u043c\u0435\u0440\u0447\u0435\u0441\u043a\u043e\u0439 \u0442\u0430\u0439\u043d\u044b;<\/li>\n<li style=\"font-weight: 400; text-align: justify;\">\u0431\u0435\u0441\u043f\u0440\u0438\u0441\u0442\u0440\u0430\u0441\u0442\u043d\u043e\u0435 \u0440\u0430\u0441\u0441\u043c\u043e\u0442\u0440\u0435\u043d\u0438\u0435 \u0430\u043f\u0435\u043b\u043b\u044f\u0446\u0438\u0439 \u0438 \u0440\u0435\u043a\u043b\u0430\u043c\u0430\u0446\u0438\u0439;<\/li>\n<li style=\"font-weight: 400; text-align: justify;\">\u0434\u043e\u0431\u0440\u043e\u0432\u043e\u043b\u044c\u043d\u044b\u0439 \u0445\u0430\u0440\u0430\u043a\u0442\u0435\u0440 \u0430\u043a\u043a\u0440\u0435\u0434\u0438\u0442\u0430\u0446\u0438\u0438.<\/li>\n<\/ul>\n<p style=\"font-weight: 400; text-align: justify;\"><strong>\u0414\u0435\u044f\u0442\u0435\u043b\u044c\u043d\u043e\u0441\u0442\u044c \u043f\u043e \u0430\u043a\u043a\u0440\u0435\u0434\u0438\u0442\u0430\u0446\u0438\u0438 \u044f\u0432\u043b\u044f\u0435\u0442\u0441\u044f \u0434\u0435\u044f\u0442\u0435\u043b\u044c\u043d\u043e\u0441\u0442\u044c\u044e \u043e\u0444\u0438\u0446\u0438\u0430\u043b\u044c\u043d\u043e \u043f\u0440\u0438\u0437\u043d\u0430\u043d\u043d\u043e\u0433\u043e \u043f\u0443\u0431\u043b\u0438\u0447\u043d\u043e\u0433\u043e \u043e\u0440\u0433\u0430\u043d\u0430.<\/strong><\/p>\n<p>[\/vc_column_text][\/vc_column][\/vc_row]<\/p>\n<\/div>","protected":false},"excerpt":{"rendered":"<p>[vc_row][vc_column width=&#8221;1\/4&#8243;][\/vc_column][vc_column width=&#8221;3\/4&#8243;][vc_column_text css=&#8221;&#8221;] \u0410\u041a\u041a\u0420\u0415\u0414\u0418\u0422\u0410\u0426\u0418\u042f &#8211; \u041a\u041e\u041c\u041f\u0415\u0422\u0415\u041d\u0422\u041d\u041e\u0421\u0422\u042c \u0418 \u0414\u041e\u0412\u0415\u0420\u0418\u0415 \u00a0\u00a0\u00a0\u00a0 \u00a0 \u041d\u0430\u0446\u0438\u043e\u043d\u0430\u043b\u044c\u043d\u044b\u0439 \u0446\u0435\u043d\u0442\u0440 \u043f\u043e \u0430\u043a\u043a\u0440\u0435\u0434\u0438\u0442\u0430\u0446\u0438\u0438 \u0420\u0435\u0441\u043f\u0443\u0431\u043b\u0438\u043a\u0438 \u041c\u043e\u043b\u0434\u043e\u0432\u0430 (MOLDAC) \u2013 \u044d\u0442\u043e \u0433\u043e\u0441\u0443\u0434\u0430\u0440\u0441\u0442\u0432\u0435\u043d\u043d\u043e\u0435 \u0443\u0447\u0440\u0435\u0436\u0434\u0435\u043d\u0438\u0435, \u043a\u043e\u043d\u0442\u0440\u043e\u043b\u0438\u0440\u0443\u0435\u043c\u043e\u0435 \u0441\u043f\u0435\u0446\u0438\u0430\u043b\u0438\u0437\u0438\u0440\u043e\u0432\u0430\u043d\u043d\u044b\u043c \u043e\u0440\u0433\u0430\u043d\u043e\u043c \u0446\u0435\u043d\u0442\u0440\u0430\u043b\u044c\u043d\u043e\u0433\u043e \u043f\u0443\u0431\u043b\u0438\u0447\u043d\u043e\u0433\u043e \u0443\u043f\u0440\u0430\u0432\u043b\u0435\u043d\u0438\u044f, \u043e\u0442\u0432\u0435\u0447\u0430\u044e\u0449\u0438\u043c \u0437\u0430 \u0438\u043d\u0444\u0440\u0430\u0441\u0442\u0440\u0443\u043a\u0442\u0443\u0440\u0443 \u043a\u0430\u0447\u0435\u0441\u0442\u0432\u0430, \u0441\u043e\u0437\u0434\u0430\u043d\u043d\u043e\u0435 \u043d\u0430 \u043e\u0441\u043d\u043e\u0432\u0435 \u0417\u0430\u043a\u043e\u043d\u0430 \u2116 235 \u043e\u0442 01.12.2011 \u043e \u0434\u0435\u044f\u0442\u0435\u043b\u044c\u043d\u043e\u0441\u0442\u0438 \u043f\u043e \u0430\u043a\u043a\u0440\u0435\u0434\u0438\u0442\u0430\u0446\u0438\u0438 \u0438 \u043e\u0446\u0435\u043d\u043a\u0435 \u0441\u043e\u043e\u0442\u0432\u0435\u0442\u0441\u0442\u0432\u0438\u044f. \u00a0 \u00a0 MOLDAC \u044f\u0432\u043b\u044f\u0435\u0442\u0441\u044f \u0435\u0434\u0438\u043d\u0441\u0442\u0432\u0435\u043d\u043d\u044b\u043c \u043d\u0430\u0446\u0438\u043e\u043d\u0430\u043b\u044c\u043d\u044b\u043c \u043e\u0440\u0433\u0430\u043d\u043e\u043c \u043f\u043e [&hellip;]<\/p>\n","protected":false},"author":1,"featured_media":0,"parent":365,"menu_order":0,"comment_status":"closed","ping_status":"closed","template":"","meta":{"_acf_changed":false,"two_page_speed":[],"footnotes":""},"class_list":["post-569","page","type-page","status-publish","hentry"],"acf":[],"_links":{"self":[{"href":"https:\/\/acreditare.md\/ru\/wp-json\/wp\/v2\/pages\/569"}],"collection":[{"href":"https:\/\/acreditare.md\/ru\/wp-json\/wp\/v2\/pages"}],"about":[{"href":"https:\/\/acreditare.md\/ru\/wp-json\/wp\/v2\/types\/page"}],"author":[{"embeddable":true,"href":"https:\/\/acreditare.md\/ru\/wp-json\/wp\/v2\/users\/1"}],"replies":[{"embeddable":true,"href":"https:\/\/acreditare.md\/ru\/wp-json\/wp\/v2\/comments?post=569"}],"version-history":[{"count":24,"href":"https:\/\/acreditare.md\/ru\/wp-json\/wp\/v2\/pages\/569\/revisions"}],"predecessor-version":[{"id":12397,"href":"https:\/\/acreditare.md\/ru\/wp-json\/wp\/v2\/pages\/569\/revisions\/12397"}],"up":[{"embeddable":true,"href":"https:\/\/acreditare.md\/ru\/wp-json\/wp\/v2\/pages\/365"}],"wp:attachment":[{"href":"https:\/\/acreditare.md\/ru\/wp-json\/wp\/v2\/media?parent=569"}],"curies":[{"name":"wp","href":"https:\/\/api.w.org\/{rel}","templated":true}]}}