{"id":5189,"date":"2021-09-17T10:52:04","date_gmt":"2021-09-17T07:52:04","guid":{"rendered":"https:\/\/acreditare.md\/?page_id=5189"},"modified":"2026-03-19T13:02:31","modified_gmt":"2026-03-19T11:02:31","slug":"document-general-dg-05","status":"publish","type":"page","link":"https:\/\/acreditare.md\/ru\/reguli-pentru-atestare\/document-general-dg-05\/","title":{"rendered":"\u041e\u0431\u0449\u0438\u0435 \u0442\u0440\u0435\u0431\u043e\u0432\u0430\u043d\u0438\u044f DG-05"},"content":{"rendered":"<h3><strong>* Activitatea de atestare a laboratoarelor de \u00eencerc\u0103ri nu este acoperit\u0103 de activitatea EA, ILAC , IAF.<\/strong><\/h3>\n<p>&nbsp;<\/p>\n<p>&nbsp;<\/p>\n","protected":false},"excerpt":{"rendered":"<p>* Activitatea de atestare a laboratoarelor de \u00eencerc\u0103ri nu este acoperit\u0103 de activitatea EA, ILAC , IAF. &nbsp; &nbsp;<\/p>\n","protected":false},"author":4,"featured_media":0,"parent":706,"menu_order":0,"comment_status":"closed","ping_status":"closed","template":"","meta":{"_acf_changed":false,"two_page_speed":[],"footnotes":""},"class_list":["post-5189","page","type-page","status-publish","hentry"],"acf":[],"_links":{"self":[{"href":"https:\/\/acreditare.md\/ru\/wp-json\/wp\/v2\/pages\/5189"}],"collection":[{"href":"https:\/\/acreditare.md\/ru\/wp-json\/wp\/v2\/pages"}],"about":[{"href":"https:\/\/acreditare.md\/ru\/wp-json\/wp\/v2\/types\/page"}],"author":[{"embeddable":true,"href":"https:\/\/acreditare.md\/ru\/wp-json\/wp\/v2\/users\/4"}],"replies":[{"embeddable":true,"href":"https:\/\/acreditare.md\/ru\/wp-json\/wp\/v2\/comments?post=5189"}],"version-history":[{"count":10,"href":"https:\/\/acreditare.md\/ru\/wp-json\/wp\/v2\/pages\/5189\/revisions"}],"predecessor-version":[{"id":12511,"href":"https:\/\/acreditare.md\/ru\/wp-json\/wp\/v2\/pages\/5189\/revisions\/12511"}],"up":[{"embeddable":true,"href":"https:\/\/acreditare.md\/ru\/wp-json\/wp\/v2\/pages\/706"}],"wp:attachment":[{"href":"https:\/\/acreditare.md\/ru\/wp-json\/wp\/v2\/media?parent=5189"}],"curies":[{"name":"wp","href":"https:\/\/api.w.org\/{rel}","templated":true}]}}