{"id":4554,"date":"2021-05-18T11:31:58","date_gmt":"2021-05-18T08:31:58","guid":{"rendered":"https:\/\/acreditare.md\/?page_id=4554"},"modified":"2026-03-17T10:14:46","modified_gmt":"2026-03-17T08:14:46","slug":"organisme-de-inspectie","status":"publish","type":"page","link":"https:\/\/acreditare.md\/ru\/recrutare-2\/organisme-de-inspectie\/","title":{"rendered":"(Rom\u00e2n\u0103) Organisme de inspec\u021bie"},"content":{"rendered":"<div class=\"wpb-content-wrapper\"><p><\/p>\n<p>[vc_row][vc_column][vc_column_text]Centrul Na\u0163ional de Acreditare (MOLDAC) angajeaz\u0103 personal pentru a fi implicat \u00een procesul de acreditare a:<strong>\u00a0<\/strong><\/p>\n<p><strong>OI conform ISO\/IEC 17020 pentru urm\u0103toarele domenii:<\/strong><\/p>\n<ul>\n<li>Echipamente sub presiune, Transport de Materiale\/ marf\u0103, inclusiv cele Periculoase (TMP)<\/li>\n<li>Termice, fluide<\/li>\n<li>Produse \u0219i componente industriale<\/li>\n<li>Mediu<\/li>\n<li>Agroalimentare<\/li>\n<li>Dispozitive medicale<\/li>\n<li>Obiecte la care se folosesc substan\u021be cu pericol de inflamabilitate \u0219i substan\u021be toxice<\/li>\n<li>Obiecte de prelucrare \u0219i p\u0103strare a produselor alimentare<\/li>\n<li>Mecanisme de ridicat<\/li>\n<li>Subsoluri \u0219i instala\u021bii tehnice utilizate \u00een subsoluri<\/li>\n<li>Inspec\u021bia produselor petroliere<\/li>\n<li>Inspec\u021bia produselor de cocserie \u0219i \u021bi\u021bei<\/li>\n<li>Mijloace de joc<\/li>\n<li>Expertize economico-inginere\u0219ti<\/li>\n<li>Expertize tehnico-inginere\u0219ti<\/li>\n<li>Expertize psihologico-judiciare<\/li>\n<li>Marf\u0103 \u00eenc\u0103rcat\u0103\/ desc\u0103rcat\u0103 \u00een\/din mijloace auto, vagoane, containere<\/li>\n<li>Marf\u0103 depozitat\u0103 \u00een orice spa\u021biu de depozitare specific m\u0103rfii<\/li>\n<li>M\u0103sur\u0103ri supuse controlului metrologic legal<\/li>\n<\/ul>\n<p>La selectarea candida\u021bilor penrtu OI\/NDT se vor lua \u00een considera\u021bie urm\u0103toarele criterii:<\/p>\n<ul>\n<li>Studii \u00een domeniile tehnice enumerate la punctul 1, personalul certificat pentru efectuarea examin\u0103rilor nedistructive la nivelul II sau III de c\u0103tre un organism de certificare \u00een conformitate cu cerin\u021bele standardului ISO 9712:2012. \u00cen cazul \u00een care evaluatorul\/ expertul tehnic are certificat de atestare la nivelul II sau III pentru o metod\u0103 de control nedistructiv, este necesar experien\u021b\u0103 profesional\u0103 \u00een domeniul controlului nedistructiv de 5 ani.<\/li>\n<li>4 ani experien\u0163\u0103 \u00een domeniu conform studiilor din care 3 ani experien\u0163\u0103 \u00een domeniul tehnic specific.<\/li>\n<li>Cunoa\u015fterea DN aplicabile domeniului conform Anexei la CV.<\/li>\n<\/ul>\n<p><strong>\u00a0<\/strong>La selectarea candida\u021bilor penrtu OI se vor lua \u00een considera\u021bie urm\u0103toarele criterii:<\/p>\n<ul>\n<li>Studii superioare tehnice \u00eentr-unul din domeniile enumerate la punctul 2.<\/li>\n<li>Experien\u021b\u0103 5 ani \u00een domeniu conform studiilor din care 3 ani \u00een domeniul tehnic specific pentru care este selectat.<\/li>\n<li>\u00cen cazul \u00een care are o diplom\u0103 de studii medii speciale, este cerut\u0103 o experien\u021b\u0103 profesional\u0103 complementar\u0103 de 10 ani \u00een domeniul tehnic specific.<\/li>\n<li>Cunoa\u0219terea legisla\u021biei na\u021bionale din domeniul selectat \u00een\u00a0<a href=\"https:\/\/acreditare.md\/wp-content\/uploads\/2022\/10\/7-2-ok-Anexa-la-CV-OI-NDT-ed-7.doc\">Anexa la CV<\/a>.<\/li>\n<\/ul>\n<p>Note:<\/p>\n<ol>\n<li>Experien\u021ba profesional\u0103 se consider\u0103 \u0219i activitatea \u00een urm\u0103toarele domenii: \u0218tiin\u021b\u0103, Autoritate de reglementare, Agen\u021bia Protec\u021bia Consumatorului, Inspectoratele de Stat cu func\u021bii de control,\u00a0 experien\u021ba \u00een calitate de expert \u00een Organism de Certificare produse.<\/li>\n<li>Pentru completarea Anexei la CV, v\u0103 rug\u0103m s\u0103 utiliza\u021bi\u00a0<a href=\"https:\/\/acreditare.md\/wp-content\/uploads\/2022\/09\/08-A-2-Domeniul-de-competenta-OI-NDT-OI-Mod_12_08_2022-ed.7.pdf\">Domeniul de competen\u021b\u0103 pentru OI\/NDT-OI<\/a>.<\/li>\n<\/ol>\n<p>Rug\u0103m candida\u021bii s\u0103 transmit\u0103\u00a0<a href=\"https:\/\/acreditare.md\/wp-content\/uploads\/2021\/05\/1-ok-CV.doc\">CV-urile<\/a> \u0219i Anexele la CV completate la adresa <a href=\"mailto:alina.matosa@moldac.gov.md\">alina.matosa@moldac.gov.md<\/a>[\/vc_column_text][\/vc_column][\/vc_row]<\/p>\n<p><\/p>\n<\/div>","protected":false},"excerpt":{"rendered":"<p>[vc_row][vc_column][vc_column_text]Centrul Na\u0163ional de Acreditare (MOLDAC) angajeaz\u0103 personal pentru a fi implicat \u00een procesul de acreditare a:\u00a0 OI conform ISO\/IEC 17020 pentru urm\u0103toarele domenii: Echipamente sub presiune, Transport de Materiale\/ marf\u0103, inclusiv cele Periculoase (TMP) Termice, fluide Produse \u0219i componente industriale Mediu Agroalimentare Dispozitive medicale Obiecte la care se folosesc substan\u021be cu pericol de inflamabilitate \u0219i [&hellip;]<\/p>\n","protected":false},"author":4,"featured_media":0,"parent":4517,"menu_order":0,"comment_status":"closed","ping_status":"closed","template":"","meta":{"_acf_changed":false,"two_page_speed":[],"footnotes":""},"class_list":["post-4554","page","type-page","status-publish","hentry"],"acf":[],"_links":{"self":[{"href":"https:\/\/acreditare.md\/ru\/wp-json\/wp\/v2\/pages\/4554"}],"collection":[{"href":"https:\/\/acreditare.md\/ru\/wp-json\/wp\/v2\/pages"}],"about":[{"href":"https:\/\/acreditare.md\/ru\/wp-json\/wp\/v2\/types\/page"}],"author":[{"embeddable":true,"href":"https:\/\/acreditare.md\/ru\/wp-json\/wp\/v2\/users\/4"}],"replies":[{"embeddable":true,"href":"https:\/\/acreditare.md\/ru\/wp-json\/wp\/v2\/comments?post=4554"}],"version-history":[{"count":7,"href":"https:\/\/acreditare.md\/ru\/wp-json\/wp\/v2\/pages\/4554\/revisions"}],"predecessor-version":[{"id":12475,"href":"https:\/\/acreditare.md\/ru\/wp-json\/wp\/v2\/pages\/4554\/revisions\/12475"}],"up":[{"embeddable":true,"href":"https:\/\/acreditare.md\/ru\/wp-json\/wp\/v2\/pages\/4517"}],"wp:attachment":[{"href":"https:\/\/acreditare.md\/ru\/wp-json\/wp\/v2\/media?parent=4554"}],"curies":[{"name":"wp","href":"https:\/\/api.w.org\/{rel}","templated":true}]}}