{"id":4544,"date":"2021-05-18T11:29:13","date_gmt":"2021-05-18T08:29:13","guid":{"rendered":"https:\/\/acreditare.md\/?page_id=4544"},"modified":"2026-03-17T10:24:50","modified_gmt":"2026-03-17T08:24:50","slug":"organisme-de-certificare-a-produselor","status":"publish","type":"page","link":"https:\/\/acreditare.md\/ru\/recrutare-2\/organisme-de-certificare-a-produselor\/","title":{"rendered":"(Rom\u00e2n\u0103) Organisme de certificare a produselor"},"content":{"rendered":"<div class=\"wpb-content-wrapper\"><p><\/p>\n<p>[vc_row][vc_column][vc_column_text]Centrul Na\u0163ional de Acreditare (MOLDAC) angajeaz\u0103 personal pentru a fi implicat \u00een procesul de acreditare a:<\/p>\n<p><strong>\u00a0OCpr conform ISO\/IEC 17065 pentru urm\u0103toarele domenii:<\/strong><\/p>\n<ul>\n<li>Produse agricole \u0219i produse ale industriei alimentare<\/li>\n<li>Produse minerale nemetalice, neenergetice<\/li>\n<li>Textile, piele \u0219i produse textile \u0219i din piele<\/li>\n<li>Lemn \u0219i produse din lemn<\/li>\n<li>H\u00eertie, carton \u0219i produse din h\u00eertie \u0219i carton<\/li>\n<li>Produse extrase energetice<\/li>\n<li>Produse chimice (detergen\u021bi, pesticide, \u00eengr\u0103\u0219\u0103minte, etc) cosmetice<\/li>\n<li>Produse plastice, elastice, din cauciuc<strong>\u00a0<\/strong><\/li>\n<li>Materiale de construc\u021bii \/ lucr\u0103ri de construc\u021bii<\/li>\n<li>Produse metalice<\/li>\n<li>Ma\u0219ini \u0219i echipamente<\/li>\n<li>Transport \u0219i servicii asociate<strong>\u00a0<\/strong><\/li>\n<\/ul>\n<p><strong>La selectarea candida\u021bilor se vor lua \u00een considera\u021bie urm\u0103toarele criterii:<\/strong><\/p>\n<ul>\n<li>Studii superioare tehnice \u00eentr-unul din domeniile enumerate mai sus<\/li>\n<li>Experien\u021b\u0103 5 ani \u00een domeniu conform studiilor din care 3 ani \u00een domeniul tehnic specific pentru care este selectat<\/li>\n<li>\u00cen cazul \u00een care are o diplom\u0103 de studii medii speciale, este cerut\u0103 o experien\u021b\u0103 profesional\u0103 complementar\u0103 de 10 ani \u00een domeniul tehnic specific<\/li>\n<li>Cunoa\u0219terea legisla\u021biei na\u021bionale din domeniul selectat \u00een\u00a0<a href=\"https:\/\/acreditare.md\/wp-content\/uploads\/2021\/05\/4-2-ok-Anexa-la-CV-OCpr.doc\">Anexa la CV<\/a><\/li>\n<li>Instruiri \u0219i experien\u021b\u0103 ISO 9001, ISO 22000 prezint\u0103 un privilegiu la selectare<\/li>\n<\/ul>\n<p><strong>\u00a0<\/strong>Note:<\/p>\n<ol>\n<li>Experien\u021ba profesional\u0103 se consider\u0103 \u0219i activitatea \u00een urm\u0103toarele domenii: \u0218tiin\u021b\u0103, Autoritate de reglementare, Agen\u021bia Protec\u021bia Consumatorului, Inspectorat de Stat cu func\u021bii de control,\u00a0 experien\u021ba \u00een calitate de expert \u00een Organism de Certificare produse).<\/li>\n<li>Pentru completarea Anexei la CV, v\u0103 rug\u0103m s\u0103 utiliza\u021bi\u00a0<a href=\"https:\/\/acreditare.md\/public\/files\/domenii_de_competenta\/05-A-2-Domeniul-de-competenta-OCpr.pdf\" target=\"_blank\" rel=\"noopener\">Domeniul de competen\u021b\u0103 pentru OCpr<\/a>.<\/li>\n<\/ol>\n<p>Rug\u0103m candida\u021bii s\u0103 transmit\u0103\u00a0<a href=\"https:\/\/acreditare.md\/wp-content\/uploads\/2021\/05\/1-ok-CV.doc\">CV-urile<\/a> \u0219i Anexele la CV completate la adresa <a href=\"mailto:alina.matosa@moldac.gov.md\">alina.matosa@moldac.gov.md<\/a>[\/vc_column_text][\/vc_column][\/vc_row]<\/p>\n<p><\/p>\n<\/div>","protected":false},"excerpt":{"rendered":"<p>[vc_row][vc_column][vc_column_text]Centrul Na\u0163ional de Acreditare (MOLDAC) angajeaz\u0103 personal pentru a fi implicat \u00een procesul de acreditare a: \u00a0OCpr conform ISO\/IEC 17065 pentru urm\u0103toarele domenii: Produse agricole \u0219i produse ale industriei alimentare Produse minerale nemetalice, neenergetice Textile, piele \u0219i produse textile \u0219i din piele Lemn \u0219i produse din lemn H\u00eertie, carton \u0219i produse din h\u00eertie \u0219i carton [&hellip;]<\/p>\n","protected":false},"author":4,"featured_media":0,"parent":4517,"menu_order":0,"comment_status":"closed","ping_status":"closed","template":"","meta":{"_acf_changed":false,"two_page_speed":[],"footnotes":""},"class_list":["post-4544","page","type-page","status-publish","hentry"],"acf":[],"_links":{"self":[{"href":"https:\/\/acreditare.md\/ru\/wp-json\/wp\/v2\/pages\/4544"}],"collection":[{"href":"https:\/\/acreditare.md\/ru\/wp-json\/wp\/v2\/pages"}],"about":[{"href":"https:\/\/acreditare.md\/ru\/wp-json\/wp\/v2\/types\/page"}],"author":[{"embeddable":true,"href":"https:\/\/acreditare.md\/ru\/wp-json\/wp\/v2\/users\/4"}],"replies":[{"embeddable":true,"href":"https:\/\/acreditare.md\/ru\/wp-json\/wp\/v2\/comments?post=4544"}],"version-history":[{"count":7,"href":"https:\/\/acreditare.md\/ru\/wp-json\/wp\/v2\/pages\/4544\/revisions"}],"predecessor-version":[{"id":12478,"href":"https:\/\/acreditare.md\/ru\/wp-json\/wp\/v2\/pages\/4544\/revisions\/12478"}],"up":[{"embeddable":true,"href":"https:\/\/acreditare.md\/ru\/wp-json\/wp\/v2\/pages\/4517"}],"wp:attachment":[{"href":"https:\/\/acreditare.md\/ru\/wp-json\/wp\/v2\/media?parent=4544"}],"curies":[{"name":"wp","href":"https:\/\/api.w.org\/{rel}","templated":true}]}}