{"id":4538,"date":"2021-05-18T11:27:46","date_gmt":"2021-05-18T08:27:46","guid":{"rendered":"https:\/\/acreditare.md\/?page_id=4538"},"modified":"2026-03-16T15:12:19","modified_gmt":"2026-03-16T13:12:19","slug":"laboratoare-de-etalonari","status":"publish","type":"page","link":"https:\/\/acreditare.md\/ru\/recrutare-2\/laboratoare-de-etalonari\/","title":{"rendered":"(Rom\u00e2n\u0103) Laboratoare de etalon\u0103ri"},"content":{"rendered":"<div class=\"wpb-content-wrapper\"><p><\/p>\n<p>[vc_row][vc_column][vc_column_text]Centrul Na\u0163ional de Acreditare (MOLDAC) angajeaz\u0103 personal pentru a fi implicat \u00een procesul de acreditare a:<\/p>\n<p><strong>LE conform ISO\/IEC 17025 pentru urm\u0103toarele domenii:<\/strong><\/p>\n<ul>\n<li>M\u0103rimi electromagnetice<\/li>\n<li>M\u0103rimi geometrice<\/li>\n<li>Masa \u0219i m\u0103rimi derivate<\/li>\n<li>Fotometrie \u0219i Radiometrie<\/li>\n<li>Termometrie<\/li>\n<li>Frecven\u021b\u0103 \u0219i timp<\/li>\n<li>M\u0103rimi fizico-chimice<\/li>\n<li>Conductometrie<\/li>\n<\/ul>\n<p>La selectarea candida\u021bilor se vor lua \u00een considera\u021bie urm\u0103toarele criterii:<\/p>\n<ul>\n<li>Studii superioare \u00een disciplinele legate de domeniile metrologice enumerate mai sus.<\/li>\n<li>4 ani experien\u021b\u0103 \u00een domeniu conform studiilor din care 3 ani experien\u021b\u0103 \u00een domeniul tehnic specific \u00een domeniul efectu\u0103rii etalon\u0103rilor<strong>\u00a0<\/strong><\/li>\n<li>Cunoa\u0219terea DN\/ procedurilor de etalonare domeniului indicat \u00een <a href=\"https:\/\/acreditare.md\/wp-content\/uploads\/2022\/10\/2-1-ok-Anexa-la-CV-LE-ed.3.doc\">Anexa la CV<\/a><strong>\u00a0<\/strong><\/li>\n<\/ul>\n<p>Not\u0103:<\/p>\n<p>Pentru completarea Anexei la CV, v\u0103 rug\u0103m s\u0103 utiliza\u021bi\u00a0<a href=\"https:\/\/acreditare.md\/wp-content\/uploads\/2022\/07\/02-A-2-Domeniul-de-competenta-LE-ed.6.pdf\">Domeniul de competen\u021b\u0103 pentru LE<\/a>.<\/p>\n<p>Rug\u0103m candida\u021bii s\u0103 transmit\u0103<a href=\"https:\/\/acreditare.md\/wp-content\/uploads\/2021\/05\/1-ok-CV.doc\">\u00a0CV-urile<\/a> \u0219i Anexele la CV completate la adresa <a href=\"mailto:alina.matosa@moldac.gov.md\">alina.matosa@moldac.gov.md<\/a>[\/vc_column_text][\/vc_column][\/vc_row]<\/p>\n<p><\/p>\n<\/div>","protected":false},"excerpt":{"rendered":"<p>[vc_row][vc_column][vc_column_text]Centrul Na\u0163ional de Acreditare (MOLDAC) angajeaz\u0103 personal pentru a fi implicat \u00een procesul de acreditare a: LE conform ISO\/IEC 17025 pentru urm\u0103toarele domenii: M\u0103rimi electromagnetice M\u0103rimi geometrice Masa \u0219i m\u0103rimi derivate Fotometrie \u0219i Radiometrie Termometrie Frecven\u021b\u0103 \u0219i timp M\u0103rimi fizico-chimice Conductometrie La selectarea candida\u021bilor se vor lua \u00een considera\u021bie urm\u0103toarele criterii: Studii superioare \u00een disciplinele [&hellip;]<\/p>\n","protected":false},"author":4,"featured_media":0,"parent":4517,"menu_order":0,"comment_status":"closed","ping_status":"closed","template":"","meta":{"_acf_changed":false,"two_page_speed":[],"footnotes":""},"class_list":["post-4538","page","type-page","status-publish","hentry"],"acf":[],"_links":{"self":[{"href":"https:\/\/acreditare.md\/ru\/wp-json\/wp\/v2\/pages\/4538"}],"collection":[{"href":"https:\/\/acreditare.md\/ru\/wp-json\/wp\/v2\/pages"}],"about":[{"href":"https:\/\/acreditare.md\/ru\/wp-json\/wp\/v2\/types\/page"}],"author":[{"embeddable":true,"href":"https:\/\/acreditare.md\/ru\/wp-json\/wp\/v2\/users\/4"}],"replies":[{"embeddable":true,"href":"https:\/\/acreditare.md\/ru\/wp-json\/wp\/v2\/comments?post=4538"}],"version-history":[{"count":9,"href":"https:\/\/acreditare.md\/ru\/wp-json\/wp\/v2\/pages\/4538\/revisions"}],"predecessor-version":[{"id":12467,"href":"https:\/\/acreditare.md\/ru\/wp-json\/wp\/v2\/pages\/4538\/revisions\/12467"}],"up":[{"embeddable":true,"href":"https:\/\/acreditare.md\/ru\/wp-json\/wp\/v2\/pages\/4517"}],"wp:attachment":[{"href":"https:\/\/acreditare.md\/ru\/wp-json\/wp\/v2\/media?parent=4538"}],"curies":[{"name":"wp","href":"https:\/\/api.w.org\/{rel}","templated":true}]}}