{"id":4517,"date":"2021-05-13T12:14:41","date_gmt":"2021-05-13T09:14:41","guid":{"rendered":"https:\/\/acreditare.md\/?page_id=4517"},"modified":"2025-02-13T10:04:52","modified_gmt":"2025-02-13T08:04:52","slug":"recrutare-2","status":"publish","type":"page","link":"https:\/\/acreditare.md\/ru\/recrutare-2\/","title":{"rendered":"Rec"},"content":{"rendered":"<div class=\"wpb-content-wrapper\"><p><\/p>\n<p>[vc_row][vc_column width=&#8221;1\/4&#8243;][vc_single_image image=&#8221;4932&#8243; img_size=&#8221;large&#8221;][\/vc_column][vc_column width=&#8221;3\/4&#8243;][vc_column_text]<\/p>\n<p style=\"text-align: center;\"><strong>DAC\u0102 \u00ce\u021aI DORE\u0218TI UN JOB DE SUCCES \u00ceNTR-O ORGANIZA\u021aIE CU GEN DE ACTIVITATE INTERESANT \u2013 MOLDAC ESTE ALEGEREA POTRIVIT\u0102!<\/strong><\/p>\n<p style=\"text-align: justify;\"><strong>Cerin\u021be:<\/strong><\/p>\n<ul style=\"text-align: justify;\">\n<li>Studii superioare tehnice finisate;<\/li>\n<li>Minim 3 ani de experin\u021b\u0103 \u00een evaluarea conformit\u0103\u021bii (certific\u0103ri, evalu\u0103ri, \u00eencerc\u0103ri, etalon\u0103ri, inspec\u021bii;<\/li>\n<li>Cunoa\u0219terea limbii engleze la nivel avansat.<\/li>\n<\/ul>\n<p style=\"text-align: justify;\"><strong>Apitudini \u0219i deprinderi necesare:<\/strong><\/p>\n<ul style=\"text-align: justify;\">\n<li>Disponibiitate de a lucra \u00een echip\u0103;<\/li>\n<li>Abilit\u0103\u021bi de comunicare;<\/li>\n<li>U\u0219urin\u021b\u0103, claritate \u0219i coeren\u021b\u0103 \u00een exprimare;<\/li>\n<li>Capacitate de a evalua \u0219i lua decizii;<\/li>\n<li>Spirit organizatoric \u0219i de observa\u021bie;<\/li>\n<li>Aten\u021bie concentrat\u0103;<\/li>\n<li>Echilibru emo\u021bional;<\/li>\n<li>Rezisten\u021b\u0103 la stres.<\/li>\n<\/ul>\n<p style=\"text-align: center;\"><span style=\"color: #003366;\"><strong>Fiind parte din echipa noastr\u0103 vei avea ocazia s\u0103 contribui la dezvoltarea acredit\u0103rii la nivel na\u021bional.<\/strong><\/span><\/p>\n<p style=\"text-align: justify;\"><strong>Al\u0103turi de noi vei beneficia de:<\/strong><\/p>\n<ul style=\"text-align: justify;\">\n<li>Pachet social deplin;<\/li>\n<li>Program de munc\u0103 \u2013 8:00-17:00, cu pauz\u0103 de mas\u0103 \u00eentre 12:00 \u0219i 13:00;<\/li>\n<li>Oficiu modern, amplasat \u00een zon\u0103 accesibil\u0103 pentru pentru toate arterele principale ale transportului pubic;<\/li>\n<li>Colectiv prietenos;<\/li>\n<li>Punem accent pe dezvoltare continu\u0103 prin training-uri periodice.<\/li>\n<\/ul>\n<p style=\"text-align: center;\"><span style=\"color: #008000;\"><strong>AL\u0102TUR\u0102-TE ECHIPEI NOASTRE!<\/strong><\/span><\/p>\n<p style=\"text-align: justify;\">Aplic\u0103 CV-ul pe adresa electronic\u0103: <a href=\"mailto:acreditare@moldac.gov.md\">acreditare@moldac.gov.md<\/a><\/p>\n<p>[\/vc_column_text][\/vc_column][\/vc_row]<\/p>\n<p><\/p>\n<\/div>","protected":false},"excerpt":{"rendered":"<p>[vc_row][vc_column width=&#8221;1\/4&#8243;][vc_single_image image=&#8221;4932&#8243; img_size=&#8221;large&#8221;][\/vc_column][vc_column width=&#8221;3\/4&#8243;][vc_column_text] DAC\u0102 \u00ce\u021aI DORE\u0218TI UN JOB DE SUCCES \u00ceNTR-O ORGANIZA\u021aIE CU GEN DE ACTIVITATE INTERESANT \u2013 MOLDAC ESTE ALEGEREA POTRIVIT\u0102! Cerin\u021be: Studii superioare tehnice finisate; Minim 3 ani de experin\u021b\u0103 \u00een evaluarea conformit\u0103\u021bii (certific\u0103ri, evalu\u0103ri, \u00eencerc\u0103ri, etalon\u0103ri, inspec\u021bii; Cunoa\u0219terea limbii engleze la nivel avansat. Apitudini \u0219i deprinderi necesare: Disponibiitate de a [&hellip;]<\/p>\n","protected":false},"author":1,"featured_media":0,"parent":0,"menu_order":0,"comment_status":"closed","ping_status":"closed","template":"","meta":{"_acf_changed":false,"two_page_speed":[],"footnotes":""},"class_list":["post-4517","page","type-page","status-publish","hentry"],"acf":[],"_links":{"self":[{"href":"https:\/\/acreditare.md\/ru\/wp-json\/wp\/v2\/pages\/4517"}],"collection":[{"href":"https:\/\/acreditare.md\/ru\/wp-json\/wp\/v2\/pages"}],"about":[{"href":"https:\/\/acreditare.md\/ru\/wp-json\/wp\/v2\/types\/page"}],"author":[{"embeddable":true,"href":"https:\/\/acreditare.md\/ru\/wp-json\/wp\/v2\/users\/1"}],"replies":[{"embeddable":true,"href":"https:\/\/acreditare.md\/ru\/wp-json\/wp\/v2\/comments?post=4517"}],"version-history":[{"count":5,"href":"https:\/\/acreditare.md\/ru\/wp-json\/wp\/v2\/pages\/4517\/revisions"}],"predecessor-version":[{"id":10770,"href":"https:\/\/acreditare.md\/ru\/wp-json\/wp\/v2\/pages\/4517\/revisions\/10770"}],"wp:attachment":[{"href":"https:\/\/acreditare.md\/ru\/wp-json\/wp\/v2\/media?parent=4517"}],"curies":[{"name":"wp","href":"https:\/\/api.w.org\/{rel}","templated":true}]}}