{"id":365,"date":"2016-09-26T02:08:58","date_gmt":"2016-09-26T02:08:58","guid":{"rendered":"https:\/\/acreditare.md\/about-us\/"},"modified":"2020-10-20T09:00:38","modified_gmt":"2020-10-20T06:00:38","slug":"despre-2","status":"publish","type":"page","link":"https:\/\/acreditare.md\/ru\/despre-2\/","title":{"rendered":"MOLDAC"},"content":{"rendered":"<div class=\"wpb-content-wrapper\"><p>[vc_row][vc_column][vc_custom_heading text=&#8221;<b>ACREDITARE <\/b> &#8211; COMPETEN\u0162\u0102 \u015eI \u00ceNCREDERE&#8221; font_container=&#8221;tag:h2|font_size:25|text_align:center|line_height:1&#8243; use_theme_fonts=&#8221;yes&#8221; el_class=&#8221;mb-3&#8243;][vc_column_text]Centrul Na\u0163ional de Acreditare din Republica Moldova (MOLDAC) este o institu\u0163ie public\u0103, monitorizat\u0103 de organul de specialitate al administra\u0163iei publice centrale responsabil de infrastructura calit\u0103\u0163ii, constituit \u00een baza\u00a0<a href=\"https:\/\/lex.justice.md\/index.php?action=view&amp;view=doc&amp;lang=1&amp;id=342417\" target=\"_blank\" rel=\"noopener noreferrer\"><strong>Legii nr.235 din 01.12.2011\u00a0 privind activit\u0103\u0163ile de acreditare \u015fi de evaluare a conformit\u0103\u0163ii<\/strong><\/a><\/p>\n<p>MOLDAC este organism na\u0163ional unic de acreditare \u015fi are drept scop implementarea politicii de stat \u00een domeniul acredit\u0103rii \u015fi evalu\u0103rii conformit\u0103\u0163ii, conferind \u00eencredere \u00een competen\u0163a tehnic\u0103, impar\u0163ialitatea \u015fi integritatea organismelor de evaluare a conformit\u0103\u0163ii acreditate, precum \u015fi promovarea liberei circula\u0163ii a produselor, cre\u015fterea competitivit\u0103\u0163ii produselor \u015fi serviciilor, ap\u0103rarea drepturilor \u015fi intereselor consumatorului, asigurarea protec\u0163iei vie\u0163ii, s\u0103n\u0103t\u0103\u0163ii \u015fi securit\u0103\u0163ii persoanelor \u015fi a mediului.<\/p>\n<p>MOLDAC \u00ee\u015fi desf\u0103\u015foar\u0103 activitatea \u00een conformitate cu prevederile Constitu\u0163iei Republicii Moldova, actele legislative, decretele Pre\u015fedintelui Republicii Moldova, ordonan\u0163ele, actele normative \u015fi dispozi\u0163iile Guvernului, tratatele interna\u0163ionale la care Republica Moldova este parte,\u00a0<strong>ISO\/CEI 17011<\/strong>,\u00a0<a href=\"https:\/\/eur-lex.europa.eu\/LexUriServ\/LexUriServ.do?uri=OJ:L:2008:218:0030:0047:ro:PDF\"><strong>Regulamentului (CE) 765\/2008<\/strong><\/a>, documentele EA,IAF,ILAC, precum \u015fi cu prevederile\u00a0<strong>Regulamentului<\/strong>\u00a0<strong>MOLDAC<\/strong>, aprobat prin\u00a0<a href=\"https:\/\/lex.justice.md\/index.php?action=view&amp;view=doc&amp;lang=1&amp;id=346574\"><strong>Hot\u0103r\u00eerea Guvernului Nr. 77 din 25.01.2013 privind reorganizarea \u00centreprinderii de Stat \u201eCentrul de Acreditare \u00een domeniul Evalu\u0103rii Conformit\u0103\u0163ii Produselor&#8221;<\/strong><\/a><\/p>\n<p>Obiectivul primordial al MOLDAC este men\u021binerea statutului de semnatar al Acordului de Recunoa\u015ftere Bilateral\u0103 cu Cooperarea European\u0103 pentru Acreditare \u0219i cel de semnatar al Acordului de Recunoa\u0219tere Mutual\u0103 cu Cooperarea Interna\u021bional\u0103 pentru Acreditarea Laboratoarelor ILAC-MRA.<\/p>\n<p>MOLDAC a fost supus evalu\u0103rii la nivel de omologi pe baza unor criterii \u015fi proceduri de evaluare clare \u015fi transparente stabilite de organismele europene \u015fi interna\u0163ionale de acreditare EA, IAF, ILAC.<\/p>\n<p>MOLDAC respect\u0103 \u00een activitatea sa principiile de baz\u0103 ale acredit\u0103rii:<br \/>\n&#8211;\u00a0\u00a0 folosire a unor proceduri de evaluare unice, armonizate cu regulile europene \u015fi cu cele interna\u0163ionale, pentru acreditarea\u00a0\u00a0\u00a0 organismelor de evaluare a conformit\u0103\u0163ii;<br \/>\n&#8211;\u00a0\u00a0\u00a0 competen\u0163\u0103 \u015fi impar\u0163ialitate;<br \/>\n&#8211;\u00a0\u00a0\u00a0 transparen\u0163\u0103, disponibilitate public\u0103 \u015fi credibilitate;<br \/>\n&#8211;\u00a0\u00a0\u00a0 reprezentare a intereselor publice;<br \/>\n&#8211;\u00a0\u00a0\u00a0 acces liber, f\u0103r\u0103 discriminare, al tuturor solicitan\u0163ilor la procesul de acreditare;<br \/>\n&#8211;\u00a0\u00a0\u00a0 independen\u0163\u0103 fa\u0163\u0103 de posibila predominare a oric\u0103ror interese specifice;<br \/>\n&#8211;\u00a0\u00a0\u00a0 asigurare a confiden\u0163ialit\u0103\u0163ii \u015fi p\u0103strare a secretului profesional \u015fi a celui comercial;<br \/>\n&#8211;\u00a0\u00a0\u00a0 examinare impar\u0163ial\u0103 a apelurilor \u015fi a reclama\u0163iilor;<br \/>\n&#8211;\u00a0\u00a0\u00a0 caracterul voluntar al acredit\u0103rii.<br \/>\n<strong>Activitatea de acreditare este o activitate de autoritate public\u0103 recunoscut\u0103 oficial.<\/strong>[\/vc_column_text][\/vc_column][\/vc_row]<\/p>\n<\/div>","protected":false},"excerpt":{"rendered":"<p>[vc_row][vc_column][vc_custom_heading text=&#8221;ACREDITARE &#8211; COMPETEN\u0162\u0102 \u015eI \u00ceNCREDERE&#8221; font_container=&#8221;tag:h2|font_size:25|text_align:center|line_height:1&#8243; use_theme_fonts=&#8221;yes&#8221; el_class=&#8221;mb-3&#8243;][vc_column_text]Centrul Na\u0163ional de Acreditare din Republica Moldova (MOLDAC) este o institu\u0163ie public\u0103, monitorizat\u0103 de organul de specialitate al administra\u0163iei publice centrale responsabil de infrastructura calit\u0103\u0163ii, constituit \u00een baza\u00a0Legii nr.235 din 01.12.2011\u00a0 privind activit\u0103\u0163ile de acreditare \u015fi de evaluare a conformit\u0103\u0163ii MOLDAC este organism na\u0163ional unic de acreditare [&hellip;]<\/p>\n","protected":false},"author":1,"featured_media":0,"parent":0,"menu_order":2,"comment_status":"closed","ping_status":"closed","template":"","meta":{"_acf_changed":false,"two_page_speed":[],"footnotes":""},"class_list":["post-365","page","type-page","status-publish","hentry"],"acf":[],"_links":{"self":[{"href":"https:\/\/acreditare.md\/ru\/wp-json\/wp\/v2\/pages\/365"}],"collection":[{"href":"https:\/\/acreditare.md\/ru\/wp-json\/wp\/v2\/pages"}],"about":[{"href":"https:\/\/acreditare.md\/ru\/wp-json\/wp\/v2\/types\/page"}],"author":[{"embeddable":true,"href":"https:\/\/acreditare.md\/ru\/wp-json\/wp\/v2\/users\/1"}],"replies":[{"embeddable":true,"href":"https:\/\/acreditare.md\/ru\/wp-json\/wp\/v2\/comments?post=365"}],"version-history":[{"count":8,"href":"https:\/\/acreditare.md\/ru\/wp-json\/wp\/v2\/pages\/365\/revisions"}],"predecessor-version":[{"id":3551,"href":"https:\/\/acreditare.md\/ru\/wp-json\/wp\/v2\/pages\/365\/revisions\/3551"}],"wp:attachment":[{"href":"https:\/\/acreditare.md\/ru\/wp-json\/wp\/v2\/media?parent=365"}],"curies":[{"name":"wp","href":"https:\/\/api.w.org\/{rel}","templated":true}]}}