{"id":1078,"date":"2020-05-12T07:22:23","date_gmt":"2020-05-12T07:22:23","guid":{"rendered":"https:\/\/acreditare.md\/?page_id=1078"},"modified":"2021-03-03T15:19:43","modified_gmt":"2021-03-03T13:19:43","slug":"evenimente","status":"publish","type":"page","link":"https:\/\/acreditare.md\/ru\/evenimente\/","title":{"rendered":"Evenimente"},"content":{"rendered":"<div class=\"wpb-content-wrapper\"><p>[vc_row][vc_column]<div id=\"porto-blog-6124\" class=\"porto-blog wpb_content_element   wpb_custom_9c745ac33a8bb4820cfc6b89805915cc\">\t\t<div class=\"blog-posts posts-grid blog-posts-list\">\r\n\t\t\t<div class=\"posts-container row\">\r\n\t\t<div class=\"post post-grid col-md-6 post-12702 post type-post status-publish format-standard has-post-thumbnail hentry category-evenimente blog-post-item post-item-list\">\n\t\t\t<div class=\"post-image img-thumbnail\">\n\t\t\t<a href=\"https:\/\/acreditare.md\/ru\/sesiunea-intermediara-a-global-accreditation-cooperation-incorporated-global-aci\/\">\n\t\t\t\t<img loading=\"lazy\" decoding=\"async\" width=\"450\" height=\"231\" src=\"https:\/\/acreditare.md\/wp-content\/uploads\/2026\/04\/328908e5-30fe-4676-80de-2a3bb71d6239-1-450x231.jpeg\" alt=\"\" \/>\n\t\t\t<\/a>\n\t\t<\/div>\n\t\t<div class=\"post-item-content\">\n\t\t\t\t\t<span class=\"post-date\">Thursday April 23rd, 2026<\/span>\n\t\t\t\t\t\t<h5 class=\"post-item-title\"><a href=\"https:\/\/acreditare.md\/ru\/sesiunea-intermediara-a-global-accreditation-cooperation-incorporated-global-aci\/\">(Rom\u00e2n\u0103) Sesiunea intermediar\u0103 a Global Accreditation Cooperation Incorporated (Global ACI)<\/a><\/h5>\n\t\t\t<\/div>\n<\/div>\n<div class=\"post post-grid col-md-6 post-12671 post type-post status-publish format-standard has-post-thumbnail hentry category-evenimente category-uncategorized blog-post-item post-item-list\">\n\t\t\t<div class=\"post-image img-thumbnail\">\n\t\t\t<a href=\"https:\/\/acreditare.md\/ru\/global-accreditation-cooperation-incorporated-global-aci-noua-organizatie-internationala-de-acreditare\/\">\n\t\t\t\t<img loading=\"lazy\" decoding=\"async\" width=\"450\" height=\"231\" src=\"https:\/\/acreditare.md\/wp-content\/uploads\/2026\/04\/Captura-de-ecran-2026-04-14-111305-450x231.jpg\" alt=\"\" \/>\n\t\t\t<\/a>\n\t\t<\/div>\n\t\t<div class=\"post-item-content\">\n\t\t\t\t\t<span class=\"post-date\">Tuesday April 14th, 2026<\/span>\n\t\t\t\t\t\t<h5 class=\"post-item-title\"><a href=\"https:\/\/acreditare.md\/ru\/global-accreditation-cooperation-incorporated-global-aci-noua-organizatie-internationala-de-acreditare\/\">(Rom\u00e2n\u0103) Global Accreditation Cooperation Incorporated (Global ACI) \u2013 noua organiza\u021bie interna\u021bional\u0103 de acreditare<\/a><\/h5>\n\t\t\t<\/div>\n<\/div>\n<div class=\"post post-grid col-md-6 post-12665 post type-post status-publish format-standard has-post-thumbnail hentry category-evenimente category-uncategorized blog-post-item post-item-list\">\n\t\t\t<div class=\"post-image img-thumbnail\">\n\t\t\t<a href=\"https:\/\/acreditare.md\/ru\/sedinta-de-lucru-moldac-inm-privind-acreditarea-conform-iso-iec-17043-si-cooperarea-in-proiecte-metrologice-europene\/\">\n\t\t\t\t<img loading=\"lazy\" decoding=\"async\" width=\"450\" height=\"231\" src=\"https:\/\/acreditare.md\/wp-content\/uploads\/2026\/04\/fin-1-450x231.jpg\" alt=\"\" \/>\n\t\t\t<\/a>\n\t\t<\/div>\n\t\t<div class=\"post-item-content\">\n\t\t\t\t\t<span class=\"post-date\">Tuesday April 14th, 2026<\/span>\n\t\t\t\t\t\t<h5 class=\"post-item-title\"><a href=\"https:\/\/acreditare.md\/ru\/sedinta-de-lucru-moldac-inm-privind-acreditarea-conform-iso-iec-17043-si-cooperarea-in-proiecte-metrologice-europene\/\">(Rom\u00e2n\u0103) \u0218edin\u021b\u0103 de lucru MOLDAC\u2013INM<\/a><\/h5>\n\t\t\t<\/div>\n<\/div>\n<div class=\"post post-grid col-md-6 post-12640 post type-post status-publish format-standard hentry category-evenimente blog-post-item post-item-list\">\n\t\t<div class=\"post-item-content\">\n\t\t\t\t\t<span class=\"post-date\">Friday April 10th, 2026<\/span>\n\t\t\t\t\t\t<h5 class=\"post-item-title\"><a href=\"https:\/\/acreditare.md\/ru\/participarea-moldac-la-sedinta-comitetului-de-acreditare-din-cadrul-proiectului-ptb-eap\/\">(Rom\u00e2n\u0103) Participarea MOLDAC la \u0219edin\u021ba Comitetului de Acreditare din cadrul proiectului PTB (EaP)<\/a><\/h5>\n\t\t\t<\/div>\n<\/div>\n<div class=\"post post-grid col-md-6 post-12609 post type-post status-publish format-standard has-post-thumbnail hentry category-evenimente blog-post-item post-item-list\">\n\t\t\t<div class=\"post-image img-thumbnail\">\n\t\t\t<a href=\"https:\/\/acreditare.md\/ru\/12609-2\/\">\n\t\t\t\t<img loading=\"lazy\" decoding=\"async\" width=\"450\" height=\"231\" src=\"https:\/\/acreditare.md\/wp-content\/uploads\/2026\/04\/90b372e0-de04-447f-9e87-226d28867fda-450x231.jpeg\" alt=\"\" \/>\n\t\t\t<\/a>\n\t\t<\/div>\n\t\t<div class=\"post-item-content\">\n\t\t\t\t\t<span class=\"post-date\">Friday April  3rd, 2026<\/span>\n\t\t\t\t\t\t<h5 class=\"post-item-title\"><a href=\"https:\/\/acreditare.md\/ru\/12609-2\/\">(Rom\u00e2n\u0103) Acreditarea Organismului de certificare produse (OCpr) din cadrul SRL \u201eRIVER PORT SOLUTIONS\u201d<\/a><\/h5>\n\t\t\t<\/div>\n<\/div>\n<div class=\"post post-grid col-md-6 post-12602 post type-post status-publish format-standard has-post-thumbnail hentry category-evenimente category-uncategorized blog-post-item post-item-list\">\n\t\t\t<div class=\"post-image img-thumbnail\">\n\t\t\t<a href=\"https:\/\/acreditare.md\/ru\/participarea-moldac-la-sedinta-proiectului-bilateral-ptb-consolidarea-infrastructurii-calitatii-pentru-aderarea-la-ue-si-cresterea-competitivitatii-in-republica-moldova\/\">\n\t\t\t\t<img loading=\"lazy\" decoding=\"async\" width=\"197\" height=\"120\" src=\"https:\/\/acreditare.md\/wp-content\/uploads\/2025\/12\/ptb1.png\" alt=\"\" \/>\n\t\t\t<\/a>\n\t\t<\/div>\n\t\t<div class=\"post-item-content\">\n\t\t\t\t\t<span class=\"post-date\">Thursday April  2nd, 2026<\/span>\n\t\t\t\t\t\t<h5 class=\"post-item-title\"><a href=\"https:\/\/acreditare.md\/ru\/participarea-moldac-la-sedinta-proiectului-bilateral-ptb-consolidarea-infrastructurii-calitatii-pentru-aderarea-la-ue-si-cresterea-competitivitatii-in-republica-moldova\/\">(Rom\u00e2n\u0103) Participarea MOLDAC la \u0219edin\u021ba proiectului bilateral PTB \u201eConsolidarea infrastructurii calit\u0103\u021bii pentru aderarea la UE \u0219i cre\u0219terea competitivit\u0103\u021bii \u00een Republica Moldova\u201d<\/a><\/h5>\n\t\t\t<\/div>\n<\/div>\n<div class=\"post post-grid col-md-6 post-12595 post type-post status-publish format-standard has-post-thumbnail hentry category-evenimente blog-post-item post-item-list\">\n\t\t\t<div class=\"post-image img-thumbnail\">\n\t\t\t<a href=\"https:\/\/acreditare.md\/ru\/12595-2\/\">\n\t\t\t\t<img loading=\"lazy\" decoding=\"async\" width=\"450\" height=\"231\" src=\"https:\/\/acreditare.md\/wp-content\/uploads\/2026\/04\/fin-450x231.jpeg\" alt=\"\" \/>\n\t\t\t<\/a>\n\t\t<\/div>\n\t\t<div class=\"post-item-content\">\n\t\t\t\t\t<span class=\"post-date\">Thursday April  2nd, 2026<\/span>\n\t\t\t\t\t\t<h5 class=\"post-item-title\"><a href=\"https:\/\/acreditare.md\/ru\/12595-2\/\">(Rom\u00e2n\u0103) Acreditarea Organismului de Inspec\u021bie (tip A) din cadrul \u201eINSPECT LIFT\u201d S.R.L.<\/a><\/h5>\n\t\t\t<\/div>\n<\/div>\n<div class=\"post post-grid col-md-6 post-12587 post type-post status-publish format-standard has-post-thumbnail hentry category-evenimente blog-post-item post-item-list\">\n\t\t\t<div class=\"post-image img-thumbnail\">\n\t\t\t<a href=\"https:\/\/acreditare.md\/ru\/activitati-in-cadrul-centrului-de-instruire-moldac-30\/\">\n\t\t\t\t<img loading=\"lazy\" decoding=\"async\" width=\"448\" height=\"231\" src=\"https:\/\/acreditare.md\/wp-content\/uploads\/2022\/07\/MOLDAC_Presentation-Template-3-448x231.jpg\" alt=\"\" \/>\n\t\t\t<\/a>\n\t\t<\/div>\n\t\t<div class=\"post-item-content\">\n\t\t\t\t\t<span class=\"post-date\">Thursday April  2nd, 2026<\/span>\n\t\t\t\t\t\t<h5 class=\"post-item-title\"><a href=\"https:\/\/acreditare.md\/ru\/activitati-in-cadrul-centrului-de-instruire-moldac-30\/\">(Rom\u00e2n\u0103) Activit\u0103\u021bi \u00een cadrul Centrului de Instruire MOLDAC<\/a><\/h5>\n\t\t\t<\/div>\n<\/div>\n<div class=\"post post-grid col-md-6 post-12563 post type-post status-publish format-standard has-post-thumbnail hentry category-evenimente category-uncategorized blog-post-item post-item-list\">\n\t\t\t<div class=\"post-image img-thumbnail\">\n\t\t\t<a href=\"https:\/\/acreditare.md\/ru\/sedinta-comitetului-ea-pentru-certificare-ea-cc\/\">\n\t\t\t\t<img loading=\"lazy\" decoding=\"async\" width=\"450\" height=\"231\" src=\"https:\/\/acreditare.md\/wp-content\/uploads\/2026\/03\/b3038c75-7fb4-4d5f-b969-310035641839-450x231.jpeg\" alt=\"\" \/>\n\t\t\t<\/a>\n\t\t<\/div>\n\t\t<div class=\"post-item-content\">\n\t\t\t\t\t<span class=\"post-date\">Tuesday March 31st, 2026<\/span>\n\t\t\t\t\t\t<h5 class=\"post-item-title\"><a href=\"https:\/\/acreditare.md\/ru\/sedinta-comitetului-ea-pentru-certificare-ea-cc\/\">(Rom\u00e2n\u0103) \u0218edin\u021ba Comitetului EA pentru Certificare (EA CC)<\/a><\/h5>\n\t\t\t<\/div>\n<\/div>\n<div class=\"post post-grid col-md-6 post-12548 post type-post status-publish format-standard has-post-thumbnail hentry category-evenimente category-uncategorized blog-post-item post-item-list\">\n\t\t\t<div class=\"post-image img-thumbnail\">\n\t\t\t<a href=\"https:\/\/acreditare.md\/ru\/sedinta-comitetului-ea-pentru-laboratoare-7\/\">\n\t\t\t\t<img loading=\"lazy\" decoding=\"async\" width=\"450\" height=\"231\" src=\"https:\/\/acreditare.md\/wp-content\/uploads\/2026\/03\/Captura-de-ecran-2026-03-26-101334-450x231.jpg\" alt=\"\" \/>\n\t\t\t<\/a>\n\t\t<\/div>\n\t\t<div class=\"post-item-content\">\n\t\t\t\t\t<span class=\"post-date\">Monday March 30th, 2026<\/span>\n\t\t\t\t\t\t<h5 class=\"post-item-title\"><a href=\"https:\/\/acreditare.md\/ru\/sedinta-comitetului-ea-pentru-laboratoare-7\/\">(Rom\u00e2n\u0103) \u0218edin\u021ba Comitetului EA pentru Laboratoare (EA LC)<\/a><\/h5>\n\t\t\t<\/div>\n<\/div>\n<div class=\"post post-grid col-md-6 post-12538 post type-post status-publish format-standard has-post-thumbnail hentry category-evenimente blog-post-item post-item-list\">\n\t\t\t<div class=\"post-image img-thumbnail\">\n\t\t\t<a href=\"https:\/\/acreditare.md\/ru\/sedinta-comitetului-pentru-inspectii-ea-ic-5\/\">\n\t\t\t\t<img loading=\"lazy\" decoding=\"async\" width=\"450\" height=\"231\" src=\"https:\/\/acreditare.md\/wp-content\/uploads\/2026\/03\/1774433905475-450x231.jpeg\" alt=\"\" \/>\n\t\t\t<\/a>\n\t\t<\/div>\n\t\t<div class=\"post-item-content\">\n\t\t\t\t\t<span class=\"post-date\">Thursday March 26th, 2026<\/span>\n\t\t\t\t\t\t<h5 class=\"post-item-title\"><a href=\"https:\/\/acreditare.md\/ru\/sedinta-comitetului-pentru-inspectii-ea-ic-5\/\">(Rom\u00e2n\u0103) \u0218edin\u021ba Comitetului EA pentru Inspec\u021bii (EA IC)<\/a><\/h5>\n\t\t\t<\/div>\n<\/div>\n<div class=\"post post-grid col-md-6 post-12507 post type-post status-publish format-standard has-post-thumbnail hentry category-evenimente blog-post-item post-item-list\">\n\t\t\t<div class=\"post-image img-thumbnail\">\n\t\t\t<a href=\"https:\/\/acreditare.md\/ru\/sedinta-de-lucru-privind-alinierea-republicii-moldova-la-cerintele-si-practicile-uniunii-europene-in-monitorizarea-calitatii-aerului-atmosferic\/\">\n\t\t\t\t<img loading=\"lazy\" decoding=\"async\" width=\"450\" height=\"231\" src=\"https:\/\/acreditare.md\/wp-content\/uploads\/2026\/03\/Captura-de-ecran-2026-03-19-122208-450x231.jpg\" alt=\"\" \/>\n\t\t\t<\/a>\n\t\t<\/div>\n\t\t<div class=\"post-item-content\">\n\t\t\t\t\t<span class=\"post-date\">Thursday March 19th, 2026<\/span>\n\t\t\t\t\t\t<h5 class=\"post-item-title\"><a href=\"https:\/\/acreditare.md\/ru\/sedinta-de-lucru-privind-alinierea-republicii-moldova-la-cerintele-si-practicile-uniunii-europene-in-monitorizarea-calitatii-aerului-atmosferic\/\">(Rom\u00e2n\u0103) \u0218edin\u021b\u0103 de lucru privind alinierea Republicii Moldova la cerin\u021bele \u0219i practicile Uniunii Europene \u00een monitorizarea calit\u0103\u021bii aerului atmosferic<\/a><\/h5>\n\t\t\t<\/div>\n<\/div>\n<div class=\"post post-grid col-md-6 post-12439 post type-post status-publish format-standard has-post-thumbnail hentry category-evenimente blog-post-item post-item-list\">\n\t\t\t<div class=\"post-image img-thumbnail\">\n\t\t\t<a href=\"https:\/\/acreditare.md\/ru\/prima-sedinta-a-retelei-de-comunicare-din-cadrul-global-accreditation-cooperation-incorporated\/\">\n\t\t\t\t<img loading=\"lazy\" decoding=\"async\" width=\"450\" height=\"231\" src=\"https:\/\/acreditare.md\/wp-content\/uploads\/2026\/03\/A-fin-450x231.jpg\" alt=\"\" \/>\n\t\t\t<\/a>\n\t\t<\/div>\n\t\t<div class=\"post-item-content\">\n\t\t\t\t\t<span class=\"post-date\">Tuesday March 10th, 2026<\/span>\n\t\t\t\t\t\t<h5 class=\"post-item-title\"><a href=\"https:\/\/acreditare.md\/ru\/prima-sedinta-a-retelei-de-comunicare-din-cadrul-global-accreditation-cooperation-incorporated\/\">(Rom\u00e2n\u0103) Prima \u0219edin\u021b\u0103 a Re\u021belei de Comunicare din cadrul Global Accreditation Cooperation Incorporated<\/a><\/h5>\n\t\t\t<\/div>\n<\/div>\n<div class=\"post post-grid col-md-6 post-12411 post type-post status-publish format-standard has-post-thumbnail hentry category-evenimente category-uncategorized blog-post-item post-item-list\">\n\t\t\t<div class=\"post-image img-thumbnail\">\n\t\t\t<a href=\"https:\/\/acreditare.md\/ru\/vizita-de-studiu-moldac-la-ats-prezentarea-sistemului-informational\/\">\n\t\t\t\t<img loading=\"lazy\" decoding=\"async\" width=\"450\" height=\"231\" src=\"https:\/\/acreditare.md\/wp-content\/uploads\/2026\/03\/2896dc79-2679-45c2-8761-2e78781b0747-450x231.jpeg\" alt=\"\" \/>\n\t\t\t<\/a>\n\t\t<\/div>\n\t\t<div class=\"post-item-content\">\n\t\t\t\t\t<span class=\"post-date\">Monday March  2nd, 2026<\/span>\n\t\t\t\t\t\t<h5 class=\"post-item-title\"><a href=\"https:\/\/acreditare.md\/ru\/vizita-de-studiu-moldac-la-ats-prezentarea-sistemului-informational\/\">(Rom\u00e2n\u0103) Vizit\u0103 de studiu MOLDAC la ATS: prezentarea sistemului informa\u021bional<\/a><\/h5>\n\t\t\t<\/div>\n<\/div>\n<div class=\"post post-grid col-md-6 post-12387 post type-post status-publish format-standard has-post-thumbnail hentry category-evenimente category-uncategorized blog-post-item post-item-list\">\n\t\t\t<div class=\"post-image img-thumbnail\">\n\t\t\t<a href=\"https:\/\/acreditare.md\/ru\/participarea-la-seminarul-regional-organizat-in-cadrul-%f0%9d%90%8f%f0%9d%90%ab%f0%9d%90%a8%f0%9d%90%a2%f0%9d%90%9e%f0%9d%90%9c%f0%9d%90%ad%f0%9d%90%ae%f0%9d%90%a5%f0%9d%90%ae%f0%9d%90%a2-%f0%9d%90%8f\/\">\n\t\t\t\t<img loading=\"lazy\" decoding=\"async\" width=\"450\" height=\"231\" src=\"https:\/\/acreditare.md\/wp-content\/uploads\/2026\/02\/639789070_1327787816048330_2455875581144171296_n-450x231.jpg\" alt=\"\" \/>\n\t\t\t<\/a>\n\t\t<\/div>\n\t\t<div class=\"post-item-content\">\n\t\t\t\t\t<span class=\"post-date\">Sunday February 22nd, 2026<\/span>\n\t\t\t\t\t\t<h5 class=\"post-item-title\"><a href=\"https:\/\/acreditare.md\/ru\/participarea-la-seminarul-regional-organizat-in-cadrul-%f0%9d%90%8f%f0%9d%90%ab%f0%9d%90%a8%f0%9d%90%a2%f0%9d%90%9e%f0%9d%90%9c%f0%9d%90%ad%f0%9d%90%ae%f0%9d%90%a5%f0%9d%90%ae%f0%9d%90%a2-%f0%9d%90%8f\/\">(Rom\u00e2n\u0103) Participarea la seminarul regional organizat \u00een cadrul \ud835\udc0f\ud835\udc2b\ud835\udc28\ud835\udc22\ud835\udc1e\ud835\udc1c\ud835\udc2d\ud835\udc2e\ud835\udc25\ud835\udc2e\ud835\udc22 \ud835\udc0f\ud835\udc13\ud835\udc01 \u201c\ud835\udc10\ud835\udc2e\ud835\udc1a\ud835\udc25\ud835\udc22\ud835\udc2d\ud835\udc32 \ud835\udc12\ud835\udc2d\ud835\udc1a\ud835\udc27\ud835\udc1d\ud835\udc1a\ud835\udc2b\ud835\udc1d\ud835\udc2c \ud835\udc1f\ud835\udc28\ud835\udc2b \ud835\udc08\ud835\udc27\ud835\udc1c\ud835\udc2b\ud835\udc1e\ud835\udc1a\ud835\udc2c\ud835\udc1e\ud835\udc1d \ud835\udc13\ud835\udc2b\ud835\udc1a\ud835\udc1d\ud835\udc1e \ud835\udc22\ud835\udc27 \ud835\udc2d\ud835\udc21\ud835\udc1e \ud835\udc04\ud835\udc1a\ud835\udc2c\ud835\udc2d\ud835\udc1e\ud835\udc2b\ud835\udc27 \ud835\udc0f\ud835\udc1a\ud835\udc2b\ud835\udc2d\ud835\udc27\ud835\udc1e\ud835\udc2b\ud835\udc2c\ud835\udc21\ud835\udc22\ud835\udc29 \ud835\udc02\ud835\udc28\ud835\udc2e\ud835\udc27\ud835\udc2d\ud835\udc2b\ud835\udc22\ud835\udc1e\ud835\udc2c\u201d<\/a><\/h5>\n\t\t\t<\/div>\n<\/div>\n<div class=\"post post-grid col-md-6 post-12341 post type-post status-publish format-standard has-post-thumbnail hentry category-evenimente category-uncategorized blog-post-item post-item-list\">\n\t\t\t<div class=\"post-image img-thumbnail\">\n\t\t\t<a href=\"https:\/\/acreditare.md\/ru\/participarea-moldac-la-evenimentul-de-lansare-a-proiectului-strengthening-quality-infrastructure-for-eu-accession-and-competitiveness\/\">\n\t\t\t\t<img loading=\"lazy\" decoding=\"async\" width=\"450\" height=\"231\" src=\"https:\/\/acreditare.md\/wp-content\/uploads\/2026\/02\/633276173_1644082813713952_4249099882285730336_n-450x231.jpg\" alt=\"\" \/>\n\t\t\t<\/a>\n\t\t<\/div>\n\t\t<div class=\"post-item-content\">\n\t\t\t\t\t<span class=\"post-date\">Thursday February 12th, 2026<\/span>\n\t\t\t\t\t\t<h5 class=\"post-item-title\"><a href=\"https:\/\/acreditare.md\/ru\/participarea-moldac-la-evenimentul-de-lansare-a-proiectului-strengthening-quality-infrastructure-for-eu-accession-and-competitiveness\/\">(Rom\u00e2n\u0103) Participarea MOLDAC la evenimentul de lansare a proiectului \u201eStrengthening quality infrastructure for EU accession and competitiveness\u201d<\/a><\/h5>\n\t\t\t<\/div>\n<\/div>\n<div class=\"post post-grid col-md-6 post-12330 post type-post status-publish format-standard has-post-thumbnail hentry category-evenimente blog-post-item post-item-list\">\n\t\t\t<div class=\"post-image img-thumbnail\">\n\t\t\t<a href=\"https:\/\/acreditare.md\/ru\/activitati-in-cadrul-centrului-de-instruire-moldac-28\/\">\n\t\t\t\t<img loading=\"lazy\" decoding=\"async\" width=\"448\" height=\"231\" src=\"https:\/\/acreditare.md\/wp-content\/uploads\/2022\/07\/MOLDAC_Presentation-Template-3-448x231.jpg\" alt=\"\" \/>\n\t\t\t<\/a>\n\t\t<\/div>\n\t\t<div class=\"post-item-content\">\n\t\t\t\t\t<span class=\"post-date\">Wednesday February 11th, 2026<\/span>\n\t\t\t\t\t\t<h5 class=\"post-item-title\"><a href=\"https:\/\/acreditare.md\/ru\/activitati-in-cadrul-centrului-de-instruire-moldac-28\/\">(Rom\u00e2n\u0103) Activit\u0103\u021bi \u00een cadrul Centrului de Instruire MOLDAC<\/a><\/h5>\n\t\t\t<\/div>\n<\/div>\n<div class=\"post post-grid col-md-6 post-12308 post type-post status-publish format-standard has-post-thumbnail hentry category-evenimente blog-post-item post-item-list\">\n\t\t\t<div class=\"post-image img-thumbnail\">\n\t\t\t<a href=\"https:\/\/acreditare.md\/ru\/vizita-presedintei-ea-doamna-maureen-logghe-la-moldac\/\">\n\t\t\t\t<img loading=\"lazy\" decoding=\"async\" width=\"450\" height=\"231\" src=\"https:\/\/acreditare.md\/wp-content\/uploads\/2026\/02\/00dec87b-f108-4c4b-8c2b-4876778d23bb-450x231.jpg\" alt=\"\" \/>\n\t\t\t<\/a>\n\t\t<\/div>\n\t\t<div class=\"post-item-content\">\n\t\t\t\t\t<span class=\"post-date\">Thursday February  5th, 2026<\/span>\n\t\t\t\t\t\t<h5 class=\"post-item-title\"><a href=\"https:\/\/acreditare.md\/ru\/vizita-presedintei-ea-doamna-maureen-logghe-la-moldac\/\">(Rom\u00e2n\u0103) Vizita Pre\u0219edintei EA, doamna Maureen Logghe, la MOLDAC<\/a><\/h5>\n\t\t\t<\/div>\n<\/div>\n<div class=\"post post-grid col-md-6 post-12299 post type-post status-publish format-standard has-post-thumbnail hentry category-evenimente category-uncategorized blog-post-item post-item-list\">\n\t\t\t<div class=\"post-image img-thumbnail\">\n\t\t\t<a href=\"https:\/\/acreditare.md\/ru\/ptb-eastern-partnership-lansare-festiva-a-proiectului-quality-standards-for-increased-trade-in-the-eastern-partnership-countries-etapa-a-ii-a-2026-2028\/\">\n\t\t\t\t<img loading=\"lazy\" decoding=\"async\" width=\"197\" height=\"120\" src=\"https:\/\/acreditare.md\/wp-content\/uploads\/2025\/12\/ptb1.png\" alt=\"\" \/>\n\t\t\t<\/a>\n\t\t<\/div>\n\t\t<div class=\"post-item-content\">\n\t\t\t\t\t<span class=\"post-date\">Wednesday February  4th, 2026<\/span>\n\t\t\t\t\t\t<h5 class=\"post-item-title\"><a href=\"https:\/\/acreditare.md\/ru\/ptb-eastern-partnership-lansare-festiva-a-proiectului-quality-standards-for-increased-trade-in-the-eastern-partnership-countries-etapa-a-ii-a-2026-2028\/\">(Rom\u00e2n\u0103) PTB Eastern Partnership \u2013 Lansare festiv\u0103 a proiectului \u201eQuality Standards for Increased Trade in the Eastern Partnership Countries etapa a II-a\u201d (2026\u20132028)<\/a><\/h5>\n\t\t\t<\/div>\n<\/div>\n<div class=\"post post-grid col-md-6 post-12265 post type-post status-publish format-standard has-post-thumbnail hentry category-evenimente blog-post-item post-item-list\">\n\t\t\t<div class=\"post-image img-thumbnail\">\n\t\t\t<a href=\"https:\/\/acreditare.md\/ru\/masa-rotunda-moldac-inm-privind-procesul-de-acreditare-a-ocpr-inm\/\">\n\t\t\t\t<img loading=\"lazy\" decoding=\"async\" width=\"450\" height=\"231\" src=\"https:\/\/acreditare.md\/wp-content\/uploads\/2026\/01\/Captura-de-ecran-2026-01-29-125531-450x231.jpg\" alt=\"\" \/>\n\t\t\t<\/a>\n\t\t<\/div>\n\t\t<div class=\"post-item-content\">\n\t\t\t\t\t<span class=\"post-date\">Thursday January 29th, 2026<\/span>\n\t\t\t\t\t\t<h5 class=\"post-item-title\"><a href=\"https:\/\/acreditare.md\/ru\/masa-rotunda-moldac-inm-privind-procesul-de-acreditare-a-ocpr-inm\/\">(Rom\u00e2n\u0103) Mas\u0103 rotund\u0103 MOLDAC\u2013INM privind procesul de acreditare a OCpr-INM<\/a><\/h5>\n\t\t\t<\/div>\n<\/div>\n\r\n\t\r\n\t\t\t<\/div>\r\n\t\t<\/div>\r\n\r\n\t\r\n\t\t\t\t\t\t<div class=\"clearfix\"><\/div>\n\t\t\t<div class=\"pagination-wrap\">\n\t\t\t\t\t\t\t\t<div class=\"pagination\" role=\"navigation\">\n\t\t\t\t\t<span aria-current=\"page\" class=\"page-numbers current\">1<\/span><a class=\"page-numbers\" href=\"https:\/\/acreditare.md\/ru\/wp-json\/wp\/v2\/pages\/1078\/page\/2\/\">2<\/a><span class=\"page-numbers dots\">&hellip;<\/span><a class=\"page-numbers\" href=\"https:\/\/acreditare.md\/ru\/wp-json\/wp\/v2\/pages\/1078\/page\/22\/\">22<\/a><a class=\"next page-numbers\" href=\"https:\/\/acreditare.md\/ru\/wp-json\/wp\/v2\/pages\/1078\/page\/2\/\">Next&nbsp;&nbsp;<i class=\"fas fa-long-arrow-alt-right\"><\/i><\/a>\t\t\t\t<\/div>\n\t\t\t<\/div>\n\t\t\t\t\r\n\t<\/div>[\/vc_column][\/vc_row]<\/p>\n<\/div>","protected":false},"excerpt":{"rendered":"<p>[vc_row][vc_column][\/vc_column][\/vc_row]<\/p>\n","protected":false},"author":1,"featured_media":0,"parent":0,"menu_order":0,"comment_status":"closed","ping_status":"closed","template":"","meta":{"_acf_changed":false,"two_page_speed":[],"footnotes":""},"class_list":["post-1078","page","type-page","status-publish","hentry"],"acf":[],"_links":{"self":[{"href":"https:\/\/acreditare.md\/ru\/wp-json\/wp\/v2\/pages\/1078"}],"collection":[{"href":"https:\/\/acreditare.md\/ru\/wp-json\/wp\/v2\/pages"}],"about":[{"href":"https:\/\/acreditare.md\/ru\/wp-json\/wp\/v2\/types\/page"}],"author":[{"embeddable":true,"href":"https:\/\/acreditare.md\/ru\/wp-json\/wp\/v2\/users\/1"}],"replies":[{"embeddable":true,"href":"https:\/\/acreditare.md\/ru\/wp-json\/wp\/v2\/comments?post=1078"}],"version-history":[{"count":4,"href":"https:\/\/acreditare.md\/ru\/wp-json\/wp\/v2\/pages\/1078\/revisions"}],"predecessor-version":[{"id":4130,"href":"https:\/\/acreditare.md\/ru\/wp-json\/wp\/v2\/pages\/1078\/revisions\/4130"}],"wp:attachment":[{"href":"https:\/\/acreditare.md\/ru\/wp-json\/wp\/v2\/media?parent=1078"}],"curies":[{"name":"wp","href":"https:\/\/api.w.org\/{rel}","templated":true}]}}