{"id":884,"date":"2020-02-18T01:07:23","date_gmt":"2020-02-18T01:07:23","guid":{"rendered":"https:\/\/acreditare.md\/?page_id=884"},"modified":"2024-09-05T16:12:04","modified_gmt":"2024-09-05T13:12:04","slug":"organisme-de-certificare-sisteme-de-management-al-sigurantei-alimentelor","status":"publish","type":"page","link":"https:\/\/acreditare.md\/en\/documente\/documente-aplicabile-ea-ilac-iaf\/organisme-de-certificare-sisteme-de-management-al-sigurantei-alimentelor\/","title":{"rendered":"Organisme de certificare sisteme de management siguran\u021ba alimentelor"},"content":{"rendered":"<div class=\"wpb-content-wrapper\"><p>[vc_row][vc_column]<div class=\"porto-content-box featured-boxes wpb_content_element \"><div class=\"featured-box featured-box-primary  align-left\"><div class=\"box-content\" style=\"\">[vc_column_text]<\/p>\n<h2>Documente EA,IAF aplicabile standardelor SM SR EN ISO\/CEI 17021-1:2015 \u015fi SM ISO 22003:2023<\/h2>\n<ul>\n<li><a href=\"https:\/\/acreditare.md\/wp-content\/uploads\/2023\/11\/IAF_MD1_Issue_3_18102023.pdf\" target=\"_blank\" rel=\"noopener\"><strong>IAF MD 1<\/strong>:2023 Mandatory Document for the Audit and Certification of a Management System Operated by a Multi-Site Organization<\/a><\/li>\n<li><a href=\"https:\/\/acreditare.md\/wp-content\/uploads\/2023\/11\/IAF_MD2_2023_Issue2_Version2_14062023.pdf\" target=\"_blank\" rel=\"noopener\"><strong>IAF MD 2<\/strong>:2023 IAF Mandatory Document for the Transfer of Accredited Certification of Management Systems<\/a><\/li>\n<li><a href=\"https:\/\/acreditare.md\/wp-content\/uploads\/2023\/11\/iaf-md-4-issue2-version4-2023.pdf\" target=\"_blank\" rel=\"noopener\"><strong>IAF MD 4<\/strong>:2023 IAF Mandatory Document for the Use of Information and Communication Technology (ICT) for Auditing\/ Assessment Purposes<\/a><\/li>\n<li><a href=\"https:\/\/acreditare.md\/wp-content\/uploads\/2023\/11\/IAF_MD_7_Issue_2_21022023-1.pdf\" target=\"_blank\" rel=\"noopener\"><strong>IAF MD 7<\/strong>:2023 Harmonisation of Sanctions<\/a><\/li>\n<li><a href=\"https:\/\/acreditare.md\/wp-content\/uploads\/2023\/11\/IAF_MD_11_Issue_3_12092023.pdf\" target=\"_blank\" rel=\"noopener\"><strong>IAF MD 11<\/strong>:2023\u00a0 IAF Mandatory Document for the Application of ISO\/IEC 17021 for Audits of Integrated Management Systems<\/a><\/li>\n<li><a href=\"https:\/\/acreditare.md\/wp-content\/uploads\/2023\/11\/IAF_MD12_2023_Issue2_Version2_14062023-1.pdf\" target=\"_blank\" rel=\"noopener\"><strong>IAF MD 12<\/strong>:2023\u00a0 Assessment of Certification Activities for Cross Frontier Accreditation<\/a><\/li>\n<li><a href=\"https:\/\/acreditare.md\/wp-content\/uploads\/2023\/11\/IAF_MD15_CB_Indicators_Issue1_Version2_14062023.pdf\" target=\"_blank\" rel=\"noopener\"><strong>IAF MD 15<\/strong>:2023 IAF Mandatory Document for the Collection of Data to Provide Indicators of Management System Certification Bodies\u2019 Performance<\/a><\/li>\n<li><a href=\"https:\/\/acreditare.md\/wp-content\/uploads\/2023\/11\/IAF_MD16_Appln_17011_FSMS_CB_Accreditation_Issue1_Version3_14062023.pdf\" target=\"_blank\" rel=\"noopener\"><strong>IAF MD 16<\/strong>:2023 Application of ISO\/IEC 17011 for the Accreditation of Food Safety Management Systems (FSMS) Certification Bodies<\/a><\/li>\n<li><a href=\"https:\/\/acreditare.md\/wp-content\/uploads\/2023\/11\/IAF_MD17_Issue_2_Version2_14062023.pdf\" target=\"_blank\" rel=\"noopener\"><strong>IAF MD 17<\/strong>:2023 Witnessing Activities for the Accreditation of Management Systems Certification Bodies<\/a><\/li>\n<li><a href=\"https:\/\/acreditare.md\/wp-content\/uploads\/2023\/11\/IAF_MD_27_22003-1_Transition_30082023.pdf\" target=\"_blank\" rel=\"noopener\"><strong>IAF MD 27<\/strong>:2023 Transition requirements for ISO 22003-1:2022<\/a><\/li>\n<li><a href=\"https:\/\/acreditare.md\/wp-content\/uploads\/2024\/09\/IAF_MD_28_Issue1_26102023.pdf\" target=\"_blank\" rel=\"noopener\"><strong>IAF MD 28<\/strong>:2023 IAFMandatory Document for the Upload and Maintenance of Data on IAF Database<\/a><\/li>\n<li><a href=\"https:\/\/acreditare.md\/wp-content\/uploads\/2023\/11\/IAF_ML2_2023_MLA_Mark_Use_Issue_4_31052023-2.pdf\" target=\"_blank\" rel=\"noopener\"><strong>IAF ML 2<\/strong>:2023 General Principles on the Use of the IAF MLA Mark\u00a0<\/a><\/li>\n<li><a href=\"https:\/\/acreditare.md\/wp-content\/uploads\/2024\/09\/IAF_PL9_Issue_1_Version2_15062023.pdf\" target=\"_blank\" rel=\"noopener\"><strong>IAF PL 9<\/strong>:2023 General principles for the use of the iaf certsearch mark<\/a><\/li>\n<\/ul>\n<p>[vc_row][vc_column]<div class=\"porto-content-box featured-boxes wpb_content_element \"><div class=\"featured-box featured-box-primary  align-left\"><div class=\"box-content\" style=\"\"><\/div><\/div><\/div>[vc_column_text]<\/p>\n<p><strong>Not\u0103<\/strong>: Versiunea \u00een limba rom\u00e2n\u0103 a documentelor indicate mai sus, poate fi solicitat\u0103 de la MOLDAC, \u00een scop numai de informare, deoarece traducerea acestora este neoficial\u0103.<br \/>\nTotodat\u0103 v\u0103 comunic\u0103m, c\u0103 documentele obligatorii\u00a0EA\/ ILAC \/ IAF aplicabile schemei de acreditare sunt explicate de c\u0103tre formatorii MOLDAC \u00een cadrul instruirilor.[\/vc_column_text]<\/div><\/div><\/div>[\/vc_column][\/vc_row]<\/p>\n<\/div>","protected":false},"excerpt":{"rendered":"<p>[vc_row][vc_column][\/vc_column][\/vc_row]<\/p>\n","protected":false},"author":1,"featured_media":0,"parent":728,"menu_order":0,"comment_status":"closed","ping_status":"closed","template":"","meta":{"_acf_changed":false,"two_page_speed":[],"footnotes":""},"class_list":["post-884","page","type-page","status-publish","hentry"],"acf":[],"_links":{"self":[{"href":"https:\/\/acreditare.md\/en\/wp-json\/wp\/v2\/pages\/884"}],"collection":[{"href":"https:\/\/acreditare.md\/en\/wp-json\/wp\/v2\/pages"}],"about":[{"href":"https:\/\/acreditare.md\/en\/wp-json\/wp\/v2\/types\/page"}],"author":[{"embeddable":true,"href":"https:\/\/acreditare.md\/en\/wp-json\/wp\/v2\/users\/1"}],"replies":[{"embeddable":true,"href":"https:\/\/acreditare.md\/en\/wp-json\/wp\/v2\/comments?post=884"}],"version-history":[{"count":14,"href":"https:\/\/acreditare.md\/en\/wp-json\/wp\/v2\/pages\/884\/revisions"}],"predecessor-version":[{"id":10055,"href":"https:\/\/acreditare.md\/en\/wp-json\/wp\/v2\/pages\/884\/revisions\/10055"}],"up":[{"embeddable":true,"href":"https:\/\/acreditare.md\/en\/wp-json\/wp\/v2\/pages\/728"}],"wp:attachment":[{"href":"https:\/\/acreditare.md\/en\/wp-json\/wp\/v2\/media?parent=884"}],"curies":[{"name":"wp","href":"https:\/\/api.w.org\/{rel}","templated":true}]}}