{"id":7579,"date":"2023-03-22T10:08:57","date_gmt":"2023-03-22T08:08:57","guid":{"rendered":"https:\/\/acreditare.md\/?page_id=7579"},"modified":"2023-03-22T10:29:43","modified_gmt":"2023-03-22T08:29:43","slug":"test-registru","status":"publish","type":"page","link":"https:\/\/acreditare.md\/en\/test-registru\/","title":{"rendered":"LM al Agen\u021biei Na\u021bionale  Pentru S\u0103n\u0103tate Public\u0103"},"content":{"rendered":"<div class=\"wpb-content-wrapper\"><p>[vc_row][vc_column width=&#8221;5\/6&#8243;][vc_custom_heading source=&#8221;post_title&#8221; use_theme_fonts=&#8221;yes&#8221;][vc_row_inner][vc_column_inner width=&#8221;1\/2&#8243;][vc_column_text]<strong>Conducator:<\/strong> Burduniuc Olga<\/p>\n<p>MD-2028, mun.Chi\u0219in\u0103u, str. Gh. Asachi 67A<br \/>\ntel.: 57-45-01<br \/>\nfax: 72-97-25<br \/>\ne-mail: <a href=\"mailto:olga.burduniuc@ansp.gov.md\">olga.burduniuc@ansp.gov.md<\/a><br \/>\n<a href=\"mailto:natalia.costic@ansp.gov.md\">natalia.costic@ansp.gov.md<\/a>[\/vc_column_text][\/vc_column_inner][vc_column_inner width=&#8221;1\/2&#8243;][vc_message message_box_color=&#8221;green&#8221; icon_fontawesome=&#8221;fas fa-circle&#8221;]Activ[\/vc_message][\/vc_column_inner][\/vc_row_inner][vc_row_inner][vc_column_inner width=&#8221;1\/2&#8243;][vc_text_separator title=&#8221;Certificat Acreditare&#8221; title_align=&#8221;separator_align_left&#8221;][vc_column_text]<a href=\"https:\/\/acreditare.md\/wp-content\/uploads\/2023\/02\/LM-007-din-16.02.2023.pdf\" class=\"pdfemb-viewer\" style=\"\" data-width=\"max\" data-height=\"max\" data-toolbar=\"top\" data-toolbar-fixed=\"on\">LM-007 din 16.02.2023<\/a>[\/vc_column_text][\/vc_column_inner][vc_column_inner width=&#8221;1\/2&#8243;][vc_text_separator title=&#8221;Anexe&#8221; title_align=&#8221;separator_align_left&#8221;][vc_column_text]<a href=\"https:\/\/acreditare.md\/wp-content\/uploads\/2023\/02\/26-ok-Anexa-la-certificat-LM-al-ANSP.pdf\" class=\"pdfemb-viewer\" style=\"\" data-width=\"max\" data-height=\"max\" data-toolbar=\"top\" data-toolbar-fixed=\"on\">Anexa: S\u00e2nge, lichid cefalorahidian, urin\u0103, tulpini microbiene, materii fecale, exsudat nazofaringian<\/a>[\/vc_column_text][\/vc_column_inner][\/vc_row_inner][\/vc_column][vc_column width=&#8221;1\/6&#8243;][vc_single_image image=&#8221;7582&#8243; img_size=&#8221;large&#8221; alignment=&#8221;center&#8221; label=&#8221;&#8221; title=&#8221;OEC Confirmat&#8221;][\/vc_column][\/vc_row]<\/p>\n<\/div>","protected":false},"excerpt":{"rendered":"<p>[vc_row][vc_column width=&#8221;5\/6&#8243;][vc_custom_heading source=&#8221;post_title&#8221; use_theme_fonts=&#8221;yes&#8221;][vc_row_inner][vc_column_inner width=&#8221;1\/2&#8243;][vc_column_text]Conducator: Burduniuc Olga MD-2028, mun.Chi\u0219in\u0103u, str. Gh. Asachi 67A tel.: 57-45-01 fax: 72-97-25 e-mail: olga.burduniuc@ansp.gov.md natalia.costic@ansp.gov.md[\/vc_column_text][\/vc_column_inner][vc_column_inner width=&#8221;1\/2&#8243;][vc_message message_box_color=&#8221;green&#8221; icon_fontawesome=&#8221;fas fa-circle&#8221;]Activ[\/vc_message][\/vc_column_inner][\/vc_row_inner][vc_row_inner][vc_column_inner width=&#8221;1\/2&#8243;][vc_text_separator title=&#8221;Certificat Acreditare&#8221; title_align=&#8221;separator_align_left&#8221;][vc_column_text][\/vc_column_text][\/vc_column_inner][vc_column_inner width=&#8221;1\/2&#8243;][vc_text_separator title=&#8221;Anexe&#8221; title_align=&#8221;separator_align_left&#8221;][vc_column_text][\/vc_column_text][\/vc_column_inner][\/vc_row_inner][\/vc_column][vc_column width=&#8221;1\/6&#8243;][vc_single_image image=&#8221;7582&#8243; img_size=&#8221;large&#8221; alignment=&#8221;center&#8221; label=&#8221;&#8221; title=&#8221;OEC Confirmat&#8221;][\/vc_column][\/vc_row]<\/p>\n","protected":false},"author":1,"featured_media":0,"parent":0,"menu_order":0,"comment_status":"closed","ping_status":"closed","template":"","meta":{"_acf_changed":false,"two_page_speed":[],"footnotes":""},"class_list":["post-7579","page","type-page","status-publish","hentry"],"acf":[],"_links":{"self":[{"href":"https:\/\/acreditare.md\/en\/wp-json\/wp\/v2\/pages\/7579"}],"collection":[{"href":"https:\/\/acreditare.md\/en\/wp-json\/wp\/v2\/pages"}],"about":[{"href":"https:\/\/acreditare.md\/en\/wp-json\/wp\/v2\/types\/page"}],"author":[{"embeddable":true,"href":"https:\/\/acreditare.md\/en\/wp-json\/wp\/v2\/users\/1"}],"replies":[{"embeddable":true,"href":"https:\/\/acreditare.md\/en\/wp-json\/wp\/v2\/comments?post=7579"}],"version-history":[{"count":4,"href":"https:\/\/acreditare.md\/en\/wp-json\/wp\/v2\/pages\/7579\/revisions"}],"predecessor-version":[{"id":7584,"href":"https:\/\/acreditare.md\/en\/wp-json\/wp\/v2\/pages\/7579\/revisions\/7584"}],"wp:attachment":[{"href":"https:\/\/acreditare.md\/en\/wp-json\/wp\/v2\/media?parent=7579"}],"curies":[{"name":"wp","href":"https:\/\/api.w.org\/{rel}","templated":true}]}}