{"id":752,"date":"2020-02-05T09:38:47","date_gmt":"2020-02-05T09:38:47","guid":{"rendered":"https:\/\/acreditare.md\/?page_id=752"},"modified":"2026-03-24T10:21:35","modified_gmt":"2026-03-24T08:21:35","slug":"mapa-cu-formulare","status":"publish","type":"page","link":"https:\/\/acreditare.md\/en\/reguli-pentru-atestare\/mapa-cu-formulare\/","title":{"rendered":"Templates"},"content":{"rendered":"<div class=\"wpb-content-wrapper\"><p>[vc_row][vc_column]<div class=\"porto-content-box featured-boxes wpb_content_element \"><div class=\"featured-box featured-box-primary  align-left\"><div class=\"box-content\" style=\"\">[vc_column_text css=&#8221;&#8221;]<\/p>\n<h3><strong>* Activitatea de atestare a laboratoarelor de \u00eencerc\u0103ri nu este acoperit\u0103 de activitatea EA, ILAC , IAF.<\/strong><\/h3>\n<h4><strong>Mapa cu formulare<\/strong><\/h4>\n<p><a href=\"https:\/\/acreditare.md\/wp-content\/uploads\/2024\/07\/1.-Lista-documentelor-pentru-atestare.doc\" target=\"_blank\" rel=\"noopener\">1\u00a0 Lista documentelor pentru atestare<\/a><br \/>\n<a href=\"https:\/\/acreditare.md\/wp-content\/uploads\/2023\/01\/DG-05-Solicitare_pentru_atestare-ed.6.docx\">2 Solicitare pentru atestare<\/a><br \/>\n<a href=\"https:\/\/acreditare.md\/wp-content\/uploads\/2025\/03\/DG-05-Domeniul-de-Atestare-1.docx\" target=\"_blank\" rel=\"noopener noreferrer\">3 Domeniul de atestare<\/a><br \/>\n<a href=\"https:\/\/acreditare.md\/wp-content\/uploads\/2026\/03\/Contract-de-atestare-ed.6.docx\" target=\"_blank\" rel=\"noopener\">4 Contract de atestare<\/a><br \/>\n<a href=\"https:\/\/acreditare.md\/wp-content\/uploads\/2021\/09\/Fisa-Tehnica-1.docx\" target=\"_blank\" rel=\"noopener noreferrer\">5 Fisa tehnica a L\u00ce<\/a><br \/>\n<a href=\"https:\/\/acreditare.md\/wp-content\/uploads\/2021\/09\/DG-05-Forma-B1-1.docx\" target=\"_blank\" rel=\"noopener noreferrer\">6 Forma <span lang=\"RO\">B1<strong>\u00a0&#8211;\u00a0<\/strong><\/span><span lang=\"RO\">Lista produselor supuse \u00eencerc\u0103rii<\/span><\/a><br \/>\n<a href=\"https:\/\/acreditare.md\/wp-content\/uploads\/2021\/09\/DG-05-Forma-B2-1.docx\" target=\"_blank\" rel=\"noopener noreferrer\"><span lang=\"RO\">7 Forma B2<strong>\u00a0&#8211;<\/strong> Lista tipurilor de \u00eencerc\u0103ri efectuate de c\u0103tre laboratorul de \u00eencerc\u0103ri<\/span><\/a><br \/>\n<a href=\"https:\/\/acreditare.md\/wp-content\/uploads\/2021\/09\/DG-05-Forma-B3-1.docx\" target=\"_blank\" rel=\"noopener noreferrer\"><span lang=\"RO\">8 Forma B3<strong>\u00a0&#8211;<\/strong><strong>\u00a0<\/strong><\/span><span lang=\"RO-MO\">Lista echipamentelor<\/span><\/a><br \/>\n<a href=\"https:\/\/acreditare.md\/wp-content\/uploads\/2022\/04\/DG-05-Forma-B4-modif.docx\" target=\"_blank\" rel=\"noopener\">9 Forma B4 &#8211; Lista echipamentului verificat intern<\/a><br \/>\n<a href=\"https:\/\/acreditare.md\/wp-content\/uploads\/2021\/09\/DG-05-Forma-B5-1.docx\" target=\"_blank\" rel=\"noopener\">10 Forma B5 &#8211; Gradul de asigurare cu materiale de referin\u0163\u0103 (MR\/MRC) pentru efectuarea \u00eencerc\u0103rilor<\/a><br \/>\n<a href=\"https:\/\/acreditare.md\/wp-content\/uploads\/2024\/07\/DG-05-Forma-B6.docx\">11 Forma B6 &#8211; Lista personalului L\u00ce<\/a><br \/>\n<a href=\"https:\/\/acreditare.md\/wp-content\/uploads\/2021\/09\/DG-05-Forma-B7-1.docx\" target=\"_blank\" rel=\"noopener noreferrer\">12 Forma B7 &#8211; Lista documentelor normative utilizate la \u00eencerc\u0103ri<\/a><br \/>\n<a href=\"https:\/\/acreditare.md\/wp-content\/uploads\/2022\/05\/DG-05-Forma-B8-modif.docx\" target=\"_blank\" rel=\"noopener noreferrer\">13 Forma B8 &#8211; Starea \u00eenc\u0103perilor laboratorului<\/a><br \/>\n<a href=\"https:\/\/acreditare.md\/wp-content\/uploads\/2021\/09\/013-Informatii-privind-modificari.docx\">14 Informatii privind modificarile<\/a>[\/vc_column_text]<\/div><\/div><\/div>[\/vc_column][\/vc_row]<\/p>\n<\/div>","protected":false},"excerpt":{"rendered":"<p>[vc_row][vc_column][\/vc_column][\/vc_row]<\/p>\n","protected":false},"author":1,"featured_media":0,"parent":706,"menu_order":0,"comment_status":"closed","ping_status":"closed","template":"","meta":{"_acf_changed":false,"two_page_speed":[],"footnotes":""},"class_list":["post-752","page","type-page","status-publish","hentry"],"acf":[],"_links":{"self":[{"href":"https:\/\/acreditare.md\/en\/wp-json\/wp\/v2\/pages\/752"}],"collection":[{"href":"https:\/\/acreditare.md\/en\/wp-json\/wp\/v2\/pages"}],"about":[{"href":"https:\/\/acreditare.md\/en\/wp-json\/wp\/v2\/types\/page"}],"author":[{"embeddable":true,"href":"https:\/\/acreditare.md\/en\/wp-json\/wp\/v2\/users\/1"}],"replies":[{"embeddable":true,"href":"https:\/\/acreditare.md\/en\/wp-json\/wp\/v2\/comments?post=752"}],"version-history":[{"count":73,"href":"https:\/\/acreditare.md\/en\/wp-json\/wp\/v2\/pages\/752\/revisions"}],"predecessor-version":[{"id":12525,"href":"https:\/\/acreditare.md\/en\/wp-json\/wp\/v2\/pages\/752\/revisions\/12525"}],"up":[{"embeddable":true,"href":"https:\/\/acreditare.md\/en\/wp-json\/wp\/v2\/pages\/706"}],"wp:attachment":[{"href":"https:\/\/acreditare.md\/en\/wp-json\/wp\/v2\/media?parent=752"}],"curies":[{"name":"wp","href":"https:\/\/api.w.org\/{rel}","templated":true}]}}