{"id":569,"date":"2020-01-16T08:51:19","date_gmt":"2020-01-16T08:51:19","guid":{"rendered":"https:\/\/acreditare.md\/?page_id=569"},"modified":"2026-02-23T08:43:05","modified_gmt":"2026-02-23T06:43:05","slug":"prezentarea-generala","status":"publish","type":"page","link":"https:\/\/acreditare.md\/en\/despre-2\/prezentarea-generala\/","title":{"rendered":"General presentation"},"content":{"rendered":"<div class=\"wpb-content-wrapper\"><p>[vc_row][vc_column width=&#8221;1\/4&#8243;]<div class=\"widget_sidebar_menu main-sidebar-menu wpb_custom_fa56fd63c3b694fcdb3812eb30a338f1\"><div class=\"widget-title\">MOLDAC<\/div><div class=\"sidebar-menu-wrap\"><ul id=\"menu-moldac-2\" class=\"sidebar-menu side-menu-columns\"><li id=\"nav-menu-item-821\" class=\"menu-item menu-item-type-post_type menu-item-object-page  narrow \"><a href=\"https:\/\/acreditare.md\/en\/despre-2\/prezentarea-generala\/\">General presentation<\/a><\/li>\n<li id=\"nav-menu-item-823\" class=\"menu-item menu-item-type-post_type menu-item-object-page  narrow \"><a href=\"https:\/\/acreditare.md\/en\/despre-2\/regulamente-moldac\/\">MOLDAC REGULATIONS<\/a><\/li>\n<li id=\"nav-menu-item-819\" class=\"menu-item menu-item-type-post_type menu-item-object-page  narrow \"><a href=\"https:\/\/acreditare.md\/en\/despre-2\/organigrama\/\">Organizational Chart<\/a><\/li>\n<li id=\"nav-menu-item-817\" class=\"menu-item menu-item-type-post_type menu-item-object-page  narrow \"><a href=\"https:\/\/acreditare.md\/en\/despre-2\/colaborare-internationala\/\">International Collaboration<\/a><\/li>\n<li id=\"nav-menu-item-820\" class=\"menu-item menu-item-type-post_type menu-item-object-page  narrow \"><a href=\"https:\/\/acreditare.md\/en\/despre-2\/organisme-conexe\/\">Related Bodies<\/a><\/li>\n<li id=\"nav-menu-item-822\" class=\"menu-item menu-item-type-post_type menu-item-object-page  narrow \"><a href=\"https:\/\/acreditare.md\/en\/despre-2\/rapoarte\/\">Reports<\/a><\/li>\n<li id=\"nav-menu-item-818\" class=\"menu-item menu-item-type-post_type menu-item-object-page  narrow \"><a href=\"https:\/\/acreditare.md\/en\/despre-2\/lista-evaluatorilor\/\">List of assessors<\/a><\/li>\n<\/ul><\/div><\/div>[\/vc_column][vc_column width=&#8221;3\/4&#8243;][vc_column_text css=&#8221;&#8221;]<\/p>\n<p style=\"font-weight: 400; text-align: justify;\"><strong>ACREDITARE\u00a0 &#8211; COMPETEN\u0162\u0102 \u015eI \u00ceNCREDERE<\/strong><\/p>\n<p style=\"font-weight: 400; text-align: justify;\">\u00a0\u00a0 \u00a0\u00a0 Centrul Na\u0163ional de Acreditare din Republica Moldova (MOLDAC) este o institu\u0163ie public\u0103, monitorizat\u0103 de organul de specialitate al administra\u0163iei publice centrale responsabil de infrastructura calit\u0103\u0163ii, constituit \u00een baza\u00a0<a href=\"https:\/\/www.legis.md\/cautare\/getResults?doc_id=148052&amp;lang=ro#\" target=\"_blank\" rel=\"noopener\"><strong>Legii nr.235 din 01.12.2011\u00a0 privind activit\u0103\u0163ile de acreditare \u015fi de evaluare a conformit\u0103\u0163ii<\/strong><\/a><\/p>\n<p style=\"font-weight: 400; text-align: justify;\">\u00a0\u00a0\u00a0\u00a0\u00a0 <strong>MOLDAC<\/strong> este organism na\u0163ional unic de acreditare \u015fi are drept scop implementarea politicii de stat \u00een domeniul acredit\u0103rii \u015fi evalu\u0103rii conformit\u0103\u0163ii, conferind \u00eencredere \u00een competen\u0163a tehnic\u0103, impar\u0163ialitatea \u015fi integritatea organismelor de evaluare a conformit\u0103\u0163ii acreditate, precum \u015fi promovarea liberei circula\u0163ii a produselor, cre\u015fterea competitivit\u0103\u0163ii produselor \u015fi serviciilor, ap\u0103rarea drepturilor \u015fi intereselor consumatorului, asigurarea protec\u0163iei vie\u0163ii, s\u0103n\u0103t\u0103\u0163ii \u015fi securit\u0103\u0163ii persoanelor \u015fi a mediului.<\/p>\n<p style=\"font-weight: 400; text-align: justify;\">\u00a0\u00a0\u00a0\u00a0\u00a0\u00a0 <strong>MOLDAC<\/strong> \u00ee\u015fi desf\u0103\u015foar\u0103 activitatea \u00een conformitate cu prevederile Constitu\u0163iei Republicii Moldova, actele legislative, decretele Pre\u015fedintelui Republicii Moldova, ordonan\u0163ele, actele normative \u015fi dispozi\u0163iile Guvernului, tratatele interna\u0163ionale la care Republica Moldova este parte,\u00a0<strong>ISO\/IEC 17011<\/strong>,\u00a0<a href=\"https:\/\/acreditare.md\/wp-content\/uploads\/2025\/06\/CELEX_02008R0765-20210716_RO_TXT.pdf\" target=\"_blank\" rel=\"noopener\"><strong>Regulamentului (CE) 765\/2008<\/strong><\/a>, documentele EA,IAF,ILAC, precum \u015fi cu prevederile\u00a0<strong>Regulamentului<\/strong>\u00a0<strong>MOLDAC<\/strong>, aprobat prin\u00a0<a href=\"https:\/\/www.legis.md\/cautare\/getResults?doc_id=127658&amp;lang=ro#\"><strong>Hot\u0103r\u00eerea Guvernului Nr. 77 din 25.01.2013 privind reorganizarea \u00centreprinderii de Stat \u201eCentrul de Acreditare \u00een domeniul Evalu\u0103rii Conformit\u0103\u0163ii Produselor&#8221;<\/strong><\/a><\/p>\n<p style=\"font-weight: 400; text-align: justify;\">\u00a0\u00a0\u00a0 \u00a0\u00a0 Obiectivul primordial al <strong>MOLDAC<\/strong> este men\u021binerea statutului de semnatar al Acordului de Recunoa\u015ftere Multilateral\u0103 cu Cooperarea European\u0103 pentru Acreditare, cel de semnatar al Acordului de Recunoa\u0219tere Mutual\u0103 cu Cooperarea Interna\u021bional\u0103 pentru Acreditarea Laboratoarelor ILAC-MRA, \u0219i Forumului Interna\u021bional pentru Acreditare IAF-MLA. \u00cen baza Acordurilor de Recunoa\u0219tere men\u021bionate, competen\u021ba MOLDAC este recunoscut\u0103 pentru urm\u0103toarele scheme de acreditare:<\/p>\n<ol>\n<li>Etalon\u0103ri \u2013 EN ISO\/IEC 17025;<\/li>\n<li>\u00cencerc\u0103ri \u2013 EN ISO\/IEC 17025;<\/li>\n<li>Examin\u0103ri medicale &#8211; EN\/ISO 15189;<\/li>\n<li>Inspec\u021bii \u2013 EN ISO\/IEC 17020;<\/li>\n<li>Certificarea produselor, proceselor \u0219i serviciilor-\u00a0\u00a0EN ISO\/IEC 17065;<\/li>\n<li>Certificarea sistemelor de management- EN ISO\/IEC 17021-1;<\/li>\n<\/ol>\n<p style=\"font-weight: 400; text-align: justify;\">\u00a0\u00a0\u00a0 \u00a0\u00a0 <strong>MOLDAC<\/strong> este supus evalu\u0103rii la nivel de omologi pe baza unor criterii \u015fi proceduri de evaluare clare \u015fi transparente stabilite de organismele europene \u015fi interna\u0163ionale de acreditare EA, IAF, ILAC.<\/p>\n<p style=\"font-weight: 400; text-align: justify;\">\u00a0\u00a0\u00a0 \u00a0\u00a0 <strong>MOLDAC<\/strong> respect\u0103 \u00een activitatea sa principiile de baz\u0103 ale acredit\u0103rii:\u00a0folosire a unor proceduri de evaluare unice, armonizate cu regulile europene \u015fi cu cele interna\u0163ionale, pentru acreditarea\u00a0\u00a0\u00a0 organismelor de evaluare a conformit\u0103\u0163ii;<\/p>\n<ul>\n<li style=\"font-weight: 400; text-align: justify;\">\u00a0 \u00a0 competen\u0163\u0103 \u015fi impar\u0163ialitate;<\/li>\n<li style=\"font-weight: 400; text-align: justify;\">\u00a0 \u00a0 transparen\u0163\u0103, disponibilitate public\u0103 \u015fi credibilitate;<\/li>\n<li style=\"font-weight: 400; text-align: justify;\">\u00a0 \u00a0 reprezentare a intereselor publice;<\/li>\n<li style=\"font-weight: 400; text-align: justify;\">\u00a0 \u00a0 acces liber, f\u0103r\u0103 discriminare, al tuturor solicitan\u0163ilor la procesul de acreditare;<\/li>\n<li style=\"font-weight: 400; text-align: justify;\">\u00a0 \u00a0 independen\u0163\u0103 fa\u0163\u0103 de posibila predominare a oric\u0103ror interese specifice;<\/li>\n<li style=\"font-weight: 400; text-align: justify;\">\u00a0 \u00a0 asigurare a confiden\u0163ialit\u0103\u0163ii \u015fi p\u0103strare a secretului profesional \u015fi a celui comercial;<\/li>\n<li style=\"font-weight: 400; text-align: justify;\">\u00a0 \u00a0 examinare impar\u0163ial\u0103 a apelurilor \u015fi a reclama\u0163iilor;<\/li>\n<li style=\"font-weight: 400; text-align: justify;\">\u00a0 \u00a0 caracterul voluntar al acredit\u0103rii.<\/li>\n<\/ul>\n<p style=\"font-weight: 400; text-align: justify;\"><strong>Activitatea de acreditare este o activitate de autoritate public\u0103 recunoscut\u0103 oficial.<\/strong><\/p>\n<p>[\/vc_column_text][\/vc_column][\/vc_row]<\/p>\n<\/div>","protected":false},"excerpt":{"rendered":"<p>[vc_row][vc_column width=&#8221;1\/4&#8243;][\/vc_column][vc_column width=&#8221;3\/4&#8243;][vc_column_text css=&#8221;&#8221;] ACREDITARE\u00a0 &#8211; COMPETEN\u0162\u0102 \u015eI \u00ceNCREDERE \u00a0\u00a0 \u00a0\u00a0 Centrul Na\u0163ional de Acreditare din Republica Moldova (MOLDAC) este o institu\u0163ie public\u0103, monitorizat\u0103 de organul de specialitate al administra\u0163iei publice centrale responsabil de infrastructura calit\u0103\u0163ii, constituit \u00een baza\u00a0Legii nr.235 din 01.12.2011\u00a0 privind activit\u0103\u0163ile de acreditare \u015fi de evaluare a conformit\u0103\u0163ii \u00a0\u00a0\u00a0\u00a0\u00a0 MOLDAC este organism [&hellip;]<\/p>\n","protected":false},"author":1,"featured_media":0,"parent":365,"menu_order":0,"comment_status":"closed","ping_status":"closed","template":"","meta":{"_acf_changed":false,"two_page_speed":[],"footnotes":""},"class_list":["post-569","page","type-page","status-publish","hentry"],"acf":[],"_links":{"self":[{"href":"https:\/\/acreditare.md\/en\/wp-json\/wp\/v2\/pages\/569"}],"collection":[{"href":"https:\/\/acreditare.md\/en\/wp-json\/wp\/v2\/pages"}],"about":[{"href":"https:\/\/acreditare.md\/en\/wp-json\/wp\/v2\/types\/page"}],"author":[{"embeddable":true,"href":"https:\/\/acreditare.md\/en\/wp-json\/wp\/v2\/users\/1"}],"replies":[{"embeddable":true,"href":"https:\/\/acreditare.md\/en\/wp-json\/wp\/v2\/comments?post=569"}],"version-history":[{"count":24,"href":"https:\/\/acreditare.md\/en\/wp-json\/wp\/v2\/pages\/569\/revisions"}],"predecessor-version":[{"id":12397,"href":"https:\/\/acreditare.md\/en\/wp-json\/wp\/v2\/pages\/569\/revisions\/12397"}],"up":[{"embeddable":true,"href":"https:\/\/acreditare.md\/en\/wp-json\/wp\/v2\/pages\/365"}],"wp:attachment":[{"href":"https:\/\/acreditare.md\/en\/wp-json\/wp\/v2\/media?parent=569"}],"curies":[{"name":"wp","href":"https:\/\/api.w.org\/{rel}","templated":true}]}}