{"id":4552,"date":"2021-05-18T11:31:18","date_gmt":"2021-05-18T08:31:18","guid":{"rendered":"https:\/\/acreditare.md\/?page_id=4552"},"modified":"2026-03-17T11:02:04","modified_gmt":"2026-03-17T09:02:04","slug":"organisme-de-certificare-sisteme-de-management-al-sigurantei-alimentului","status":"publish","type":"page","link":"https:\/\/acreditare.md\/en\/recrutare-2\/organisme-de-certificare-sisteme-de-management-al-sigurantei-alimentului\/","title":{"rendered":"Organisme de certificare sisteme de management siguran\u021ba alimentelor"},"content":{"rendered":"<div class=\"wpb-content-wrapper\"><p>[vc_row][vc_column][vc_column_text css=&#8221;&#8221;]Centrul Na\u0163ional de Acreditare (MOLDAC) angajeaz\u0103 personal pentru a fi implicat \u00een procesul de acreditare a:<\/p>\n<p><strong>Organismelor de Certificare Sisteme de Management Siguran\u021ba Alimentelor conform standardului ISO\/IEC 17021-1 \u0219i ISO 22003-1 pentru OCsmsa (ISO 22000)<\/strong><\/p>\n<p><strong>Domeniile solicitate:<\/strong><\/p>\n<ul>\n<li>C &#8211; Alimente, ingridiente \u0219i procesarea alimentelor pentru animale de companie<strong> ;<\/strong><\/li>\n<li>F &#8211; Comer\u021b, comer\u021b cu am\u0103nuntul \u0219i comer\u021b electronic<strong> ;<\/strong><\/li>\n<li>G &#8211; Transport \u0219i servicii de depozitare<strong> .<\/strong><\/li>\n<\/ul>\n<p><strong>\u00a0La selectarea candida\u021bilor se vor lua \u00een considera\u021bie urm\u0103toarele criterii:<\/strong><\/p>\n<ul>\n<li>Studii superioare \u00eentr-una din disciplinele legate de categoriile enumerate mai sus.<\/li>\n<li>Experien\u021b\u0103 \u00een industria agro \u2013 alimentar\u0103\/siguran\u021ba alimentelor de minim 3 ani<\/li>\n<li>Experien\u021b\u0103 \u00een industria agro \u2013 alimentar\u0103 de minim 3 ani \u00een domeniu<\/li>\n<li>Cunoa\u015fterea legisla\u0163iei \u00een domeniu;<\/li>\n<li>Cunoa\u015fterea limbii de stat;<\/li>\n<li>Preferabil cunoa\u015fterea unei limbi de circula\u0163ie interna\u0163ional\u0103;<\/li>\n<li>Cuno\u015ftin\u0163e de operare la calculator: Word, Excel, PowerPoint, Internet.<\/li>\n<\/ul>\n<p>Note:<\/p>\n<ol>\n<li>Experien\u021ba\u00a0 se consider\u0103 \u0219i activit\u0103\u021bile \u00een urm\u0103toarele domenii:\u00a0 \u0218tiin\u021b\u0103, consultan\u021b\u0103 pentru implementarea cerin\u021belor ISO 22000, experien\u021b\u0103 ca auditor \u00een Organisme de Certificare Sisteme de Management Siguran\u021ba Alimentului.<\/li>\n<li>Pentru completarea <a href=\"https:\/\/acreditare.md\/wp-content\/uploads\/2024\/11\/6-2-ok-Anexa-la-CV-OCsmsa-ed.6.doc\" target=\"_blank\" rel=\"noopener\">Anexei la CV<\/a>, v\u0103 rug\u0103m s\u0103 utiliza\u021bi\u00a0<a href=\"https:\/\/acreditare.md\/wp-content\/uploads\/2024\/09\/07-A-2-Domeniul-de-competenta-OCsmsa-ed-5.pdf\" target=\"_blank\" rel=\"noopener\">Domeniul de competen\u021b\u0103 pentru OCsmsa<\/a>.<\/li>\n<li>Formularul <a href=\"https:\/\/acreditare.md\/wp-content\/uploads\/2024\/11\/42-Consimtamint-date-caracter-personal.docx\" target=\"_blank\" rel=\"noopener\">Consim\u021b\u0103m\u00e2nt privind prelucrarea\u00a0 a datelor cu caracter personal<\/a>.<\/li>\n<\/ol>\n<p>Rug\u0103m candida\u021bii s\u0103 transmit\u0103\u00a0<a href=\"https:\/\/acreditare.md\/wp-content\/uploads\/2021\/05\/1-ok-CV.doc\">CV-urile<\/a> \u0219i Anexele la CV completate la adresa <a href=\"mailto:alina.matosa@moldac.gov.md\">alina.matosa@moldac.gov.md<\/a>[\/vc_column_text][\/vc_column][\/vc_row]<\/p>\n<\/div>","protected":false},"excerpt":{"rendered":"<p>[vc_row][vc_column][vc_column_text css=&#8221;&#8221;]Centrul Na\u0163ional de Acreditare (MOLDAC) angajeaz\u0103 personal pentru a fi implicat \u00een procesul de acreditare a: Organismelor de Certificare Sisteme de Management Siguran\u021ba Alimentelor conform standardului ISO\/IEC 17021-1 \u0219i ISO 22003-1 pentru OCsmsa (ISO 22000) Domeniile solicitate: C &#8211; Alimente, ingridiente \u0219i procesarea alimentelor pentru animale de companie ; F &#8211; Comer\u021b, comer\u021b cu [&hellip;]<\/p>\n","protected":false},"author":4,"featured_media":0,"parent":4517,"menu_order":0,"comment_status":"closed","ping_status":"closed","template":"","meta":{"_acf_changed":false,"two_page_speed":[],"footnotes":""},"class_list":["post-4552","page","type-page","status-publish","hentry"],"acf":[],"_links":{"self":[{"href":"https:\/\/acreditare.md\/en\/wp-json\/wp\/v2\/pages\/4552"}],"collection":[{"href":"https:\/\/acreditare.md\/en\/wp-json\/wp\/v2\/pages"}],"about":[{"href":"https:\/\/acreditare.md\/en\/wp-json\/wp\/v2\/types\/page"}],"author":[{"embeddable":true,"href":"https:\/\/acreditare.md\/en\/wp-json\/wp\/v2\/users\/4"}],"replies":[{"embeddable":true,"href":"https:\/\/acreditare.md\/en\/wp-json\/wp\/v2\/comments?post=4552"}],"version-history":[{"count":14,"href":"https:\/\/acreditare.md\/en\/wp-json\/wp\/v2\/pages\/4552\/revisions"}],"predecessor-version":[{"id":12484,"href":"https:\/\/acreditare.md\/en\/wp-json\/wp\/v2\/pages\/4552\/revisions\/12484"}],"up":[{"embeddable":true,"href":"https:\/\/acreditare.md\/en\/wp-json\/wp\/v2\/pages\/4517"}],"wp:attachment":[{"href":"https:\/\/acreditare.md\/en\/wp-json\/wp\/v2\/media?parent=4552"}],"curies":[{"name":"wp","href":"https:\/\/api.w.org\/{rel}","templated":true}]}}