{"id":4550,"date":"2021-05-18T11:30:47","date_gmt":"2021-05-18T08:30:47","guid":{"rendered":"https:\/\/acreditare.md\/?page_id=4550"},"modified":"2026-03-17T15:21:41","modified_gmt":"2026-03-17T13:21:41","slug":"organisme-de-certificare-sisteme-de-management","status":"publish","type":"page","link":"https:\/\/acreditare.md\/en\/recrutare-2\/organisme-de-certificare-sisteme-de-management\/","title":{"rendered":"(Rom\u00e2n\u0103) Organisme de certificare sisteme de management"},"content":{"rendered":"<div class=\"wpb-content-wrapper\"><p><\/p>\n<p>[vc_row][vc_column][vc_column_text]Centrul Na\u0163ional de Acreditare (MOLDAC) angajeaz\u0103 personal pentru a fi implicat \u00een procesul de acreditare a:<\/p>\n<p><strong>OCsmc conform ISO\/IEC 17021-1 sisteme de management al calit\u0103\u021bii pentru urm\u0103toarele Coduri IAF:<\/strong><\/p>\n<ul>\n<li>3 &#8211; Produse alimentare, b\u0103uturi \u015fi tutun<\/li>\n<li>4 &#8211; Textile \u015fi produse textile<\/li>\n<li>12 &#8211; Substan\u021be chimice, produse chimice \u0219i fibre<\/li>\n<li>14 &#8211; Produse din cauciuc \u0219i plastic<\/li>\n<li>15 &#8211; Produse din minerale nemetalice<\/li>\n<li>16 &#8211; Beton, ciment, var, ipsos, etc<\/li>\n<li>17 &#8211; Metale de baz\u0103 \u015fi produse fabricate din metal<\/li>\n<li>18 &#8211; Ma\u0219ini \u015fi echipamente<\/li>\n<li>19 &#8211; Echipamente electrice \u015fi optice<\/li>\n<li>23 &#8211; Produc\u021bie neclasificat\u0103 \u00een alt\u0103 parte<\/li>\n<li>26 &#8211; Alimentare cu gaze<\/li>\n<li>28 &#8211; Construc\u021bii<\/li>\n<li>29 &#8211; Comer\u021bul cu ridicata \u015fi cu am\u0103nuntul; Repararea autovehiculelor, motocicletelor \u015fi a bunurilor personale \u015fi de uz gospod\u0103resc<\/li>\n<li>31 &#8211; Transport, depozitare \u015fi comunica\u0163ii<\/li>\n<li>33 &#8211; Tehnologia informa\u0163iilor<\/li>\n<li>35 &#8211; Alte servicii<\/li>\n<\/ul>\n<p><strong>\u00a0<\/strong>La selectarea candida\u021bilor se vor lua \u00een considera\u021bie urm\u0103toarele criterii:<\/p>\n<ul>\n<li>Studii superioare \u00eentr-una din disciplinele legate de codurile IAF<\/li>\n<li>Experien\u021b\u0103 de 5 ani \u00eentr-unul din sectoarele economice conform codurilor IAF<\/li>\n<li>Instruiri \u0219i experien\u021b\u0103 ISO 9001 este un privilegiu la selectare<\/li>\n<li>Cunoa\u0219terea legisla\u021biei na\u021bionale din domeniul selectat \u00een <a href=\"https:\/\/acreditare.md\/wp-content\/uploads\/2022\/10\/5-2-ok-Anexa-la-CV-OCsmc-.doc\">Anexa la CV<\/a><\/li>\n<\/ul>\n<p><strong>Note:<\/strong><\/p>\n<ol>\n<li>Experien\u021ba\u00a0 se consider\u0103 activitatea \u00een urm\u0103toarele domenii:\u00a0 \u0218tiin\u021b\u0103, consultan\u021b\u0103 pentru implementarea cerin\u021belor ISO 9001, experien\u021b\u0103 \u00een Organisme de Certificare Sisteme de Management.<\/li>\n<li>Pentru completarea Anexei la CV, v\u0103 rug\u0103m s\u0103 utiliza\u021bi\u00a0<a href=\"https:\/\/acreditare.md\/wp-content\/uploads\/2021\/05\/06-A-2-Domeniul-de-competenta-OCsmc-ed-3.pdf\">Domeniul de competen\u021b\u0103 pentru OCsmc<\/a>.<\/li>\n<\/ol>\n<p>Rug\u0103m candida\u021bii s\u0103 transmit\u0103\u00a0<a href=\"https:\/\/acreditare.md\/wp-content\/uploads\/2021\/05\/1-ok-CV.doc\">CV-urile<\/a> \u0219i Anexele la CV completate la adresa <a href=\"mailto:alina.matosa@moldac.gov.md\">alina.matosa@moldac.gov.md<\/a>[\/vc_column_text][\/vc_column][\/vc_row]<\/p>\n<p><\/p>\n<\/div>","protected":false},"excerpt":{"rendered":"<p>[vc_row][vc_column][vc_column_text]Centrul Na\u0163ional de Acreditare (MOLDAC) angajeaz\u0103 personal pentru a fi implicat \u00een procesul de acreditare a: OCsmc conform ISO\/IEC 17021-1 sisteme de management al calit\u0103\u021bii pentru urm\u0103toarele Coduri IAF: 3 &#8211; Produse alimentare, b\u0103uturi \u015fi tutun 4 &#8211; Textile \u015fi produse textile 12 &#8211; Substan\u021be chimice, produse chimice \u0219i fibre 14 &#8211; Produse din cauciuc [&hellip;]<\/p>\n","protected":false},"author":4,"featured_media":0,"parent":4517,"menu_order":0,"comment_status":"closed","ping_status":"closed","template":"","meta":{"_acf_changed":false,"two_page_speed":[],"footnotes":""},"class_list":["post-4550","page","type-page","status-publish","hentry"],"acf":[],"_links":{"self":[{"href":"https:\/\/acreditare.md\/en\/wp-json\/wp\/v2\/pages\/4550"}],"collection":[{"href":"https:\/\/acreditare.md\/en\/wp-json\/wp\/v2\/pages"}],"about":[{"href":"https:\/\/acreditare.md\/en\/wp-json\/wp\/v2\/types\/page"}],"author":[{"embeddable":true,"href":"https:\/\/acreditare.md\/en\/wp-json\/wp\/v2\/users\/4"}],"replies":[{"embeddable":true,"href":"https:\/\/acreditare.md\/en\/wp-json\/wp\/v2\/comments?post=4550"}],"version-history":[{"count":8,"href":"https:\/\/acreditare.md\/en\/wp-json\/wp\/v2\/pages\/4550\/revisions"}],"predecessor-version":[{"id":12489,"href":"https:\/\/acreditare.md\/en\/wp-json\/wp\/v2\/pages\/4550\/revisions\/12489"}],"up":[{"embeddable":true,"href":"https:\/\/acreditare.md\/en\/wp-json\/wp\/v2\/pages\/4517"}],"wp:attachment":[{"href":"https:\/\/acreditare.md\/en\/wp-json\/wp\/v2\/media?parent=4550"}],"curies":[{"name":"wp","href":"https:\/\/api.w.org\/{rel}","templated":true}]}}