{"id":4548,"date":"2021-05-18T11:30:16","date_gmt":"2021-05-18T08:30:16","guid":{"rendered":"https:\/\/acreditare.md\/?page_id=4548"},"modified":"2026-03-19T14:03:33","modified_gmt":"2026-03-19T12:03:33","slug":"certificare-produse-dop-igp","status":"publish","type":"page","link":"https:\/\/acreditare.md\/en\/recrutare-2\/certificare-produse-dop-igp\/","title":{"rendered":"(Rom\u00e2n\u0103) Certificare produse DOP\/IGP"},"content":{"rendered":"<div class=\"wpb-content-wrapper\"><p><\/p>\n<p>[vc_row][vc_column][vc_column_text]<\/p>\n<p style=\"font-weight: 400;\">Centrul Na\u0163ional de Acreditare (MOLDAC) angajeaz\u0103 personal pentru a fi implicat \u00een procesul de acreditare a:<\/p>\n<p style=\"font-weight: 400;\"><strong>OCpr DOP\/IGP conform ISO\/IEC 17065 produse cu Denumire de Origine Protejat\u0103 \u0219i Indica\u021bie Geografic\u0103 Protejat\u0103 pentru urm\u0103toarele domenii:<\/strong><\/p>\n<p style=\"font-weight: 400;\">Produse agricole \u0219i produse ale industriei alimentare:<\/p>\n<ul style=\"font-weight: 400;\">\n<li>Vinuri din struguri proaspe\u0163i, inclusiv vinurile \u00eembog\u0103\u0163ite cu alcool; musturi de struguri, altele dec\u00eet cele de la pozi\u0163ia tarifar\u0103 2009<\/li>\n<li>Distilate de vin sau de tescovin\u0103 de struguri \u015fi b\u0103uturi alcoolice ob\u0163inute pe baza lor<\/li>\n<\/ul>\n<p style=\"font-weight: 400;\"><strong>\u00a0<\/strong><b>La selectarea candida\u021bilor se vor lua \u00een considera\u021bie urm\u0103toarele criterii:<\/b><\/p>\n<ul style=\"font-weight: 400;\">\n<li>Studii superioare tehnice \u00eentr-una din disciplinele legate de categoriile\/ subcategoriile enumerate mai sus.<\/li>\n<\/ul>\n<p style=\"font-weight: 400;\">\u00cen cazul \u00een care evaluatorul nu are o diplom\u0103 \u00een domeniul necesar, este cerut\u0103 o experien\u0163\u0103 profesional\u0103 complementar\u0103 de 5 ani din care:<\/p>\n<ul style=\"font-weight: 400;\">\n<li>2 ani experien\u021b\u0103 profesional\u0103 \u00een domeniul produselor agricole (ex. cultivarea \u0219i prelucrarea strugurilor) \u0219i alimentare (ex. \u00a0producerea vinurilor), sau \u00een comer\u021bul produselor DOP\/IGP<\/li>\n<li>2 ani experien\u021b\u0103 \u00een misiunile de evaluare \u015fi\/sau supraveghere \u00een categoriile pentru care evaluatorii sunt numi\u0163i<\/li>\n<li>Cunoa\u0219terea legisla\u021biei na\u021bionale men\u021bionate \u00een Cerin\u021be specifice pentru acreditarea Organismelor de Certificare a produselor vitivinicole cu Denumire de Origine Protejat\u0103 \u0219i cu Indica\u021bie de Origine Protejat\u0103, cod\u00a0<a href=\"https:\/\/acreditare.md\/wp-content\/uploads\/2021\/05\/1-CS-OCpr-02-VIN-DOP-IGP-ed-2.pdf\" target=\"_blank\" rel=\"noopener\">CS-OCpr-02<\/a>, precum \u0219i a legisla\u021biei europene \u00een domeniul indicat \u00een\u00a0<a href=\"https:\/\/acreditare.md\/wp-content\/uploads\/2021\/05\/9-2-ok-Anexa-la-CV-OCpr-DOP-IGP.doc\">Anexa la CV<\/a><\/li>\n<\/ul>\n<p style=\"font-weight: 400;\">\u00a0<b>Note:<\/b><\/p>\n<ol style=\"font-weight: 400;\">\n<li>Experien\u021ba profesional\u0103 se consider\u0103 \u0219i activitatea \u00een urm\u0103toarele domenii:\u00a0 \u0218tiin\u021b\u0103, Autoritate de reglementare, Organisme de certificare produse DOP\/IGP.<\/li>\n<li>Pentru completarea Anexei la CV, v\u0103 rug\u0103m s\u0103 utiliza\u021bi\u00a0<a href=\"https:\/\/acreditare.md\/public\/files\/domenii_de_competenta\/05-A-2-Domeniul-de-competenta-OCpr.pdf\">Domeniul de competen\u021b\u0103 pentru OCpr<\/a>, punctul 3.<\/li>\n<\/ol>\n<p style=\"font-weight: 400;\">\u00a0Rug\u0103m candida\u021bii s\u0103 transmit\u0103\u00a0<a href=\"https:\/\/acreditare.md\/wp-content\/uploads\/2021\/05\/1-ok-CV.doc\">CV-urile<\/a> \u0219i Anexele la CV completate la adresa <a href=\"mailto:alina.matosa@moldac.gov.md\">alina.matosa@moldac.gov.md<\/a><\/p>\n<p>[\/vc_column_text][\/vc_column][\/vc_row]<\/p>\n<p><\/p>\n<\/div>","protected":false},"excerpt":{"rendered":"<p>[vc_row][vc_column][vc_column_text] Centrul Na\u0163ional de Acreditare (MOLDAC) angajeaz\u0103 personal pentru a fi implicat \u00een procesul de acreditare a: OCpr DOP\/IGP conform ISO\/IEC 17065 produse cu Denumire de Origine Protejat\u0103 \u0219i Indica\u021bie Geografic\u0103 Protejat\u0103 pentru urm\u0103toarele domenii: Produse agricole \u0219i produse ale industriei alimentare: Vinuri din struguri proaspe\u0163i, inclusiv vinurile \u00eembog\u0103\u0163ite cu alcool; musturi de struguri, altele [&hellip;]<\/p>\n","protected":false},"author":4,"featured_media":0,"parent":4517,"menu_order":0,"comment_status":"closed","ping_status":"closed","template":"","meta":{"_acf_changed":false,"two_page_speed":[],"footnotes":""},"class_list":["post-4548","page","type-page","status-publish","hentry"],"acf":[],"_links":{"self":[{"href":"https:\/\/acreditare.md\/en\/wp-json\/wp\/v2\/pages\/4548"}],"collection":[{"href":"https:\/\/acreditare.md\/en\/wp-json\/wp\/v2\/pages"}],"about":[{"href":"https:\/\/acreditare.md\/en\/wp-json\/wp\/v2\/types\/page"}],"author":[{"embeddable":true,"href":"https:\/\/acreditare.md\/en\/wp-json\/wp\/v2\/users\/4"}],"replies":[{"embeddable":true,"href":"https:\/\/acreditare.md\/en\/wp-json\/wp\/v2\/comments?post=4548"}],"version-history":[{"count":8,"href":"https:\/\/acreditare.md\/en\/wp-json\/wp\/v2\/pages\/4548\/revisions"}],"predecessor-version":[{"id":12516,"href":"https:\/\/acreditare.md\/en\/wp-json\/wp\/v2\/pages\/4548\/revisions\/12516"}],"up":[{"embeddable":true,"href":"https:\/\/acreditare.md\/en\/wp-json\/wp\/v2\/pages\/4517"}],"wp:attachment":[{"href":"https:\/\/acreditare.md\/en\/wp-json\/wp\/v2\/media?parent=4548"}],"curies":[{"name":"wp","href":"https:\/\/api.w.org\/{rel}","templated":true}]}}