{"id":4546,"date":"2021-05-18T11:29:50","date_gmt":"2021-05-18T08:29:50","guid":{"rendered":"https:\/\/acreditare.md\/?page_id=4546"},"modified":"2026-03-17T15:35:47","modified_gmt":"2026-03-17T13:35:47","slug":"organisme-de-certificare-a-produselor-ecologice","status":"publish","type":"page","link":"https:\/\/acreditare.md\/en\/recrutare-2\/organisme-de-certificare-a-produselor-ecologice\/","title":{"rendered":"(Rom\u00e2n\u0103) Organisme de certificare a produselor ecologice"},"content":{"rendered":"<div class=\"wpb-content-wrapper\"><p><\/p>\n<p>[vc_row][vc_column][vc_column_text]Centrul Na\u0163ional de Acreditare (MOLDAC) angajeaz\u0103 personal pentru a fi implicat \u00een procesul de acreditare a:<\/p>\n<p><strong>\u00a0<\/strong><b>OCprec conform ISO\/IEC 17065 produse ecologice pentru urm\u0103toarele domenii:<\/b><\/p>\n<p>A: produse primare vegetale<\/p>\n<p>B: produse animale vii sau neprocesate<\/p>\n<p>C: produse de acvacultur\u0103 \u015fi alge marine<\/p>\n<p>D: produse agricole procesate destinate pentru uz alimentar<\/p>\n<p>E: produse agricole procesate destinate pentru animale<\/p>\n<p>F: material de reproducere vegetal\u0103 \u015fi semin\u0163e utilizate pentru cultivare<\/p>\n<p><strong>La selectarea candida\u021bilor se vor lua \u00een considera\u021bie urm\u0103toarele criterii:<\/strong><\/p>\n<ul>\n<li>Studii \u00eentr-una din disciplinele legate de categoriile enumerate mai sus<\/li>\n<li>2 ani experien\u021b\u0103 profesional\u0103 \u00een agricultura, acvacultura, industria alimentar\u0103 ecologic\u0103 sau \u00een comer\u0163ul produselor ecologice<\/li>\n<li>2 ani experien\u021b\u0103 \u00een misiunile de evaluare \u015fi\/sau supraveghere \u00een categoriile pentru care evaluatorii sunt numi\u0163i<\/li>\n<li>Cunoa\u0219terea legisla\u021biei europene \u0219i na\u021bionale men\u021bionate \u00een Cerin\u021be specifice pentru acreditarea OC prec, cod\u00a0<a href=\"https:\/\/acreditare.md\/wp-content\/uploads\/2021\/05\/1-CS-OCprec-01-ed-3.pdf\" target=\"_blank\" rel=\"noopener\">CS-OCprec-01<\/a>\u00a0\u0219i indicate \u00een\u00a0<a href=\"https:\/\/acreditare.md\/wp-content\/uploads\/2021\/05\/8-2-ok-Anexa-la-CV-OCprec.doc\">Anexa la CV<\/a><\/li>\n<\/ul>\n<p><b>Note:<\/b><\/p>\n<ol>\n<li>Experien\u021ba profesional\u0103 se consider\u0103 \u0219i activitatea \u00een urm\u0103toarele domenii:\u00a0 \u0218tiin\u021b\u0103, Autoritate de reglementare, Organisme de certificare produse ecologice.<\/li>\n<li>Pentru completarea Anexei la CV, v\u0103 rug\u0103m s\u0103 utiliza\u021bi\u00a0<a href=\"https:\/\/acreditare.md\/public\/files\/domenii_de_competenta\/05-A-2-Domeniul-de-competenta-OCpr.pdf\">Domeniul de competen\u021b\u0103 pentru OCpr<\/a>, punctul 2.<\/li>\n<\/ol>\n<p>Rug\u0103m candida\u021bii s\u0103 transmit\u0103\u00a0<a href=\"https:\/\/acreditare.md\/wp-content\/uploads\/2021\/05\/1-ok-CV.doc\">CV-urile<\/a> \u0219i Anexele la CV completate la adresa <a href=\"mailto:alina.matosa@moldac.gov.md\">alina.matosa@moldac.gov.md<\/a>[\/vc_column_text][\/vc_column][\/vc_row]<\/p>\n<p><\/p>\n<\/div>","protected":false},"excerpt":{"rendered":"<p>[vc_row][vc_column][vc_column_text]Centrul Na\u0163ional de Acreditare (MOLDAC) angajeaz\u0103 personal pentru a fi implicat \u00een procesul de acreditare a: \u00a0OCprec conform ISO\/IEC 17065 produse ecologice pentru urm\u0103toarele domenii: A: produse primare vegetale B: produse animale vii sau neprocesate C: produse de acvacultur\u0103 \u015fi alge marine D: produse agricole procesate destinate pentru uz alimentar E: produse agricole procesate destinate [&hellip;]<\/p>\n","protected":false},"author":4,"featured_media":0,"parent":4517,"menu_order":0,"comment_status":"closed","ping_status":"closed","template":"","meta":{"_acf_changed":false,"two_page_speed":[],"footnotes":""},"class_list":["post-4546","page","type-page","status-publish","hentry"],"acf":[],"_links":{"self":[{"href":"https:\/\/acreditare.md\/en\/wp-json\/wp\/v2\/pages\/4546"}],"collection":[{"href":"https:\/\/acreditare.md\/en\/wp-json\/wp\/v2\/pages"}],"about":[{"href":"https:\/\/acreditare.md\/en\/wp-json\/wp\/v2\/types\/page"}],"author":[{"embeddable":true,"href":"https:\/\/acreditare.md\/en\/wp-json\/wp\/v2\/users\/4"}],"replies":[{"embeddable":true,"href":"https:\/\/acreditare.md\/en\/wp-json\/wp\/v2\/comments?post=4546"}],"version-history":[{"count":8,"href":"https:\/\/acreditare.md\/en\/wp-json\/wp\/v2\/pages\/4546\/revisions"}],"predecessor-version":[{"id":12492,"href":"https:\/\/acreditare.md\/en\/wp-json\/wp\/v2\/pages\/4546\/revisions\/12492"}],"up":[{"embeddable":true,"href":"https:\/\/acreditare.md\/en\/wp-json\/wp\/v2\/pages\/4517"}],"wp:attachment":[{"href":"https:\/\/acreditare.md\/en\/wp-json\/wp\/v2\/media?parent=4546"}],"curies":[{"name":"wp","href":"https:\/\/api.w.org\/{rel}","templated":true}]}}