{"id":4542,"date":"2021-05-18T11:28:39","date_gmt":"2021-05-18T08:28:39","guid":{"rendered":"https:\/\/acreditare.md\/?page_id=4542"},"modified":"2026-03-17T10:02:10","modified_gmt":"2026-03-17T08:02:10","slug":"laboratoare-de-verificari-metrologice","status":"publish","type":"page","link":"https:\/\/acreditare.md\/en\/recrutare-2\/laboratoare-de-verificari-metrologice\/","title":{"rendered":"(Rom\u00e2n\u0103) Organisme de inspec\u021bie \u00een domeniul metrologiei legale"},"content":{"rendered":"<div class=\"wpb-content-wrapper\"><p>[vc_row][vc_column][vc_column_text]<\/p>\n<p style=\"font-weight: 400;\">Centrul Na\u0163ional de Acreditare (MOLDAC) angajeaz\u0103 personal pentru a fi implicat \u00een procesul de acreditare a:<\/p>\n<p style=\"font-weight: 400;\"><b>OI\/ML \u0219i OI pentru m\u0103sur\u0103ri oficiale conform ISO\/IEC 17020 pentru urm\u0103toarele domenii:<\/b><b>\u00a0<\/b><\/p>\n<ul style=\"font-weight: 400;\">\n<li>M\u0103rimi acustice<\/li>\n<li>M\u0103rimi fizico-chimice<\/li>\n<li>Ultrasunet \u0219i vibra\u021bii<\/li>\n<li>M\u0103rimi electromagnetice<\/li>\n<li>Debit \u0219i volum<\/li>\n<li>Radia\u021bii ionizante<\/li>\n<li>M\u0103rimi geometrice<\/li>\n<li>Masa \u0219i m\u0103rimi derivate<\/li>\n<li>Fotometrie \u0219i Radiometrie<\/li>\n<li>Termometrie<\/li>\n<li>Frecven\u021b\u0103 \u0219i timp<\/li>\n<\/ul>\n<p style=\"font-weight: 400;\"><b>La selectarea candida\u021bilor se vor lua \u00een considera\u021bie urm\u0103toarele criterii:<\/b><\/p>\n<ul style=\"font-weight: 400;\">\n<li>Studii \u00een domeniile metrologice indicate mai sus<\/li>\n<li>4 ani experien\u021b\u0103 \u00een domeniu conform studiilor din care 3 ani experien\u0163\u0103 \u00een domeniul tehnic specific<\/li>\n<li>Cunoa\u015fterea DN aplicabile domeniului indicat \u00een\u00a0<a href=\"https:\/\/acreditare.md\/wp-content\/uploads\/2022\/10\/2-2-ok-Anexa-la-CV-LVM-ed.2.doc\">Anexa la CV<\/a><\/li>\n<\/ul>\n<p style=\"font-weight: 400;\"><b>Not\u0103:<\/b><\/p>\n<p style=\"font-weight: 400;\">Pentru completarea Anexei la CV, v\u0103 rug\u0103m s\u0103 utiliza\u021bi\u00a0<a href=\"https:\/\/acreditare.md\/wp-content\/uploads\/2023\/04\/04-A-2-Domeniul-de-competenta-OI-ML-ed.8.pdf\">Domeniul de competen\u021b\u0103 pentru LVM<\/a>.<\/p>\n<p style=\"font-weight: 400;\">Rug\u0103m candida\u021bii s\u0103 transmit\u0103\u00a0<a href=\"https:\/\/acreditare.md\/wp-content\/uploads\/2021\/05\/1-ok-CV.doc\">CV-urile<\/a> \u0219i Anexele la CV completate la adresa <a href=\"mailto:alina.matosa@moldac.gov.md\">alina.matosa@moldac.gov.md<\/a><\/p>\n<p>[\/vc_column_text][\/vc_column][\/vc_row]<\/p>\n<\/div>","protected":false},"excerpt":{"rendered":"<p>[vc_row][vc_column][vc_column_text] Centrul Na\u0163ional de Acreditare (MOLDAC) angajeaz\u0103 personal pentru a fi implicat \u00een procesul de acreditare a: OI\/ML \u0219i OI pentru m\u0103sur\u0103ri oficiale conform ISO\/IEC 17020 pentru urm\u0103toarele domenii:\u00a0 M\u0103rimi acustice M\u0103rimi fizico-chimice Ultrasunet \u0219i vibra\u021bii M\u0103rimi electromagnetice Debit \u0219i volum Radia\u021bii ionizante M\u0103rimi geometrice Masa \u0219i m\u0103rimi derivate Fotometrie \u0219i Radiometrie Termometrie Frecven\u021b\u0103 \u0219i [&hellip;]<\/p>\n","protected":false},"author":4,"featured_media":0,"parent":4517,"menu_order":0,"comment_status":"closed","ping_status":"closed","template":"","meta":{"_acf_changed":false,"two_page_speed":[],"footnotes":""},"class_list":["post-4542","page","type-page","status-publish","hentry"],"acf":[],"_links":{"self":[{"href":"https:\/\/acreditare.md\/en\/wp-json\/wp\/v2\/pages\/4542"}],"collection":[{"href":"https:\/\/acreditare.md\/en\/wp-json\/wp\/v2\/pages"}],"about":[{"href":"https:\/\/acreditare.md\/en\/wp-json\/wp\/v2\/types\/page"}],"author":[{"embeddable":true,"href":"https:\/\/acreditare.md\/en\/wp-json\/wp\/v2\/users\/4"}],"replies":[{"embeddable":true,"href":"https:\/\/acreditare.md\/en\/wp-json\/wp\/v2\/comments?post=4542"}],"version-history":[{"count":8,"href":"https:\/\/acreditare.md\/en\/wp-json\/wp\/v2\/pages\/4542\/revisions"}],"predecessor-version":[{"id":12472,"href":"https:\/\/acreditare.md\/en\/wp-json\/wp\/v2\/pages\/4542\/revisions\/12472"}],"up":[{"embeddable":true,"href":"https:\/\/acreditare.md\/en\/wp-json\/wp\/v2\/pages\/4517"}],"wp:attachment":[{"href":"https:\/\/acreditare.md\/en\/wp-json\/wp\/v2\/media?parent=4542"}],"curies":[{"name":"wp","href":"https:\/\/api.w.org\/{rel}","templated":true}]}}