{"id":4540,"date":"2021-05-18T11:28:15","date_gmt":"2021-05-18T08:28:15","guid":{"rendered":"https:\/\/acreditare.md\/?page_id=4540"},"modified":"2026-03-20T07:50:47","modified_gmt":"2026-03-20T05:50:47","slug":"laboratoare-medicale","status":"publish","type":"page","link":"https:\/\/acreditare.md\/en\/recrutare-2\/laboratoare-medicale\/","title":{"rendered":"(Rom\u00e2n\u0103) Laboratoare medicale"},"content":{"rendered":"<div class=\"wpb-content-wrapper\"><p>[vc_row][vc_column][vc_column_text]Centrul Na\u0163ional de Acreditare (MOLDAC) angajeaz\u0103 personal pentru a fi implicat \u00een procesul de acreditare a:<strong>\u00a0<\/strong><\/p>\n<p><strong>LM conform ISO 15189 pentru urm\u0103toarele domenii:<\/strong><\/p>\n<ul>\n<li>Chimie clinic\u0103<\/li>\n<li>Hematologie<\/li>\n<li>Imunologie<\/li>\n<li>Biologie molecular\u0103<\/li>\n<li>Citologie<\/li>\n<li>Histopatologie<\/li>\n<li>Microbiologia<\/li>\n<\/ul>\n<p><strong>\u00a0<\/strong>La selectarea candida\u021bilor se vor lua \u00een considera\u021bie urm\u0103toarele criterii:<\/p>\n<ul>\n<li>Studii \u00een domeniu medical \u0219i biologie.<\/li>\n<li>4 ani experien\u021b\u0103 \u00een domeniu conform studiilor din care 3 ani experien\u021b\u0103 \u00een domeniul tehnic specific.<\/li>\n<li>Cunoa\u0219terea DN aplicabile domeniului indicat \u00een <a href=\"https:\/\/acreditare.md\/wp-content\/uploads\/2021\/05\/3-2-ok-Anexa-la-CV-LM.doc\">Anexa la CV<\/a>.<\/li>\n<\/ul>\n<p>Not\u0103:<\/p>\n<p>Pentru completarea Anexei la CV, v\u0103 rug\u0103m s\u0103 utiliza\u021bi\u00a0<a href=\"https:\/\/acreditare.md\/wp-content\/uploads\/2022\/09\/03-A-2-Domeniul-de-competenta-LM-ed-6.1.pdf\" target=\"_blank\" rel=\"noopener\">Domeniul de competen\u021b\u0103 pentru LM<\/a>.<\/p>\n<p>Rug\u0103m candida\u021bii s\u0103 transmit\u0103\u00a0<a href=\"https:\/\/acreditare.md\/wp-content\/uploads\/2021\/05\/1-ok-CV.doc\" target=\"_blank\" rel=\"noopener\">CV-urile<\/a> \u0219i Anexele la CV completate la adresa <a href=\"mailto:alina.matosa@moldac.gov.md\">alina.matosa@moldac.gov.md<\/a>[\/vc_column_text][\/vc_column][\/vc_row]<\/p>\n<\/div>","protected":false},"excerpt":{"rendered":"<p>[vc_row][vc_column][vc_column_text]Centrul Na\u0163ional de Acreditare (MOLDAC) angajeaz\u0103 personal pentru a fi implicat \u00een procesul de acreditare a:\u00a0 LM conform ISO 15189 pentru urm\u0103toarele domenii: Chimie clinic\u0103 Hematologie Imunologie Biologie molecular\u0103 Citologie Histopatologie Microbiologia \u00a0La selectarea candida\u021bilor se vor lua \u00een considera\u021bie urm\u0103toarele criterii: Studii \u00een domeniu medical \u0219i biologie. 4 ani experien\u021b\u0103 \u00een domeniu conform studiilor [&hellip;]<\/p>\n","protected":false},"author":4,"featured_media":0,"parent":4517,"menu_order":0,"comment_status":"closed","ping_status":"closed","template":"","meta":{"_acf_changed":false,"two_page_speed":[],"footnotes":""},"class_list":["post-4540","page","type-page","status-publish","hentry"],"acf":[],"_links":{"self":[{"href":"https:\/\/acreditare.md\/en\/wp-json\/wp\/v2\/pages\/4540"}],"collection":[{"href":"https:\/\/acreditare.md\/en\/wp-json\/wp\/v2\/pages"}],"about":[{"href":"https:\/\/acreditare.md\/en\/wp-json\/wp\/v2\/types\/page"}],"author":[{"embeddable":true,"href":"https:\/\/acreditare.md\/en\/wp-json\/wp\/v2\/users\/4"}],"replies":[{"embeddable":true,"href":"https:\/\/acreditare.md\/en\/wp-json\/wp\/v2\/comments?post=4540"}],"version-history":[{"count":11,"href":"https:\/\/acreditare.md\/en\/wp-json\/wp\/v2\/pages\/4540\/revisions"}],"predecessor-version":[{"id":12518,"href":"https:\/\/acreditare.md\/en\/wp-json\/wp\/v2\/pages\/4540\/revisions\/12518"}],"up":[{"embeddable":true,"href":"https:\/\/acreditare.md\/en\/wp-json\/wp\/v2\/pages\/4517"}],"wp:attachment":[{"href":"https:\/\/acreditare.md\/en\/wp-json\/wp\/v2\/media?parent=4540"}],"curies":[{"name":"wp","href":"https:\/\/api.w.org\/{rel}","templated":true}]}}