{"id":4534,"date":"2021-05-18T09:47:22","date_gmt":"2021-05-18T06:47:22","guid":{"rendered":"https:\/\/acreditare.md\/?page_id=4534"},"modified":"2026-04-07T09:34:33","modified_gmt":"2026-04-07T06:34:33","slug":"123-2","status":"publish","type":"page","link":"https:\/\/acreditare.md\/en\/recrutare-2\/123-2\/","title":{"rendered":"(Rom\u00e2n\u0103) Laboratoare de \u00eencerc\u0103ri"},"content":{"rendered":"<div class=\"wpb-content-wrapper\"><p><\/p>\n<p>[vc_row][vc_column][vc_column_text]<\/p>\n<p style=\"font-weight: 400;\">Centrul Na\u0163ional de Acreditare (MOLDAC) angajeaz\u0103 personal pentru a fi implicat \u00een procesul de acreditare a:<strong>\u00a0<\/strong><\/p>\n<p style=\"font-weight: 400;\"><strong>\u00a0<\/strong><b>L\u00ce conform ISO\/IEC 17025 pentru urm\u0103toarele domenii:<\/b><\/p>\n<ul style=\"font-weight: 400;\">\n<li>Produse alimentare<\/li>\n<li>Obiectele mediului ambiant<\/li>\n<li>Produse industriale<\/li>\n<li>Materiale de construc\u021bii<\/li>\n<li>Produse de origine non-animal\u0103 supuse carantinei fitosanitare<\/li>\n<li>Alte produse<\/li>\n<li>Fertilizan\u021bi<\/li>\n<li>Biocombustibili solizi<\/li>\n<li>Produse metalurgice<\/li>\n<li>Expertize criminalistice<\/li>\n<li>Organisme modificate genetic<\/li>\n<li>S\u0103n\u0103tatea animal\u0103<\/li>\n<li>Toxicologie medico-legal\u0103<\/li>\n<\/ul>\n<p style=\"font-weight: 400;\"><strong>\u00a0<\/strong><b>La selectarea candida\u021bilor se vor lua \u00een considera\u021bie urm\u0103toarele criterii:<\/b><\/p>\n<ul style=\"font-weight: 400;\">\n<li>Studii superioare \u00eentr-una din disciplinele legate de domeniile enumerate mai sus<\/li>\n<li>4 ani experien\u021b\u0103 \u00een domeniu conform studiilor din care 3 ani experien\u021b\u0103 \u00een domeniul tehnic specific \u00een efectuarea \u00eencerc\u0103rilor<\/li>\n<li>Cunoa\u0219terea DN aplicabile domeniului indicat \u00een <a href=\"https:\/\/acreditare.md\/wp-content\/uploads\/2021\/05\/1-2-ok-Anexa-la-CV-LI.doc\">Anexa la CV<\/a><\/li>\n<\/ul>\n<p style=\"font-weight: 400;\"><b>Not\u0103:<\/b><\/p>\n<p style=\"font-weight: 400;\">Pentru completarea Anexei la CV, v\u0103 rug\u0103m s\u0103 utiliza\u021bi\u00a0<a href=\"https:\/\/acreditare.md\/wp-content\/uploads\/2022\/08\/01-A-2-Domeniul-de-competenta-LI-ed-15.pdf\">Domeniul de competen\u021b\u0103 pentru L\u00ce<\/a>.<\/p>\n<p style=\"font-weight: 400;\">\u00a0Rug\u0103m candida\u021bii s\u0103 transmit\u0103\u00a0<a href=\"https:\/\/acreditare.md\/wp-content\/uploads\/2021\/05\/1-ok-CV.doc\">CV-urile<\/a> \u0219i Anexele la CV completate la adresa <a href=\"mailto:alina.matosa@moldac.gov.md\">alina.matosa@moldac.gov.md\u00a0<\/a><\/p>\n<p>[\/vc_column_text][\/vc_column][\/vc_row]<\/p>\n<p><\/p>\n<\/div>","protected":false},"excerpt":{"rendered":"<p>[vc_row][vc_column][vc_column_text] Centrul Na\u0163ional de Acreditare (MOLDAC) angajeaz\u0103 personal pentru a fi implicat \u00een procesul de acreditare a:\u00a0 \u00a0L\u00ce conform ISO\/IEC 17025 pentru urm\u0103toarele domenii: Produse alimentare Obiectele mediului ambiant Produse industriale Materiale de construc\u021bii Produse de origine non-animal\u0103 supuse carantinei fitosanitare Alte produse Fertilizan\u021bi Biocombustibili solizi Produse metalurgice Expertize criminalistice Organisme modificate genetic S\u0103n\u0103tatea animal\u0103 [&hellip;]<\/p>\n","protected":false},"author":4,"featured_media":0,"parent":4517,"menu_order":0,"comment_status":"closed","ping_status":"closed","template":"","meta":{"_acf_changed":false,"two_page_speed":[],"footnotes":""},"class_list":["post-4534","page","type-page","status-publish","hentry"],"acf":[],"_links":{"self":[{"href":"https:\/\/acreditare.md\/en\/wp-json\/wp\/v2\/pages\/4534"}],"collection":[{"href":"https:\/\/acreditare.md\/en\/wp-json\/wp\/v2\/pages"}],"about":[{"href":"https:\/\/acreditare.md\/en\/wp-json\/wp\/v2\/types\/page"}],"author":[{"embeddable":true,"href":"https:\/\/acreditare.md\/en\/wp-json\/wp\/v2\/users\/4"}],"replies":[{"embeddable":true,"href":"https:\/\/acreditare.md\/en\/wp-json\/wp\/v2\/comments?post=4534"}],"version-history":[{"count":13,"href":"https:\/\/acreditare.md\/en\/wp-json\/wp\/v2\/pages\/4534\/revisions"}],"predecessor-version":[{"id":12628,"href":"https:\/\/acreditare.md\/en\/wp-json\/wp\/v2\/pages\/4534\/revisions\/12628"}],"up":[{"embeddable":true,"href":"https:\/\/acreditare.md\/en\/wp-json\/wp\/v2\/pages\/4517"}],"wp:attachment":[{"href":"https:\/\/acreditare.md\/en\/wp-json\/wp\/v2\/media?parent=4534"}],"curies":[{"name":"wp","href":"https:\/\/api.w.org\/{rel}","templated":true}]}}