{"id":1078,"date":"2020-05-12T07:22:23","date_gmt":"2020-05-12T07:22:23","guid":{"rendered":"https:\/\/acreditare.md\/?page_id=1078"},"modified":"2021-03-03T15:19:43","modified_gmt":"2021-03-03T13:19:43","slug":"evenimente","status":"publish","type":"page","link":"https:\/\/acreditare.md\/en\/evenimente\/","title":{"rendered":"Events"},"content":{"rendered":"<div class=\"wpb-content-wrapper\"><p>[vc_row][vc_column]<div id=\"porto-blog-6713\" class=\"porto-blog wpb_content_element   wpb_custom_9c745ac33a8bb4820cfc6b89805915cc\">\t\t<div class=\"blog-posts posts-grid blog-posts-list\">\r\n\t\t\t<div class=\"posts-container row\">\r\n\t\t<div class=\"post post-grid col-md-6 post-12810 post type-post status-publish format-standard has-post-thumbnail hentry category-evenimente category-uncategorized blog-post-item post-item-list\">\n\t\t\t<div class=\"post-image img-thumbnail\">\n\t\t\t<a href=\"https:\/\/acreditare.md\/en\/sedinta-consiliului-de-acreditare-3\/\">\n\t\t\t\t<img loading=\"lazy\" decoding=\"async\" width=\"450\" height=\"231\" src=\"https:\/\/acreditare.md\/wp-content\/uploads\/2026\/05\/Captura-de-ecran-2026-05-14-112345-450x231.jpg\" alt=\"\" \/>\n\t\t\t<\/a>\n\t\t<\/div>\n\t\t<div class=\"post-item-content\">\n\t\t\t\t\t<span class=\"post-date\">Thursday May 14th, 2026<\/span>\n\t\t\t\t\t\t<h5 class=\"post-item-title\"><a href=\"https:\/\/acreditare.md\/en\/sedinta-consiliului-de-acreditare-3\/\">(Rom\u00e2n\u0103) \u0218edin\u021ba Consiliului de Acreditare<\/a><\/h5>\n\t\t\t<\/div>\n<\/div>\n<div class=\"post post-grid col-md-6 post-12797 post type-post status-publish format-standard has-post-thumbnail hentry category-evenimente blog-post-item post-item-list\">\n\t\t\t<div class=\"post-image img-thumbnail\">\n\t\t\t<a href=\"https:\/\/acreditare.md\/en\/sedinta-consiliului-acordului-multilateral-ea-mac-7\/\">\n\t\t\t\t<img loading=\"lazy\" decoding=\"async\" width=\"450\" height=\"231\" src=\"https:\/\/acreditare.md\/wp-content\/uploads\/2026\/05\/1778164849177-450x231.jpeg\" alt=\"\" \/>\n\t\t\t<\/a>\n\t\t<\/div>\n\t\t<div class=\"post-item-content\">\n\t\t\t\t\t<span class=\"post-date\">Tuesday May 12th, 2026<\/span>\n\t\t\t\t\t\t<h5 class=\"post-item-title\"><a href=\"https:\/\/acreditare.md\/en\/sedinta-consiliului-acordului-multilateral-ea-mac-7\/\">(Rom\u00e2n\u0103) \u0218edin\u021ba Consiliului Acordului Multilateral EA (MAC)<\/a><\/h5>\n\t\t\t<\/div>\n<\/div>\n<div class=\"post post-grid col-md-6 post-12779 post type-post status-publish format-standard has-post-thumbnail hentry category-evenimente blog-post-item post-item-list\">\n\t\t\t<div class=\"post-image img-thumbnail\">\n\t\t\t<a href=\"https:\/\/acreditare.md\/en\/activitati-in-cadrul-centrului-de-instruire-moldac-32\/\">\n\t\t\t\t<img loading=\"lazy\" decoding=\"async\" width=\"448\" height=\"231\" src=\"https:\/\/acreditare.md\/wp-content\/uploads\/2022\/07\/MOLDAC_Presentation-Template-3-448x231.jpg\" alt=\"\" \/>\n\t\t\t<\/a>\n\t\t<\/div>\n\t\t<div class=\"post-item-content\">\n\t\t\t\t\t<span class=\"post-date\">Friday May  8th, 2026<\/span>\n\t\t\t\t\t\t<h5 class=\"post-item-title\"><a href=\"https:\/\/acreditare.md\/en\/activitati-in-cadrul-centrului-de-instruire-moldac-32\/\">(Rom\u00e2n\u0103) Activit\u0103\u021bi \u00een cadrul Centrului de Instruire MOLDAC<\/a><\/h5>\n\t\t\t<\/div>\n<\/div>\n<div class=\"post post-grid col-md-6 post-12766 post type-post status-publish format-standard has-post-thumbnail hentry category-evenimente category-uncategorized blog-post-item post-item-list\">\n\t\t\t<div class=\"post-image img-thumbnail\">\n\t\t\t<a href=\"https:\/\/acreditare.md\/en\/activitati-in-cadrul-centrului-de-instruire-moldac-31\/\">\n\t\t\t\t<img loading=\"lazy\" decoding=\"async\" width=\"448\" height=\"231\" src=\"https:\/\/acreditare.md\/wp-content\/uploads\/2022\/07\/MOLDAC_Presentation-Template-3-448x231.jpg\" alt=\"\" \/>\n\t\t\t<\/a>\n\t\t<\/div>\n\t\t<div class=\"post-item-content\">\n\t\t\t\t\t<span class=\"post-date\">Wednesday May  6th, 2026<\/span>\n\t\t\t\t\t\t<h5 class=\"post-item-title\"><a href=\"https:\/\/acreditare.md\/en\/activitati-in-cadrul-centrului-de-instruire-moldac-31\/\">(Rom\u00e2n\u0103) Activit\u0103\u021bi \u00een cadrul Centrului de Instruire MOLDAC<\/a><\/h5>\n\t\t\t<\/div>\n<\/div>\n<div class=\"post post-grid col-md-6 post-12750 post type-post status-publish format-standard has-post-thumbnail hentry category-evenimente blog-post-item post-item-list\">\n\t\t\t<div class=\"post-image img-thumbnail\">\n\t\t\t<a href=\"https:\/\/acreditare.md\/en\/acreditarea-organismului-de-inspectie-in-domeniul-metrologiei-legale-tip-a-din-cadrul-societatii-o-m-euroetalon-s-r-l\/\">\n\t\t\t\t<img loading=\"lazy\" decoding=\"async\" width=\"450\" height=\"231\" src=\"https:\/\/acreditare.md\/wp-content\/uploads\/2026\/05\/IMG_61451-450x231.jpeg\" alt=\"\" \/>\n\t\t\t<\/a>\n\t\t<\/div>\n\t\t<div class=\"post-item-content\">\n\t\t\t\t\t<span class=\"post-date\">Tuesday May  5th, 2026<\/span>\n\t\t\t\t\t\t<h5 class=\"post-item-title\"><a href=\"https:\/\/acreditare.md\/en\/acreditarea-organismului-de-inspectie-in-domeniul-metrologiei-legale-tip-a-din-cadrul-societatii-o-m-euroetalon-s-r-l\/\">(Rom\u00e2n\u0103) Acreditarea Organismului de Inspec\u021bie \u00een domeniul metrologiei legale (tip A), din cadrul societ\u0103\u021bii \u201eO.M. EUROETALON\u201d S.R.L.<\/a><\/h5>\n\t\t\t<\/div>\n<\/div>\n<div class=\"post post-grid col-md-6 post-12743 post type-post status-publish format-standard has-post-thumbnail hentry category-evenimente blog-post-item post-item-list\">\n\t\t\t<div class=\"post-image img-thumbnail\">\n\t\t\t<a href=\"https:\/\/acreditare.md\/en\/atelier-ea-enisa-privind-implementarea-regulamentului-ue-2024-482\/\">\n\t\t\t\t<img loading=\"lazy\" decoding=\"async\" width=\"450\" height=\"231\" src=\"https:\/\/acreditare.md\/wp-content\/uploads\/2026\/05\/1-450x231.jpg\" alt=\"\" \/>\n\t\t\t<\/a>\n\t\t<\/div>\n\t\t<div class=\"post-item-content\">\n\t\t\t\t\t<span class=\"post-date\">Saturday May  2nd, 2026<\/span>\n\t\t\t\t\t\t<h5 class=\"post-item-title\"><a href=\"https:\/\/acreditare.md\/en\/atelier-ea-enisa-privind-implementarea-regulamentului-ue-2024-482\/\">(Rom\u00e2n\u0103) Atelier EA\u2013ENISA privind implementarea Regulamentului (UE) 2024\/482<\/a><\/h5>\n\t\t\t<\/div>\n<\/div>\n<div class=\"post post-grid col-md-6 post-12729 post type-post status-publish format-standard has-post-thumbnail hentry category-evenimente category-uncategorized blog-post-item post-item-list\">\n\t\t\t<div class=\"post-image img-thumbnail\">\n\t\t\t<a href=\"https:\/\/acreditare.md\/en\/sedinta-asambleei-generale-global-accreditation-cooperation-incorporated-global-aci\/\">\n\t\t\t\t<img loading=\"lazy\" decoding=\"async\" width=\"450\" height=\"231\" src=\"https:\/\/acreditare.md\/wp-content\/uploads\/2026\/04\/1776315714052-450x231.jpeg\" alt=\"\" \/>\n\t\t\t<\/a>\n\t\t<\/div>\n\t\t<div class=\"post-item-content\">\n\t\t\t\t\t<span class=\"post-date\">Wednesday April 29th, 2026<\/span>\n\t\t\t\t\t\t<h5 class=\"post-item-title\"><a href=\"https:\/\/acreditare.md\/en\/sedinta-asambleei-generale-global-accreditation-cooperation-incorporated-global-aci\/\">(Rom\u00e2n\u0103) \u0218edin\u021ba Asambleei Generale Global Accreditation Cooperation Incorporated (Global ACI)<\/a><\/h5>\n\t\t\t<\/div>\n<\/div>\n<div class=\"post post-grid col-md-6 post-12721 post type-post status-publish format-standard has-post-thumbnail hentry category-evenimente blog-post-item post-item-list\">\n\t\t\t<div class=\"post-image img-thumbnail\">\n\t\t\t<a href=\"https:\/\/acreditare.md\/en\/sesiunea-intermediara-a-global-accreditation-cooperation-incorporated-global-aci-continua\/\">\n\t\t\t\t<img loading=\"lazy\" decoding=\"async\" width=\"450\" height=\"231\" src=\"https:\/\/acreditare.md\/wp-content\/uploads\/2026\/04\/GLOBAL-ACI-450x231.jpg\" alt=\"\" \/>\n\t\t\t<\/a>\n\t\t<\/div>\n\t\t<div class=\"post-item-content\">\n\t\t\t\t\t<span class=\"post-date\">Monday April 27th, 2026<\/span>\n\t\t\t\t\t\t<h5 class=\"post-item-title\"><a href=\"https:\/\/acreditare.md\/en\/sesiunea-intermediara-a-global-accreditation-cooperation-incorporated-global-aci-continua\/\">(Rom\u00e2n\u0103) Sesiunea intermediar\u0103 a Global Accreditation Cooperation Incorporated (Global ACI) &#8211; continu\u0103<\/a><\/h5>\n\t\t\t<\/div>\n<\/div>\n<div class=\"post post-grid col-md-6 post-12702 post type-post status-publish format-standard has-post-thumbnail hentry category-evenimente blog-post-item post-item-list\">\n\t\t\t<div class=\"post-image img-thumbnail\">\n\t\t\t<a href=\"https:\/\/acreditare.md\/en\/sesiunea-intermediara-a-global-accreditation-cooperation-incorporated-global-aci\/\">\n\t\t\t\t<img loading=\"lazy\" decoding=\"async\" width=\"450\" height=\"231\" src=\"https:\/\/acreditare.md\/wp-content\/uploads\/2026\/04\/328908e5-30fe-4676-80de-2a3bb71d6239-1-450x231.jpeg\" alt=\"\" \/>\n\t\t\t<\/a>\n\t\t<\/div>\n\t\t<div class=\"post-item-content\">\n\t\t\t\t\t<span class=\"post-date\">Thursday April 23rd, 2026<\/span>\n\t\t\t\t\t\t<h5 class=\"post-item-title\"><a href=\"https:\/\/acreditare.md\/en\/sesiunea-intermediara-a-global-accreditation-cooperation-incorporated-global-aci\/\">(Rom\u00e2n\u0103) Sesiunea intermediar\u0103 a Global Accreditation Cooperation Incorporated (Global ACI)<\/a><\/h5>\n\t\t\t<\/div>\n<\/div>\n<div class=\"post post-grid col-md-6 post-12671 post type-post status-publish format-standard has-post-thumbnail hentry category-evenimente category-uncategorized blog-post-item post-item-list\">\n\t\t\t<div class=\"post-image img-thumbnail\">\n\t\t\t<a href=\"https:\/\/acreditare.md\/en\/global-accreditation-cooperation-incorporated-global-aci-noua-organizatie-internationala-de-acreditare\/\">\n\t\t\t\t<img loading=\"lazy\" decoding=\"async\" width=\"450\" height=\"231\" src=\"https:\/\/acreditare.md\/wp-content\/uploads\/2026\/04\/Captura-de-ecran-2026-04-14-111305-450x231.jpg\" alt=\"\" \/>\n\t\t\t<\/a>\n\t\t<\/div>\n\t\t<div class=\"post-item-content\">\n\t\t\t\t\t<span class=\"post-date\">Tuesday April 14th, 2026<\/span>\n\t\t\t\t\t\t<h5 class=\"post-item-title\"><a href=\"https:\/\/acreditare.md\/en\/global-accreditation-cooperation-incorporated-global-aci-noua-organizatie-internationala-de-acreditare\/\">(Rom\u00e2n\u0103) Global Accreditation Cooperation Incorporated (Global ACI) \u2013 noua organiza\u021bie interna\u021bional\u0103 de acreditare<\/a><\/h5>\n\t\t\t<\/div>\n<\/div>\n<div class=\"post post-grid col-md-6 post-12665 post type-post status-publish format-standard has-post-thumbnail hentry category-evenimente category-uncategorized blog-post-item post-item-list\">\n\t\t\t<div class=\"post-image img-thumbnail\">\n\t\t\t<a href=\"https:\/\/acreditare.md\/en\/sedinta-de-lucru-moldac-inm-privind-acreditarea-conform-iso-iec-17043-si-cooperarea-in-proiecte-metrologice-europene\/\">\n\t\t\t\t<img loading=\"lazy\" decoding=\"async\" width=\"450\" height=\"231\" src=\"https:\/\/acreditare.md\/wp-content\/uploads\/2026\/04\/fin-1-450x231.jpg\" alt=\"\" \/>\n\t\t\t<\/a>\n\t\t<\/div>\n\t\t<div class=\"post-item-content\">\n\t\t\t\t\t<span class=\"post-date\">Tuesday April 14th, 2026<\/span>\n\t\t\t\t\t\t<h5 class=\"post-item-title\"><a href=\"https:\/\/acreditare.md\/en\/sedinta-de-lucru-moldac-inm-privind-acreditarea-conform-iso-iec-17043-si-cooperarea-in-proiecte-metrologice-europene\/\">(Rom\u00e2n\u0103) \u0218edin\u021b\u0103 de lucru MOLDAC\u2013INM<\/a><\/h5>\n\t\t\t<\/div>\n<\/div>\n<div class=\"post post-grid col-md-6 post-12640 post type-post status-publish format-standard hentry category-evenimente blog-post-item post-item-list\">\n\t\t<div class=\"post-item-content\">\n\t\t\t\t\t<span class=\"post-date\">Friday April 10th, 2026<\/span>\n\t\t\t\t\t\t<h5 class=\"post-item-title\"><a href=\"https:\/\/acreditare.md\/en\/participarea-moldac-la-sedinta-comitetului-de-acreditare-din-cadrul-proiectului-ptb-eap\/\">(Rom\u00e2n\u0103) Participarea MOLDAC la \u0219edin\u021ba Comitetului de Acreditare din cadrul proiectului PTB (EaP)<\/a><\/h5>\n\t\t\t<\/div>\n<\/div>\n<div class=\"post post-grid col-md-6 post-12609 post type-post status-publish format-standard has-post-thumbnail hentry category-evenimente blog-post-item post-item-list\">\n\t\t\t<div class=\"post-image img-thumbnail\">\n\t\t\t<a href=\"https:\/\/acreditare.md\/en\/12609-2\/\">\n\t\t\t\t<img loading=\"lazy\" decoding=\"async\" width=\"450\" height=\"231\" src=\"https:\/\/acreditare.md\/wp-content\/uploads\/2026\/04\/90b372e0-de04-447f-9e87-226d28867fda-450x231.jpeg\" alt=\"\" \/>\n\t\t\t<\/a>\n\t\t<\/div>\n\t\t<div class=\"post-item-content\">\n\t\t\t\t\t<span class=\"post-date\">Friday April  3rd, 2026<\/span>\n\t\t\t\t\t\t<h5 class=\"post-item-title\"><a href=\"https:\/\/acreditare.md\/en\/12609-2\/\">(Rom\u00e2n\u0103) Acreditarea Organismului de certificare produse (OCpr) din cadrul SRL \u201eRIVER PORT SOLUTIONS\u201d<\/a><\/h5>\n\t\t\t<\/div>\n<\/div>\n<div class=\"post post-grid col-md-6 post-12602 post type-post status-publish format-standard has-post-thumbnail hentry category-evenimente category-uncategorized blog-post-item post-item-list\">\n\t\t\t<div class=\"post-image img-thumbnail\">\n\t\t\t<a href=\"https:\/\/acreditare.md\/en\/participarea-moldac-la-sedinta-proiectului-bilateral-ptb-consolidarea-infrastructurii-calitatii-pentru-aderarea-la-ue-si-cresterea-competitivitatii-in-republica-moldova\/\">\n\t\t\t\t<img loading=\"lazy\" decoding=\"async\" width=\"197\" height=\"120\" src=\"https:\/\/acreditare.md\/wp-content\/uploads\/2025\/12\/ptb1.png\" alt=\"\" \/>\n\t\t\t<\/a>\n\t\t<\/div>\n\t\t<div class=\"post-item-content\">\n\t\t\t\t\t<span class=\"post-date\">Thursday April  2nd, 2026<\/span>\n\t\t\t\t\t\t<h5 class=\"post-item-title\"><a href=\"https:\/\/acreditare.md\/en\/participarea-moldac-la-sedinta-proiectului-bilateral-ptb-consolidarea-infrastructurii-calitatii-pentru-aderarea-la-ue-si-cresterea-competitivitatii-in-republica-moldova\/\">(Rom\u00e2n\u0103) Participarea MOLDAC la \u0219edin\u021ba proiectului bilateral PTB \u201eConsolidarea infrastructurii calit\u0103\u021bii pentru aderarea la UE \u0219i cre\u0219terea competitivit\u0103\u021bii \u00een Republica Moldova\u201d<\/a><\/h5>\n\t\t\t<\/div>\n<\/div>\n<div class=\"post post-grid col-md-6 post-12595 post type-post status-publish format-standard has-post-thumbnail hentry category-evenimente blog-post-item post-item-list\">\n\t\t\t<div class=\"post-image img-thumbnail\">\n\t\t\t<a href=\"https:\/\/acreditare.md\/en\/12595-2\/\">\n\t\t\t\t<img loading=\"lazy\" decoding=\"async\" width=\"450\" height=\"231\" src=\"https:\/\/acreditare.md\/wp-content\/uploads\/2026\/04\/fin-450x231.jpeg\" alt=\"\" \/>\n\t\t\t<\/a>\n\t\t<\/div>\n\t\t<div class=\"post-item-content\">\n\t\t\t\t\t<span class=\"post-date\">Thursday April  2nd, 2026<\/span>\n\t\t\t\t\t\t<h5 class=\"post-item-title\"><a href=\"https:\/\/acreditare.md\/en\/12595-2\/\">(Rom\u00e2n\u0103) Acreditarea Organismului de Inspec\u021bie (tip A) din cadrul \u201eINSPECT LIFT\u201d S.R.L.<\/a><\/h5>\n\t\t\t<\/div>\n<\/div>\n<div class=\"post post-grid col-md-6 post-12587 post type-post status-publish format-standard has-post-thumbnail hentry category-evenimente blog-post-item post-item-list\">\n\t\t\t<div class=\"post-image img-thumbnail\">\n\t\t\t<a href=\"https:\/\/acreditare.md\/en\/activitati-in-cadrul-centrului-de-instruire-moldac-30\/\">\n\t\t\t\t<img loading=\"lazy\" decoding=\"async\" width=\"448\" height=\"231\" src=\"https:\/\/acreditare.md\/wp-content\/uploads\/2022\/07\/MOLDAC_Presentation-Template-3-448x231.jpg\" alt=\"\" \/>\n\t\t\t<\/a>\n\t\t<\/div>\n\t\t<div class=\"post-item-content\">\n\t\t\t\t\t<span class=\"post-date\">Thursday April  2nd, 2026<\/span>\n\t\t\t\t\t\t<h5 class=\"post-item-title\"><a href=\"https:\/\/acreditare.md\/en\/activitati-in-cadrul-centrului-de-instruire-moldac-30\/\">(Rom\u00e2n\u0103) Activit\u0103\u021bi \u00een cadrul Centrului de Instruire MOLDAC<\/a><\/h5>\n\t\t\t<\/div>\n<\/div>\n<div class=\"post post-grid col-md-6 post-12563 post type-post status-publish format-standard has-post-thumbnail hentry category-evenimente category-uncategorized blog-post-item post-item-list\">\n\t\t\t<div class=\"post-image img-thumbnail\">\n\t\t\t<a href=\"https:\/\/acreditare.md\/en\/sedinta-comitetului-ea-pentru-certificare-ea-cc\/\">\n\t\t\t\t<img loading=\"lazy\" decoding=\"async\" width=\"450\" height=\"231\" src=\"https:\/\/acreditare.md\/wp-content\/uploads\/2026\/03\/b3038c75-7fb4-4d5f-b969-310035641839-450x231.jpeg\" alt=\"\" \/>\n\t\t\t<\/a>\n\t\t<\/div>\n\t\t<div class=\"post-item-content\">\n\t\t\t\t\t<span class=\"post-date\">Tuesday March 31st, 2026<\/span>\n\t\t\t\t\t\t<h5 class=\"post-item-title\"><a href=\"https:\/\/acreditare.md\/en\/sedinta-comitetului-ea-pentru-certificare-ea-cc\/\">(Rom\u00e2n\u0103) \u0218edin\u021ba Comitetului EA pentru Certificare (EA CC)<\/a><\/h5>\n\t\t\t<\/div>\n<\/div>\n<div class=\"post post-grid col-md-6 post-12548 post type-post status-publish format-standard has-post-thumbnail hentry category-evenimente category-uncategorized blog-post-item post-item-list\">\n\t\t\t<div class=\"post-image img-thumbnail\">\n\t\t\t<a href=\"https:\/\/acreditare.md\/en\/sedinta-comitetului-ea-pentru-laboratoare-7\/\">\n\t\t\t\t<img loading=\"lazy\" decoding=\"async\" width=\"450\" height=\"231\" src=\"https:\/\/acreditare.md\/wp-content\/uploads\/2026\/03\/Captura-de-ecran-2026-03-26-101334-450x231.jpg\" alt=\"\" \/>\n\t\t\t<\/a>\n\t\t<\/div>\n\t\t<div class=\"post-item-content\">\n\t\t\t\t\t<span class=\"post-date\">Monday March 30th, 2026<\/span>\n\t\t\t\t\t\t<h5 class=\"post-item-title\"><a href=\"https:\/\/acreditare.md\/en\/sedinta-comitetului-ea-pentru-laboratoare-7\/\">(Rom\u00e2n\u0103) \u0218edin\u021ba Comitetului EA pentru Laboratoare (EA LC)<\/a><\/h5>\n\t\t\t<\/div>\n<\/div>\n<div class=\"post post-grid col-md-6 post-12538 post type-post status-publish format-standard has-post-thumbnail hentry category-evenimente blog-post-item post-item-list\">\n\t\t\t<div class=\"post-image img-thumbnail\">\n\t\t\t<a href=\"https:\/\/acreditare.md\/en\/sedinta-comitetului-pentru-inspectii-ea-ic-5\/\">\n\t\t\t\t<img loading=\"lazy\" decoding=\"async\" width=\"450\" height=\"231\" src=\"https:\/\/acreditare.md\/wp-content\/uploads\/2026\/03\/1774433905475-450x231.jpeg\" alt=\"\" \/>\n\t\t\t<\/a>\n\t\t<\/div>\n\t\t<div class=\"post-item-content\">\n\t\t\t\t\t<span class=\"post-date\">Thursday March 26th, 2026<\/span>\n\t\t\t\t\t\t<h5 class=\"post-item-title\"><a href=\"https:\/\/acreditare.md\/en\/sedinta-comitetului-pentru-inspectii-ea-ic-5\/\">(Rom\u00e2n\u0103) \u0218edin\u021ba Comitetului EA pentru Inspec\u021bii (EA IC)<\/a><\/h5>\n\t\t\t<\/div>\n<\/div>\n<div class=\"post post-grid col-md-6 post-12507 post type-post status-publish format-standard has-post-thumbnail hentry category-evenimente blog-post-item post-item-list\">\n\t\t\t<div class=\"post-image img-thumbnail\">\n\t\t\t<a href=\"https:\/\/acreditare.md\/en\/sedinta-de-lucru-privind-alinierea-republicii-moldova-la-cerintele-si-practicile-uniunii-europene-in-monitorizarea-calitatii-aerului-atmosferic\/\">\n\t\t\t\t<img loading=\"lazy\" decoding=\"async\" width=\"450\" height=\"231\" src=\"https:\/\/acreditare.md\/wp-content\/uploads\/2026\/03\/Captura-de-ecran-2026-03-19-122208-450x231.jpg\" alt=\"\" \/>\n\t\t\t<\/a>\n\t\t<\/div>\n\t\t<div class=\"post-item-content\">\n\t\t\t\t\t<span class=\"post-date\">Thursday March 19th, 2026<\/span>\n\t\t\t\t\t\t<h5 class=\"post-item-title\"><a href=\"https:\/\/acreditare.md\/en\/sedinta-de-lucru-privind-alinierea-republicii-moldova-la-cerintele-si-practicile-uniunii-europene-in-monitorizarea-calitatii-aerului-atmosferic\/\">(Rom\u00e2n\u0103) \u0218edin\u021b\u0103 de lucru privind alinierea Republicii Moldova la cerin\u021bele \u0219i practicile Uniunii Europene \u00een monitorizarea calit\u0103\u021bii aerului atmosferic<\/a><\/h5>\n\t\t\t<\/div>\n<\/div>\n\r\n\t\r\n\t\t\t<\/div>\r\n\t\t<\/div>\r\n\r\n\t\r\n\t\t\t\t\t\t<div class=\"clearfix\"><\/div>\n\t\t\t<div class=\"pagination-wrap\">\n\t\t\t\t\t\t\t\t<div class=\"pagination\" role=\"navigation\">\n\t\t\t\t\t<span aria-current=\"page\" class=\"page-numbers current\">1<\/span><a class=\"page-numbers\" href=\"https:\/\/acreditare.md\/en\/wp-json\/wp\/v2\/pages\/1078\/page\/2\/\">2<\/a><span class=\"page-numbers dots\">&hellip;<\/span><a class=\"page-numbers\" href=\"https:\/\/acreditare.md\/en\/wp-json\/wp\/v2\/pages\/1078\/page\/22\/\">22<\/a><a class=\"next page-numbers\" href=\"https:\/\/acreditare.md\/en\/wp-json\/wp\/v2\/pages\/1078\/page\/2\/\">Next&nbsp;&nbsp;<i class=\"fas fa-long-arrow-alt-right\"><\/i><\/a>\t\t\t\t<\/div>\n\t\t\t<\/div>\n\t\t\t\t\r\n\t<\/div>[\/vc_column][\/vc_row]<\/p>\n<\/div>","protected":false},"excerpt":{"rendered":"<p>[vc_row][vc_column][\/vc_column][\/vc_row]<\/p>\n","protected":false},"author":1,"featured_media":0,"parent":0,"menu_order":0,"comment_status":"closed","ping_status":"closed","template":"","meta":{"_acf_changed":false,"two_page_speed":[],"footnotes":""},"class_list":["post-1078","page","type-page","status-publish","hentry"],"acf":[],"_links":{"self":[{"href":"https:\/\/acreditare.md\/en\/wp-json\/wp\/v2\/pages\/1078"}],"collection":[{"href":"https:\/\/acreditare.md\/en\/wp-json\/wp\/v2\/pages"}],"about":[{"href":"https:\/\/acreditare.md\/en\/wp-json\/wp\/v2\/types\/page"}],"author":[{"embeddable":true,"href":"https:\/\/acreditare.md\/en\/wp-json\/wp\/v2\/users\/1"}],"replies":[{"embeddable":true,"href":"https:\/\/acreditare.md\/en\/wp-json\/wp\/v2\/comments?post=1078"}],"version-history":[{"count":4,"href":"https:\/\/acreditare.md\/en\/wp-json\/wp\/v2\/pages\/1078\/revisions"}],"predecessor-version":[{"id":4130,"href":"https:\/\/acreditare.md\/en\/wp-json\/wp\/v2\/pages\/1078\/revisions\/4130"}],"wp:attachment":[{"href":"https:\/\/acreditare.md\/en\/wp-json\/wp\/v2\/media?parent=1078"}],"curies":[{"name":"wp","href":"https:\/\/api.w.org\/{rel}","templated":true}]}}